{"id":9260,"date":"2021-12-13T08:19:06","date_gmt":"2021-12-13T08:19:06","guid":{"rendered":"https:\/\/clubciclistabandidosteatinos.com\/?page_id=9260"},"modified":"2022-12-06T09:17:10","modified_gmt":"2022-12-06T09:17:10","slug":"calendario-actividades-2022","status":"publish","type":"page","link":"https:\/\/clubciclistabandidosteatinos.com\/en\/calendario-actividades-2022\/","title":{"rendered":"CALENDARIO DE ACTIVIDADES OFICIALES 2022"},"content":{"rendered":"<hr class=\"Linea_Separadora\" \/>\n<p><strong>KIL\u00d3METROS TOTALES:\u00a0 650 kms <\/strong><\/p>\n<hr class=\"Linea_Separadora\" \/>\n<p><strong>Si necesitas saber como se establece el nivel de dificultad de cada ruta (<span style=\"color: #339966;\">Iniciaci\u00f3n<\/span>,<span style=\"color: #ff9900;\"> Intermedio<\/span> \u00f3 <span style=\"color: #ff0000;\">Avanzado<\/span>) y as\u00ed asegurarte que tu nivel es suficiente para participar en cada una de las rutas, pulsa en la imagen inferior.<\/strong><a href=\"https:\/\/clubciclistabandidosteatinos.com\/manual-nivel-de-ruta\/\"><img loading=\"lazy\" decoding=\"async\" class=\"size-full wp-image-7941 aligncenter\" src=\"https:\/\/clubciclistabandidosteatinos.com\/wp-content\/uploads\/2020\/12\/Pulsa_Aqui_5.jpg\" alt=\"\" width=\"132\" height=\"137\" \/><\/a><\/p>\n<hr class=\"Linea_Separadora\" \/>\n<h5 style=\"text-align: center; font-size: 30px;\"><strong>ENERO<\/strong><\/h5>\n<h3><span style=\"color: #008000;\"><strong>Actividad N\u00ba1 (RUTA)\u00a0<\/strong><\/span><\/h3>\n<hr \/>\n<p><strong>Fecha: 23 de Enero a las 10:00 horas<\/strong><\/p>\n<hr \/>\n<p><strong>Nombre: <\/strong>Ruta de los Cubos<\/p>\n<hr \/>\n<p><strong>Disciplina:<\/strong> <span style=\"color: #000000;\"><strong>RUTA BTT<\/strong><\/span><\/p>\n<hr \/>\n<p><strong>Distancia: <\/strong>33kms<\/p>\n<hr \/>\n<p><strong>Nivel: <span style=\"color: #008000;\">Iniciaci\u00f3n<\/span><\/strong><\/p>\n<hr \/>\n<p><strong>Lugar Salida: <\/strong>Plaza<\/p>\n<hr \/>\n<p><strong>Gu\u00eda de ruta: <\/strong>Ra\u00fal<\/p>\n<hr \/>\n<p><strong>Recorrido: <\/strong><span style=\"color: #ff0000;\"><a style=\"color: #ff0000;\" href=\"https:\/\/es.wikiloc.com\/rutas-mountain-bike\/club-ciclista-bandidos-teatinos-ruta-de-los-cubos-21817170\">Ver ruta en wikiloc<\/a><\/span><\/p>\n<hr \/>\n<p><strong>Fotos de la ruta: <\/strong><span style=\"color: #ff0000;\"><a style=\"color: #ff0000;\" href=\"https:\/\/clubciclistabandidosteatinos.com\/ruta-01-2022\/\">Ver fotos<\/a><\/span><\/p>\n<hr \/>\n<p>No eres socio del club, pero quieres acompa\u00f1arnos en esta ruta. S\u00f3lo tienes que rellenar este <span style=\"color: #ff0000;\"><a style=\"color: #ff0000;\" href=\"https:\/\/clubciclistabandidosteatinos.com\/asistencia-rutas-no-socios\/\">formulario<\/a><\/span><\/p>\n<hr \/>\n<p>&nbsp;<\/p>\n<hr class=\"Linea_Separadora\" \/>\n<h5 style=\"text-align: center; font-size: 30px;\"><strong>FEBRERO<\/strong><\/h5>\n<h3><span style=\"color: #008000;\"><strong>Actividad N\u00ba2 (RUTA)<\/strong><\/span><\/h3>\n<hr \/>\n<p><strong>Fecha: 13 de Febrero a las 9:30 horas<\/strong><\/p>\n<hr \/>\n<p><strong>Nombre: <\/strong>Ruta Ermita Virgen de la Cabeza<\/p>\n<hr \/>\n<p><strong>Disciplina:<\/strong> <span style=\"color: #000000;\"><strong>RUTA BTT<\/strong><\/span><\/p>\n<hr \/>\n<p><strong>Distancia: <\/strong>40 kms<\/p>\n<hr \/>\n<p><strong>Nivel: <span style=\"color: #008000;\">Iniciaci\u00f3n<\/span><\/strong><\/p>\n<hr \/>\n<p><strong>Lugar Salida: <\/strong>Plaza<\/p>\n<hr \/>\n<p><strong>Gu\u00eda de ruta: <\/strong>Ra\u00fal<\/p>\n<hr \/>\n<p><strong>Recorrido: <\/strong><span style=\"color: #ff0000;\"><a style=\"color: #ff0000;\" href=\"https:\/\/es.wikiloc.com\/rutas-mountain-bike\/club-ciclista-bandidos-de-teatinos-ruta-02-2022-89995939\">Ver ruta en wikiloc<\/a><\/span><\/p>\n<hr \/>\n<p><strong>Fotos de la ruta: <\/strong><span style=\"color: #ff0000;\"><a style=\"color: #ff0000;\" href=\"https:\/\/clubciclistabandidosteatinos.com\/ruta-02-2022\/\">Ver fotos<\/a><\/span><\/p>\n<hr \/>\n<p>No eres socio del club, pero quieres acompa\u00f1arnos en esta ruta. S\u00f3lo tienes que rellenar este <span style=\"color: #ff0000;\"><a style=\"color: #ff0000;\" href=\"https:\/\/clubciclistabandidosteatinos.com\/asistencia-rutas-no-socios\/\">formulario<\/a><\/span><\/p>\n<hr \/>\n<p>&nbsp;<\/p>\n<hr class=\"Linea_Separadora\" \/>\n<h5 style=\"text-align: center; font-size: 30px;\"><strong>MARZO<\/strong><\/h5>\n<h3><span style=\"color: #008000;\"><strong>Actividad N\u00ba3 (RUTA)<\/strong><\/span><\/h3>\n<hr \/>\n<p><strong>Fecha: 27 de Marzo a las 9:30 horas<\/strong><\/p>\n<hr \/>\n<p><strong>Nombre: <\/strong>Teatinos-Castillo de Rus-Teatinos<\/p>\n<hr \/>\n<p><strong>Disciplina:<\/strong> <span style=\"color: #000000;\"><strong>RUTA BTT<\/strong><\/span><\/p>\n<hr \/>\n<p><strong>Distancia: <\/strong>44\u00a0kms<\/p>\n<hr \/>\n<p><strong>Nivel: <span style=\"color: #ff9900;\">Intermedio<\/span><\/strong><\/p>\n<hr \/>\n<p><strong>Lugar Salida: <\/strong>Plaza<\/p>\n<hr \/>\n<p><strong>Gu\u00eda de ruta: <\/strong>Ra\u00fal<\/p>\n<hr \/>\n<p><strong>Recorrido: <\/strong><span style=\"color: #ff0000;\"><a style=\"color: #ff0000;\" href=\"https:\/\/es.wikiloc.com\/rutas-mountain-bike\/club-ciclista-bandidos-de-teatinos-ruta-castillo-de-rus-46204466\">Ver ruta en wikiloc<\/a><\/span><\/p>\n<hr \/>\n<p><strong>Fotos de la ruta: <\/strong><span style=\"color: #ff0000;\"><a style=\"color: #ff0000;\" href=\"https:\/\/clubciclistabandidosteatinos.com\/ruta-03-2022\/\">Ver fotos<\/a><\/span><\/p>\n<hr \/>\n<p>No eres socio del club, pero quieres acompa\u00f1arnos en esta ruta. S\u00f3lo tienes que rellenar este <span style=\"color: #ff0000;\"><a style=\"color: #ff0000;\" href=\"https:\/\/clubciclistabandidosteatinos.com\/asistencia-rutas-no-socios\/\">formulario<\/a><\/span><\/p>\n<hr \/>\n<p>&nbsp;<\/p>\n<hr class=\"Linea_Separadora\" \/>\n<h5 style=\"text-align: center; font-size: 30px;\"><strong>ABRIL<\/strong><\/h5>\n<h3><span style=\"color: #008000;\"><strong>Actividad N\u00ba4 (RUTA)<\/strong><\/span><\/h3>\n<hr \/>\n<p><strong>Fecha: 3 de Abril a las 9:30 horas<\/strong><\/p>\n<hr \/>\n<p><strong>Nombre: <\/strong>Ruta Sendas de la Moragona<\/p>\n<hr \/>\n<p><strong>Disciplina:<\/strong> <span style=\"color: #000000;\"><strong>RUTA BTT<\/strong><\/span><\/p>\n<hr \/>\n<p><strong>Distancia: <\/strong>42\u00a0kms<\/p>\n<hr \/>\n<p><strong>Nivel: <span style=\"color: #ff9900;\">Intermedio<\/span><\/strong><\/p>\n<hr \/>\n<p><strong>Lugar Salida: <\/strong>Plaza<\/p>\n<hr \/>\n<p><strong>Gu\u00eda de ruta: <\/strong>Ra\u00fal<\/p>\n<hr \/>\n<p><strong>Recorrido: <\/strong><span style=\"color: #ff0000;\"><a style=\"color: #ff0000;\" href=\"https:\/\/es.wikiloc.com\/rutas-mountain-bike\/club-ciclista-bandidos-de-teatinos-sendas-de-la-moragona-40824553\">Ver ruta en wikiloc<\/a><\/span><\/p>\n<hr \/>\n<p><strong>Fotos de la ruta: <\/strong><span style=\"color: #ff0000;\"><a style=\"color: #ff0000;\" href=\"https:\/\/clubciclistabandidosteatinos.com\/ruta-04-2022\/\">Ver fotos<\/a><\/span><\/p>\n<hr \/>\n<p>No eres socio del club, pero quieres acompa\u00f1arnos en esta ruta. S\u00f3lo tienes que rellenar este <span style=\"color: #ff0000;\"><a style=\"color: #ff0000;\" href=\"https:\/\/clubciclistabandidosteatinos.com\/asistencia-rutas-no-socios\/\">formulario<\/a><\/span><\/p>\n<hr \/>\n<p>&nbsp;<\/p>\n<hr class=\"Linea_Separadora\" \/>\n<h5 style=\"text-align: center; font-size: 30px;\"><strong>MAYO<\/strong><\/h5>\n<p>&nbsp;<\/p>\n<h3><span style=\"color: #008000;\"><strong>Actividad N\u00ba5 (RUTA)<\/strong><\/span><\/h3>\n<hr \/>\n<p><strong>Fecha: 8 de Mayo a las 9:00 horas<\/strong><\/p>\n<hr \/>\n<p><strong>Nombre: <\/strong>Teatinos-Castillo de Garcimu\u00f1oz-Teatinos<\/p>\n<hr \/>\n<p><strong>Disciplina:<\/strong> <span style=\"color: #000000;\"><strong>RUTA CARRETERA<\/strong><\/span><\/p>\n<hr \/>\n<p><strong>Distancia: <\/strong>114\u00a0kms<\/p>\n<hr \/>\n<p><strong>Nivel: <span style=\"color: #ff9900;\">Intermedio<\/span><\/strong><\/p>\n<hr \/>\n<p><strong>Velocidad media prevista:<\/strong> De 27km\/h a 30km\/h<\/p>\n<hr \/>\n<p><strong>Lugar Salida: <\/strong>Plaza<\/p>\n<hr \/>\n<p><strong>Gu\u00eda de ruta: <\/strong>Jos\u00e9 Joaqu\u00edn<\/p>\n<hr \/>\n<p><strong>Coche de apoyo: <\/strong>S\u00ed<\/p>\n<hr \/>\n<p><strong>Recorrido: <\/strong><span style=\"color: #ff0000;\"><a style=\"color: #ff0000;\" href=\"https:\/\/es.wikiloc.com\/rutas-ciclismo\/club-ciclista-bandidos-de-teatinos-ruta-05-2022-99116408\">Ver ruta en wikiloc<\/a><\/span><\/p>\n<hr \/>\n<p><strong>Fotos de la ruta: <\/strong><span style=\"color: #ff0000;\"><a style=\"color: #ff0000;\" href=\"https:\/\/clubciclistabandidosteatinos.com\/ruta-05-2022\/\">Ver fotos<\/a><\/span><\/p>\n<hr \/>\n<p><strong>IMPORTANTE: Esta ruta es exclusiva para socios del Club.<\/strong><\/p>\n<hr \/>\n<p>&nbsp;<\/p>\n<hr class=\"Linea_Separadora\" \/>\n<h5 style=\"text-align: center; font-size: 30px;\"><strong>JUNIO<\/strong><\/h5>\n<h3><span style=\"color: #008000;\"><strong>Actividad N\u00ba6 (RUTA)<\/strong><\/span><\/h3>\n<hr \/>\n<p><strong>Fecha: 19 de Junio a las 8:00 horas<\/strong><\/p>\n<hr \/>\n<p><strong>Nombre: <\/strong>Teatinos-Las Torcas-Teatinos<\/p>\n<hr \/>\n<p><strong>Disciplina:<\/strong> <span style=\"color: #000000;\"><strong>RUTA BTT<\/strong><\/span><\/p>\n<hr \/>\n<p><strong>Distancia: <\/strong>53 kms<\/p>\n<hr \/>\n<p><strong>Nivel: <span style=\"color: #ff0000;\">Avanzado<\/span><\/strong><\/p>\n<hr \/>\n<p><strong>Lugar Salida: <\/strong>Plaza<\/p>\n<hr \/>\n<p><strong>Gu\u00eda de ruta: <\/strong>Ra\u00fal<\/p>\n<hr \/>\n<p><strong>Recorrido: <\/strong><span style=\"color: #ff0000;\"><a style=\"color: #ff0000;\" href=\"https:\/\/es.wikiloc.com\/rutas-mountain-bike\/club-ciclista-bandidos-de-teatinos-ruta-06-2022-91513153\">Ver ruta en wikiloc<\/a><\/span><\/p>\n<hr \/>\n<p><strong>Fotos de la ruta: <\/strong><span style=\"color: #ff0000;\"><a style=\"color: #ff0000;\" href=\"https:\/\/clubciclistabandidosteatinos.com\/ruta-06-2022\">Ver fotos<\/a><\/span><\/p>\n<hr \/>\n<p>No eres socio del club, pero quieres acompa\u00f1arnos en esta ruta. S\u00f3lo tienes que rellenar este <span style=\"color: #ff0000;\"><a style=\"color: #ff0000;\" href=\"https:\/\/clubciclistabandidosteatinos.com\/asistencia-rutas-no-socios\/\">formulario<\/a><\/span><\/p>\n<hr \/>\n<p>&nbsp;<\/p>\n<hr class=\"Linea_Separadora\" \/>\n<h5 style=\"text-align: center; font-size: 30px;\"><strong>JULIO<\/strong><\/h5>\n<h3><span style=\"color: #008000;\"><strong>Actividad N\u00ba7 (RUTA)<\/strong><\/span><\/h3>\n<hr \/>\n<p><strong>Fecha: 10 de Julio a las 8:00 horas<\/strong><\/p>\n<hr \/>\n<p><strong>Nombre: <\/strong>Marat\u00f3n Teatinos Epic<\/p>\n<hr \/>\n<p><strong>Disciplina:<\/strong> <span style=\"color: #000000;\"><strong>RUTA BTT\u00a0<\/strong><\/span><\/p>\n<hr \/>\n<p><strong>Distancia: <\/strong>59 kms<\/p>\n<hr \/>\n<p><strong>Nivel: <span style=\"color: #ff0000;\">Avanzado<\/span><\/strong><\/p>\n<hr \/>\n<p><strong>Lugar Salida: <\/strong>Plaza<\/p>\n<hr \/>\n<p><strong>Gu\u00eda de ruta: <\/strong>Ra\u00fal<\/p>\n<hr \/>\n<p><strong>Recorrido: <\/strong><span style=\"color: #ff0000;\"><a style=\"color: #ff0000;\" href=\"https:\/\/es.wikiloc.com\/rutas-mountain-bike\/club-ciclista-bandidos-de-teatinos-ruta-07-2022-105949081\">Ver ruta en wikiloc<\/a><\/span><\/p>\n<hr \/>\n<p><strong>Fotos de la ruta: <\/strong><span style=\"color: #ff0000;\"><a style=\"color: #ff0000;\" href=\"https:\/\/clubciclistabandidosteatinos.com\/ruta-07-2022\/\">Ver fotos<\/a><\/span><\/p>\n<hr \/>\n<p>No eres socio del club, pero quieres acompa\u00f1arnos en esta ruta. S\u00f3lo tienes que rellenar este <span style=\"color: #ff0000;\"><a style=\"color: #ff0000;\" href=\"https:\/\/clubciclistabandidosteatinos.com\/asistencia-rutas-no-socios\/\">formulario<\/a><\/span>.<\/p>\n<hr \/>\n<p>&nbsp;<\/p>\n<h3><span style=\"color: #008000;\"><strong>Actividad N\u00ba8 (RUTA)<\/strong><\/span><\/h3>\n<hr \/>\n<p><strong>Fecha: 29 de Julio a las 21:30 horas<\/strong><\/p>\n<hr \/>\n<p><strong>Nombre: <\/strong>Teatinos-La Moragona-Teatinos<\/p>\n<hr \/>\n<p><strong>Disciplina:<\/strong> <span style=\"color: #000000;\"><strong>RUTA BTT NOC<\/strong><\/span><span style=\"color: #000000;\"><strong>TURNA<\/strong><\/span><\/p>\n<hr \/>\n<p><strong>Distancia: <\/strong>33 kms<\/p>\n<hr \/>\n<p><strong>Nivel: <span style=\"color: #008000;\">Iniciaci\u00f3n<\/span><\/strong><\/p>\n<hr \/>\n<p><strong>Lugar Salida: <\/strong>Plaza<\/p>\n<hr \/>\n<p><strong>Gu\u00eda de ruta: <\/strong>Ra\u00fal<\/p>\n<hr \/>\n<p><strong>Recorrido: <\/strong><span style=\"color: #ff0000;\"><a style=\"color: #ff0000;\" href=\"https:\/\/es.wikiloc.com\/rutas-mountain-bike\/club-ciclista-bandidos-de-teatinos-ruta-08-2022-nocturna-108940358\">Ver ruta en wikiloc<\/a><\/span><\/p>\n<hr \/>\n<p><strong>Fotos de la ruta: <\/strong><span style=\"color: #ff0000;\"><a style=\"color: #ff0000;\" href=\"https:\/\/clubciclistabandidosteatinos.com\/ruta-08-2022\/\">Ver fotos<\/a><\/span><\/p>\n<hr \/>\n<p>No eres socio del club, pero quieres acompa\u00f1arnos en esta ruta. S\u00f3lo tienes que rellenar este <span style=\"color: #ff0000;\"><a style=\"color: #ff0000;\" href=\"https:\/\/clubciclistabandidosteatinos.com\/asistencia-rutas-no-socios\/\">formulario<\/a><\/span><\/p>\n<hr \/>\n<p><strong>IMPORTANTE: Para poder participar en esta ruta, adem\u00e1s de lo indicado en el reglamento de rutas oficiales que puedes ver en el apartado CLUB de esta misma p\u00e1gina web, hay que traer un foco lo suficientemente potente para poder circular de noche con la bici.<\/strong><\/p>\n<hr \/>\n<p>&nbsp;<\/p>\n<hr class=\"Linea_Separadora\" \/>\n<h5 style=\"text-align: center; font-size: 30px;\"><strong>SEPTIEMBRE<\/strong><\/h5>\n<h3><span style=\"color: #008000;\"><strong>Actividad N\u00ba9 (RUTA)<\/strong><\/span><\/h3>\n<hr \/>\n<p><strong>Fecha: 4 de Septiembre a las 9:00 horas<\/strong><\/p>\n<hr \/>\n<p><strong>Nombre: <\/strong>Teatinos-Pantano de Alarc\u00f3n-Teatinos<\/p>\n<hr \/>\n<p><strong>Disciplina:<\/strong> <span style=\"color: #000000;\"><strong>RUTA CARRETERA<\/strong><\/span><\/p>\n<hr \/>\n<p><strong>Distancia: <\/strong>110\u00a0kms<\/p>\n<hr \/>\n<p><strong>Nivel:<span style=\"color: #ff9900;\"> Intermedio<\/span><\/strong><\/p>\n<hr \/>\n<p><strong>Velocidad media prevista:<\/strong> De 27km\/h a 30km\/h<\/p>\n<hr \/>\n<p><strong>Lugar Salida: <\/strong>Plaza<\/p>\n<hr \/>\n<p><strong>Gu\u00eda de ruta: <\/strong>Jos\u00e9 Joaqu\u00edn<\/p>\n<hr \/>\n<p><strong>Coche de apoyo:<\/strong> S\u00ed<\/p>\n<hr \/>\n<p><strong>Recorrido: <\/strong><span style=\"color: #ff0000;\"><a style=\"color: #ff0000;\" href=\"https:\/\/es.wikiloc.com\/rutas-ciclismo\/ruta-el-pantano-motilla-109569882\">Ver ruta en wikiloc<\/a><\/span><\/p>\n<hr \/>\n<p><strong>Fotos de la ruta: <\/strong><span style=\"color: #ff0000;\">No disponible<\/span><\/p>\n<hr \/>\n<p><strong>IMPORTANTE: Esta ruta es exclusiva para socios del Club.<\/strong><\/p>\n<hr \/>\n<p>&nbsp;<\/p>\n<hr class=\"Linea_Separadora\" \/>\n<h5 style=\"text-align: center; font-size: 30px;\"><strong>OCTUBRE<\/strong><\/h5>\n<h3><span style=\"color: #008000;\"><strong>Actividad N\u00ba10 (RUTA)<\/strong><\/span><\/h3>\n<hr \/>\n<p><strong>Fecha: 9 de Octubre a las 9:30 horas<\/strong><\/p>\n<hr \/>\n<p><strong>Nombre: <\/strong>Teatinos-Villar de Cantos-Teatinos<\/p>\n<hr \/>\n<p><strong>Disciplina:<\/strong> <span style=\"color: #000000;\"><strong>RUTA BTT<\/strong><\/span><\/p>\n<hr \/>\n<p><strong>Distancia: <\/strong>41 kms<\/p>\n<hr \/>\n<p><strong>Nivel: <span style=\"color: #008000;\">Iniciaci\u00f3n<\/span><\/strong><\/p>\n<hr \/>\n<p><strong>Lugar Salida: <\/strong>Plaza<\/p>\n<hr \/>\n<p><strong>Gu\u00eda de ruta: <\/strong>Ra\u00fal<\/p>\n<hr \/>\n<p><strong>Recorrido: <\/strong><span style=\"color: #ff0000;\"><a style=\"color: #ff0000;\" href=\"https:\/\/es.wikiloc.com\/rutas-mountain-bike\/club-ciclista-bandidos-de-teatinos-ruta-10-2022-57410684\">Ver ruta en wikiloc<\/a><\/span><\/p>\n<hr \/>\n<p><strong>Fotos de la ruta: <\/strong><span style=\"color: #ff0000;\"><a style=\"color: #ff0000;\" href=\"https:\/\/clubciclistabandidosteatinos.com\/ruta-10-2022\/\">Ver fotos<\/a><\/span><\/p>\n<hr \/>\n<p>No eres socio del club, pero quieres acompa\u00f1arnos en esta ruta. S\u00f3lo tienes que rellenar este <span style=\"color: #ff0000;\"><a style=\"color: #ff0000;\" href=\"https:\/\/clubciclistabandidosteatinos.com\/asistencia-rutas-no-socios\/\">formulario<\/a><\/span><\/p>\n<hr \/>\n<p>&nbsp;<\/p>\n<hr class=\"Linea_Separadora\" \/>\n<h5 style=\"text-align: center; font-size: 30px;\"><strong>NOVIEMBRE<\/strong><\/h5>\n<h3><span style=\"color: #008000;\"><strong>Actividad N\u00ba11 (RUTA)<\/strong><\/span><\/h3>\n<hr \/>\n<p><strong>Fecha: 13 de Noviembre a las 9:30 horas<\/strong><\/p>\n<hr \/>\n<p><strong>Nombre: <\/strong>Teatinos-La Losa-Teatinos<\/p>\n<hr \/>\n<p><strong>Disciplina:<\/strong> <span style=\"color: #000000;\"><strong>RUTA BTT<\/strong><\/span><\/p>\n<hr \/>\n<p><strong>Distancia: <\/strong>44 kms<\/p>\n<hr \/>\n<p><strong>Nivel: <span style=\"color: #008000;\">Iniciaci\u00f3n<\/span><\/strong><\/p>\n<hr \/>\n<p><strong>Lugar Salida: <\/strong>Plaza<\/p>\n<hr \/>\n<p><strong>Gu\u00eda de ruta: <\/strong>Ra\u00fal<\/p>\n<hr \/>\n<p><strong>Recorrido: <\/strong><span style=\"color: #ff0000;\"><a style=\"color: #ff0000;\" href=\"https:\/\/es.wikiloc.com\/rutas-mountain-bike\/club-ciclista-bandidos-de-teatinos-ruta-11-2022-91544616\">Ver ruta en wikiloc<\/a><\/span><\/p>\n<hr \/>\n<p><strong>Fotos de la ruta: <\/strong><span style=\"color: #ff0000;\"><a style=\"color: #ff0000;\" href=\"https:\/\/clubciclistabandidosteatinos.com\/ruta-11-2022\/\">Ver fotos<\/a><\/span><\/p>\n<hr \/>\n<p>No eres socio del club, pero quieres acompa\u00f1arnos en esta ruta. S\u00f3lo tienes que rellenar este <span style=\"color: #ff0000;\"><a style=\"color: #ff0000;\" href=\"https:\/\/clubciclistabandidosteatinos.com\/asistencia-rutas-no-socios\/\">formulario<\/a><\/span><\/p>\n<hr \/>\n<p>&nbsp;<\/p>\n<hr class=\"Linea_Separadora\" \/>\n<h5 style=\"text-align: center; font-size: 30px;\"><strong>DICIEMBRE<\/strong><\/h5>\n<h3><span style=\"color: #008000;\"><strong>Actividad N\u00ba12 (RUTA)<\/strong><\/span><\/h3>\n<hr \/>\n<p><strong>Fecha: 4 de Diciembre a las 9:30 horas<\/strong><\/p>\n<hr \/>\n<p><strong>Nombre: <\/strong>Teatinos-Monte &#8220;El Estado&#8221;- Minaya-Teatinos<\/p>\n<hr \/>\n<p><strong>Disciplina:<\/strong> <span style=\"color: #000000;\"><strong>RUTA BTT<\/strong><\/span><\/p>\n<hr \/>\n<p><strong>Distancia: <\/strong>40\u00a0kms<\/p>\n<hr \/>\n<p><strong>Nivel: <span style=\"color: #008000;\">Iniciaci\u00f3n<\/span><\/strong><\/p>\n<hr \/>\n<p><strong>Lugar Salida: <\/strong>Plaza<\/p>\n<hr \/>\n<p><strong>Gu\u00eda de ruta: <\/strong>Ra\u00fal<\/p>\n<hr \/>\n<p><strong>Recorrido: <\/strong><span style=\"color: #ff0000;\"><a style=\"color: #ff0000;\" href=\"https:\/\/es.wikiloc.com\/rutas-mountain-bike\/club-ciclista-bandidos-de-teatinos-ruta-12-2022-91604386\">Ver ruta en wikiloc<\/a><\/span><\/p>\n<hr \/>\n<p><strong>Fotos de la ruta: <\/strong><span style=\"color: #ff0000;\"><a style=\"color: #ff0000;\" href=\"https:\/\/clubciclistabandidosteatinos.com\/ruta-12-2022\/\">Ver fotos<\/a><\/span><\/p>\n<hr \/>\n<p>No eres socio del club, pero quieres acompa\u00f1arnos en esta ruta. S\u00f3lo tienes que rellenar este <span style=\"color: #ff0000;\"><a style=\"color: #ff0000;\" href=\"https:\/\/clubciclistabandidosteatinos.com\/asistencia-rutas-no-socios\/\">formulario<\/a><\/span><\/p>\n<hr \/>\n<p>&nbsp;<\/p>\n<h3><span style=\"color: #008000;\"><strong>Actividad N\u00ba13 (CENA)<\/strong><\/span><\/h3>\n<hr \/>\n<p><strong>Fecha: 17 de Diciembre a las 20:45 horas<\/strong><\/p>\n<hr \/>\n<p><strong>Nombre:<\/strong> Cena de Navidad<\/p>\n<hr \/>\n<p><strong>Lugar: <\/strong>Bar La Parada<\/p>\n<hr \/>\n<p><strong>Direcci\u00f3n: <\/strong>C\/ Calvario, 30 (Casas de Fernando Alonso)<\/p>\n<hr \/>\n<h5 style=\"text-align: center; font-size: 30px;\"><\/h5>\n","protected":false},"excerpt":{"rendered":"<p>KIL\u00d3METROS TOTALES:\u00a0 650 kms Si necesitas saber como se establece el nivel de dificultad de cada ruta (Iniciaci\u00f3n, Intermedio \u00f3 Avanzado) y as\u00ed asegurarte que tu nivel es suficiente para participar en cada una de las rutas, pulsa en la imagen inferior. ENERO Actividad N\u00ba1 (RUTA)\u00a0 Fecha: 23 de Enero a las 10:00 horas Nombre: [&hellip;]<\/p>\n","protected":false},"author":1,"featured_media":0,"parent":0,"menu_order":0,"comment_status":"closed","ping_status":"closed","template":"","meta":{"footnotes":""},"class_list":["post-9260","page","type-page","status-publish","hentry"],"_links":{"self":[{"href":"https:\/\/clubciclistabandidosteatinos.com\/en\/wp-json\/wp\/v2\/pages\/9260","targetHints":{"allow":["GET"]}}],"collection":[{"href":"https:\/\/clubciclistabandidosteatinos.com\/en\/wp-json\/wp\/v2\/pages"}],"about":[{"href":"https:\/\/clubciclistabandidosteatinos.com\/en\/wp-json\/wp\/v2\/types\/page"}],"author":[{"embeddable":true,"href":"https:\/\/clubciclistabandidosteatinos.com\/en\/wp-json\/wp\/v2\/users\/1"}],"replies":[{"embeddable":true,"href":"https:\/\/clubciclistabandidosteatinos.com\/en\/wp-json\/wp\/v2\/comments?post=9260"}],"version-history":[{"count":50,"href":"https:\/\/clubciclistabandidosteatinos.com\/en\/wp-json\/wp\/v2\/pages\/9260\/revisions"}],"predecessor-version":[{"id":9262,"href":"https:\/\/clubciclistabandidosteatinos.com\/en\/wp-json\/wp\/v2\/pages\/9260\/revisions\/9262"}],"wp:attachment":[{"href":"https:\/\/clubciclistabandidosteatinos.com\/en\/wp-json\/wp\/v2\/media?parent=9260"}],"curies":[{"name":"wp","href":"https:\/\/api.w.org\/{rel}","templated":true}]}}