{"id":9245,"date":"2021-12-11T18:34:59","date_gmt":"2021-12-11T18:34:59","guid":{"rendered":"https:\/\/clubciclistabandidosteatinos.com\/?page_id=9245"},"modified":"2023-12-07T09:27:39","modified_gmt":"2023-12-07T09:27:39","slug":"prioridad_obsequios","status":"publish","type":"page","link":"https:\/\/clubciclistabandidosteatinos.com\/en\/prioridad_obsequios\/","title":{"rendered":"Prioridad Obsequios"},"content":{"rendered":"<p><b>IMPORTANTE:<\/b> Rellena este formulario, solo, si no vas a asistir a la Cena de Navidad del pr\u00f3ximo 16 de Diciembre y tu previsi\u00f3n es estar clasificado entre los 11 primeros de la Liga Interna. Puedes consultar la clasificaci\u00f3n actual en el men\u00fa Liga Interna 2023.<\/p>\n<p>Los obsequios los puedes consultar <span style=\"color: #ff0000;\"><a style=\"color: #ff0000;\" href=\"https:\/\/clubciclistabandidosteatinos.com\/wp-content\/uploads\/2023\/12\/Regalos2023.pdf\">AQUI<\/a><\/span><\/p>\n\n<div class=\"wpcf7 no-js\" id=\"wpcf7-f9244-o1\" lang=\"es-ES\" dir=\"ltr\">\n<div class=\"screen-reader-response\"><p role=\"status\" aria-live=\"polite\" aria-atomic=\"true\"><\/p> <ul><\/ul><\/div>\n<form action=\"\/en\/wp-json\/wp\/v2\/pages\/9245#wpcf7-f9244-o1\" method=\"post\" class=\"wpcf7-form init\" aria-label=\"Formulario de contacto\" novalidate=\"novalidate\" data-status=\"init\">\n<div style=\"display: none;\">\n<input type=\"hidden\" name=\"_wpcf7\" value=\"9244\" \/>\n<input type=\"hidden\" name=\"_wpcf7_version\" value=\"5.8.5\" \/>\n<input type=\"hidden\" name=\"_wpcf7_locale\" value=\"es_ES\" \/>\n<input type=\"hidden\" name=\"_wpcf7_unit_tag\" value=\"wpcf7-f9244-o1\" \/>\n<input type=\"hidden\" name=\"_wpcf7_container_post\" value=\"0\" \/>\n<input type=\"hidden\" name=\"_wpcf7_posted_data_hash\" value=\"\" \/>\n<input type=\"hidden\" name=\"_wpcf7cf_hidden_group_fields\" value=\"[]\" \/>\n<input type=\"hidden\" name=\"_wpcf7cf_hidden_groups\" value=\"[]\" \/>\n<input type=\"hidden\" name=\"_wpcf7cf_visible_groups\" value=\"[]\" \/>\n<input type=\"hidden\" name=\"_wpcf7cf_repeaters\" value=\"[]\" \/>\n<input type=\"hidden\" name=\"_wpcf7cf_steps\" value=\"[]\" \/>\n<input type=\"hidden\" name=\"_wpcf7cf_options\" value=\"{&quot;form_id&quot;:9244,&quot;conditions&quot;:[],&quot;settings&quot;:{&quot;animation&quot;:&quot;yes&quot;,&quot;animation_intime&quot;:200,&quot;animation_outtime&quot;:200,&quot;conditions_ui&quot;:&quot;normal&quot;,&quot;notice_dismissed&quot;:false,&quot;notice_dismissed_update-cf7-5.8.4&quot;:true}}\" \/>\n<input type=\"hidden\" name=\"lang\" value=\"en\" \/>\n<\/div>\n<p><label> Tu nombre <span class=\"wpcf7-form-control-wrap\" data-name=\"Nombre\"><input size=\"40\" class=\"wpcf7-form-control wpcf7-text wpcf7-validates-as-required\" aria-required=\"true\" aria-invalid=\"false\" value=\"\" type=\"text\" name=\"Nombre\" \/><\/span> <\/label>\n<\/p>\n<p><label> Tus apellidos <span class=\"wpcf7-form-control-wrap\" data-name=\"Apellidos\"><input size=\"40\" class=\"wpcf7-form-control wpcf7-text wpcf7-validates-as-required\" aria-required=\"true\" aria-invalid=\"false\" value=\"\" type=\"text\" name=\"Apellidos\" \/><\/span> <\/label>\n<\/p>\n<p><label> Tu correo electr\u00f3nico <span class=\"wpcf7-form-control-wrap\" data-name=\"Email\"><input size=\"40\" class=\"wpcf7-form-control wpcf7-email wpcf7-validates-as-required wpcf7-text wpcf7-validates-as-email\" aria-required=\"true\" aria-invalid=\"false\" value=\"\" type=\"email\" name=\"Email\" \/><\/span> <\/label>\n<\/p>\n<p><b>INDICA TU PRIORIDAD PARA CADA UNO DE LOS OBSEQUIOS<\/b>\n<\/p>\n<p><label> Bomba <span class=\"wpcf7-form-control-wrap\" data-name=\"Bomba\"><select class=\"wpcf7-form-control wpcf7-select\" aria-invalid=\"false\" name=\"Bomba\"><option value=\"\"><\/option><option value=\"1\u00ba\">1\u00ba<\/option><option value=\"2\u00ba\">2\u00ba<\/option><option value=\"3\u00ba\">3\u00ba<\/option><option value=\"4\u00ba\">4\u00ba<\/option><option value=\"5\u00ba\">5\u00ba<\/option><option value=\"6\u00ba\">6\u00ba<\/option><option value=\"7\u00ba\">7\u00ba<\/option><option value=\"8\u00ba\">8\u00ba<\/option><option value=\"9\u00ba\">9\u00ba<\/option><option value=\"10\u00ba\">10\u00ba<\/option><option value=\"11\u00ba\">11\u00ba<\/option><\/select><\/span> <\/label><br \/>\n<label> Pu\u00f1os <span class=\"wpcf7-form-control-wrap\" data-name=\"Punyos\"><select class=\"wpcf7-form-control wpcf7-select\" aria-invalid=\"false\" name=\"Punyos\"><option value=\"\"><\/option><option value=\"1\u00ba\">1\u00ba<\/option><option value=\"2\u00ba\">2\u00ba<\/option><option value=\"3\u00ba\">3\u00ba<\/option><option value=\"4\u00ba\">4\u00ba<\/option><option value=\"5\u00ba\">5\u00ba<\/option><option value=\"6\u00ba\">6\u00ba<\/option><option value=\"7\u00ba\">7\u00ba<\/option><option value=\"8\u00ba\">8\u00ba<\/option><option value=\"9\u00ba\">9\u00ba<\/option><option value=\"10\u00ba\">10\u00ba<\/option><option value=\"11\u00ba\">11\u00ba<\/option><\/select><\/span> <\/label><br \/>\n<label> Inyector <span class=\"wpcf7-form-control-wrap\" data-name=\"Inyector\"><select class=\"wpcf7-form-control wpcf7-select\" aria-invalid=\"false\" name=\"Inyector\"><option value=\"\"><\/option><option value=\"1\u00ba\">1\u00ba<\/option><option value=\"2\u00ba\">2\u00ba<\/option><option value=\"3\u00ba\">3\u00ba<\/option><option value=\"4\u00ba\">4\u00ba<\/option><option value=\"5\u00ba\">5\u00ba<\/option><option value=\"6\u00ba\">6\u00ba<\/option><option value=\"7\u00ba\">7\u00ba<\/option><option value=\"8\u00ba\">8\u00ba<\/option><option value=\"9\u00ba\">9\u00ba<\/option><option value=\"10\u00ba\">10\u00ba<\/option><option value=\"11\u00ba\">11\u00ba<\/option><\/select><\/span> <\/label><br \/>\n<label> Braga del Club <span class=\"wpcf7-form-control-wrap\" data-name=\"BragaClub\"><select class=\"wpcf7-form-control wpcf7-select\" aria-invalid=\"false\" name=\"BragaClub\"><option value=\"\"><\/option><option value=\"1\u00ba\">1\u00ba<\/option><option value=\"2\u00ba\">2\u00ba<\/option><option value=\"3\u00ba\">3\u00ba<\/option><option value=\"4\u00ba\">4\u00ba<\/option><option value=\"5\u00ba\">5\u00ba<\/option><option value=\"6\u00ba\">6\u00ba<\/option><option value=\"7\u00ba\">7\u00ba<\/option><option value=\"8\u00ba\">8\u00ba<\/option><option value=\"9\u00ba\">9\u00ba<\/option><option value=\"10\u00ba\">10\u00ba<\/option><option value=\"11\u00ba\">11\u00ba<\/option><\/select><\/span> <\/label><br \/>\n<label> L\u00edquido tubeless <span class=\"wpcf7-form-control-wrap\" data-name=\"LiquidoTubeless\"><select class=\"wpcf7-form-control wpcf7-select\" aria-invalid=\"false\" name=\"LiquidoTubeless\"><option value=\"\"><\/option><option value=\"1\u00ba\">1\u00ba<\/option><option value=\"2\u00ba\">2\u00ba<\/option><option value=\"3\u00ba\">3\u00ba<\/option><option value=\"4\u00ba\">4\u00ba<\/option><option value=\"5\u00ba\">5\u00ba<\/option><option value=\"6\u00ba\">6\u00ba<\/option><option value=\"7\u00ba\">7\u00ba<\/option><option value=\"8\u00ba\">8\u00ba<\/option><option value=\"9\u00ba\">9\u00ba<\/option><option value=\"10\u00ba\">10\u00ba<\/option><option value=\"11\u00ba\">11\u00ba<\/option><\/select><\/span> <\/label><br \/>\n<label> Bandana1 <span class=\"wpcf7-form-control-wrap\" data-name=\"Bandana1\"><select class=\"wpcf7-form-control wpcf7-select\" aria-invalid=\"false\" name=\"Bandana1\"><option value=\"\"><\/option><option value=\"1\u00ba\">1\u00ba<\/option><option value=\"2\u00ba\">2\u00ba<\/option><option value=\"3\u00ba\">3\u00ba<\/option><option value=\"4\u00ba\">4\u00ba<\/option><option value=\"5\u00ba\">5\u00ba<\/option><option value=\"6\u00ba\">6\u00ba<\/option><option value=\"7\u00ba\">7\u00ba<\/option><option value=\"8\u00ba\">8\u00ba<\/option><option value=\"9\u00ba\">9\u00ba<\/option><option value=\"10\u00ba\">10\u00ba<\/option><option value=\"11\u00ba\">11\u00ba<\/option><\/select><\/span> <\/label><br \/>\n<label> Aceite cadena <span class=\"wpcf7-form-control-wrap\" data-name=\"Aceite\"><select class=\"wpcf7-form-control wpcf7-select\" aria-invalid=\"false\" name=\"Aceite\"><option value=\"\"><\/option><option value=\"1\u00ba\">1\u00ba<\/option><option value=\"2\u00ba\">2\u00ba<\/option><option value=\"3\u00ba\">3\u00ba<\/option><option value=\"4\u00ba\">4\u00ba<\/option><option value=\"5\u00ba\">5\u00ba<\/option><option value=\"6\u00ba\">6\u00ba<\/option><option value=\"7\u00ba\">7\u00ba<\/option><option value=\"8\u00ba\">8\u00ba<\/option><option value=\"9\u00ba\">9\u00ba<\/option><option value=\"10\u00ba\">10\u00ba<\/option><option value=\"11\u00ba\">11\u00ba<\/option><\/select><\/span> <\/label><br \/>\n<label> Manguitos cadena <span class=\"wpcf7-form-control-wrap\" data-name=\"Manguitos\"><select class=\"wpcf7-form-control wpcf7-select\" aria-invalid=\"false\" name=\"Manguitos\"><option value=\"\"><\/option><option value=\"1\u00ba\">1\u00ba<\/option><option value=\"2\u00ba\">2\u00ba<\/option><option value=\"3\u00ba\">3\u00ba<\/option><option value=\"4\u00ba\">4\u00ba<\/option><option value=\"5\u00ba\">5\u00ba<\/option><option value=\"6\u00ba\">6\u00ba<\/option><option value=\"7\u00ba\">7\u00ba<\/option><option value=\"8\u00ba\">8\u00ba<\/option><option value=\"9\u00ba\">9\u00ba<\/option><option value=\"10\u00ba\">10\u00ba<\/option><option value=\"11\u00ba\">11\u00ba<\/option><\/select><\/span> <\/label><br \/>\n<label> Camiseta <span class=\"wpcf7-form-control-wrap\" data-name=\"Camiseta\"><select class=\"wpcf7-form-control wpcf7-select\" aria-invalid=\"false\" name=\"Camiseta\"><option value=\"\"><\/option><option value=\"1\u00ba\">1\u00ba<\/option><option value=\"2\u00ba\">2\u00ba<\/option><option value=\"3\u00ba\">3\u00ba<\/option><option value=\"4\u00ba\">4\u00ba<\/option><option value=\"5\u00ba\">5\u00ba<\/option><option value=\"6\u00ba\">6\u00ba<\/option><option value=\"7\u00ba\">7\u00ba<\/option><option value=\"8\u00ba\">8\u00ba<\/option><option value=\"9\u00ba\">9\u00ba<\/option><option value=\"10\u00ba\">10\u00ba<\/option><option value=\"11\u00ba\">11\u00ba<\/option><\/select><\/span> <\/label><br \/>\n<label> Extractor valvula <span class=\"wpcf7-form-control-wrap\" data-name=\"Extractor\"><select class=\"wpcf7-form-control wpcf7-select\" aria-invalid=\"false\" name=\"Extractor\"><option value=\"\"><\/option><option value=\"1\u00ba\">1\u00ba<\/option><option value=\"2\u00ba\">2\u00ba<\/option><option value=\"3\u00ba\">3\u00ba<\/option><option value=\"4\u00ba\">4\u00ba<\/option><option value=\"5\u00ba\">5\u00ba<\/option><option value=\"6\u00ba\">6\u00ba<\/option><option value=\"7\u00ba\">7\u00ba<\/option><option value=\"8\u00ba\">8\u00ba<\/option><option value=\"9\u00ba\">9\u00ba<\/option><option value=\"10\u00ba\">10\u00ba<\/option><option value=\"11\u00ba\">11\u00ba<\/option><\/select><\/span> <\/label><br \/>\n<label> Bandana2 <span class=\"wpcf7-form-control-wrap\" data-name=\"Bandana2\"><select class=\"wpcf7-form-control wpcf7-select\" aria-invalid=\"false\" name=\"Bandana2\"><option value=\"\"><\/option><option value=\"1\u00ba\">1\u00ba<\/option><option value=\"2\u00ba\">2\u00ba<\/option><option value=\"3\u00ba\">3\u00ba<\/option><option value=\"4\u00ba\">4\u00ba<\/option><option value=\"5\u00ba\">5\u00ba<\/option><option value=\"6\u00ba\">6\u00ba<\/option><option value=\"7\u00ba\">7\u00ba<\/option><option value=\"8\u00ba\">8\u00ba<\/option><option value=\"9\u00ba\">9\u00ba<\/option><option value=\"10\u00ba\">10\u00ba<\/option><option value=\"11\u00ba\">11\u00ba<\/option><\/select><\/span> <\/label>\n<\/p>\n<div class=\"wpcf7-response-output\" aria-hidden=\"true\"><\/div>\n<p><span class=\"wpcf7-form-control-wrap kc_captcha\" data-name=\"kc_captcha\"><span class=\"wpcf7-form-control wpcf7-radio\"><span class=\"captcha-image\" ><span class=\"cf7ic_instructions\">Por favor, prueba que eres humano seleccionando el<span> estrella<\/span>.<\/span><label><input type=\"radio\" name=\"kc_captcha\" value=\"kc_human\" \/><svg width=\"50\" height=\"50\" aria-hidden=\"true\" role=\"img\" xmlns=\"http:\/\/www.w3.org\/2000\/svg\" viewBox=\"0 0 576 512\"><path fill=\"currentColor\" d=\"M259 18l-65 132-146 22c-26 3-37 36-18 54l106 103-25 146c-5 26 23 46 46 33l131-68 131 68c23 13 51-7 46-33l-25-146 106-103c19-18 8-51-18-54l-146-22-65-132a32 32 0 00-58 0z\"\/><\/svg><\/label><label><input type=\"radio\" name=\"kc_captcha\" value=\"bot\" \/><svg width=\"50\" height=\"50\" aria-hidden=\"true\" role=\"img\" xmlns=\"http:\/\/www.w3.org\/2000\/svg\" viewBox=\"0 0 512 512\"><path fill=\"currentColor\" d=\"M500 168h-55l-8-21a127 127 0 00-120-83H195a127 127 0 00-120 83l-8 21H12c-8 0-14 8-11 16l8 24a12 12 0 0011 8h29a64 64 0 00-33 56v48c0 16 6 31 16 42v62c0 13 11 24 24 24h48c13 0 24-11 24-24v-40h256v40c0 13 11 24 24 24h48c13 0 24-11 24-24v-62c10-11 16-26 16-42v-48c0-24-13-45-33-56h29a12 12 0 0011-8l8-24c3-8-3-16-11-16zm-365 2c9-25 33-42 60-42h122c27 0 51 17 60 42l15 38H120l15-38zM88 328a32 32 0 010-64c18 0 48 30 48 48s-30 16-48 16zm336 0c-18 0-48 2-48-16s30-48 48-48 32 14 32 32-14 32-32 32z\"\/><\/svg><\/label><label><input type=\"radio\" name=\"kc_captcha\" value=\"bot\" \/><svg width=\"50\" height=\"50\" aria-hidden=\"true\" role=\"img\" xmlns=\"http:\/\/www.w3.org\/2000\/svg\" viewBox=\"0 0 384 512\"><path fill=\"currentColor\" d=\"M377 375l-83-87h34c21 0 32-25 17-40l-82-88h33c21 0 32-25 18-40L210 8c-10-11-26-11-36 0L70 120c-14 15-3 40 18 40h33l-82 88c-15 15-4 40 17 40h34L7 375c-15 16-4 41 17 41h120c0 33-11 49-34 68-12 9-5 28 10 28h144c15 0 22-19 10-28-20-16-34-32-34-68h120c21 0 32-25 17-41z\"\/><\/svg><\/label>\r\n    <\/span>\r\n    <span style=\"display:none\">\r\n        <input type=\"text\" name=\"kc_honeypot\">\r\n    <\/span><\/span><\/span>\n<\/p>\n<p><input class=\"wpcf7-form-control wpcf7-submit has-spinner\" type=\"submit\" value=\"Enviar\" \/>\n<\/p><p style=\"display: none !important;\" class=\"akismet-fields-container\" data-prefix=\"_wpcf7_ak_\"><label>&#916;<textarea name=\"_wpcf7_ak_hp_textarea\" cols=\"45\" rows=\"8\" maxlength=\"100\"><\/textarea><\/label><input type=\"hidden\" id=\"ak_js_1\" name=\"_wpcf7_ak_js\" value=\"101\"\/><script>document.getElementById( \"ak_js_1\" ).setAttribute( \"value\", ( new Date() ).getTime() );<\/script><\/p>\n<\/form>\n<\/div>\n\n","protected":false},"excerpt":{"rendered":"<p>IMPORTANTE: Rellena este formulario, solo, si no vas a asistir a la Cena de Navidad del pr\u00f3ximo 16 de Diciembre y tu previsi\u00f3n es estar clasificado entre los 11 primeros de la Liga Interna. Puedes consultar la clasificaci\u00f3n actual en el men\u00fa Liga Interna 2023. Los obsequios los puedes consultar AQUI<\/p>\n","protected":false},"author":1,"featured_media":0,"parent":0,"menu_order":0,"comment_status":"closed","ping_status":"closed","template":"","meta":{"footnotes":""},"class_list":["post-9245","page","type-page","status-publish","hentry"],"_links":{"self":[{"href":"https:\/\/clubciclistabandidosteatinos.com\/en\/wp-json\/wp\/v2\/pages\/9245","targetHints":{"allow":["GET"]}}],"collection":[{"href":"https:\/\/clubciclistabandidosteatinos.com\/en\/wp-json\/wp\/v2\/pages"}],"about":[{"href":"https:\/\/clubciclistabandidosteatinos.com\/en\/wp-json\/wp\/v2\/types\/page"}],"author":[{"embeddable":true,"href":"https:\/\/clubciclistabandidosteatinos.com\/en\/wp-json\/wp\/v2\/users\/1"}],"replies":[{"embeddable":true,"href":"https:\/\/clubciclistabandidosteatinos.com\/en\/wp-json\/wp\/v2\/comments?post=9245"}],"version-history":[{"count":12,"href":"https:\/\/clubciclistabandidosteatinos.com\/en\/wp-json\/wp\/v2\/pages\/9245\/revisions"}],"predecessor-version":[{"id":10652,"href":"https:\/\/clubciclistabandidosteatinos.com\/en\/wp-json\/wp\/v2\/pages\/9245\/revisions\/10652"}],"wp:attachment":[{"href":"https:\/\/clubciclistabandidosteatinos.com\/en\/wp-json\/wp\/v2\/media?parent=9245"}],"curies":[{"name":"wp","href":"https:\/\/api.w.org\/{rel}","templated":true}]}}