{"id":91,"date":"2017-11-20T00:00:49","date_gmt":"2017-11-20T00:00:49","guid":{"rendered":"http:\/\/clubciclistabandidosteatinos.com\/?page_id=91"},"modified":"2021-10-22T09:48:49","modified_gmt":"2021-10-22T09:48:49","slug":"reglamento_rutas_oficiales","status":"publish","type":"page","link":"https:\/\/clubciclistabandidosteatinos.com\/en\/reglamento_rutas_oficiales\/","title":{"rendered":"REGLAMENTO RUTAS OFICIALES"},"content":{"rendered":"<p><strong>1.<\/strong> La participaci\u00f3n en las rutas\u00a0organizadas por el Club, lleva impl\u00edcita la declaraci\u00f3n del conocimiento y aceptaci\u00f3n de las normas de este Reglamento.<\/p>\n<p><strong>2.<\/strong> Las rutas, son de car\u00e1cter libre, no competitivas y por lo tanto, solo se trata de un reto personal para cada participante.<\/p>\n<p><strong>\u200b3.<\/strong> PARTICULARIDADES DE LA RUTA. La fecha de celebraci\u00f3n, lugar de concentraci\u00f3n, coste de la misma (en su caso), perfil y caracter\u00edsticas del recorrido y dem\u00e1s detalles espec\u00edficos de cada ruta, se reflejar\u00e1n en cualquiera de los m\u00e9todos de los que dispone el Club para informar.<\/p>\n<p><strong>4.-<\/strong>\u00a0Antes de comenzar la ruta, todo participante deber\u00e1 presentarse al gu\u00eda de ruta e informarle de su intenci\u00f3n de realizar la ruta, y a partir de ese momento ser\u00e1 considerado participante de esa ruta y est\u00e1 en la obligaci\u00f3n de atenerse, en primer lugar al REGLAMENTO GENERAL DE CIRCULACI\u00d3N correspondiente a la Ley de Tr\u00e1fico, Circulaci\u00f3n y Seguridad Vial y en segundo lugar, y principalmente al Reglamento de Rutas Oficiales del Club Ciclista Bandidos de Teatinos. El recorrido de la ruta, no estar\u00e1 cerrado al tr\u00e1fico, por lo tanto, TODOS los participantes est\u00e1n obligados a cumplir las Normas de Circulaci\u00f3n Vial siendo \u00daNICOS responsables de las infracciones que puedan cometer<\/p>\n<p><strong>5.<\/strong> El participante en la ruta, acepta\u00a0y entiende que existe la posibilidad de sufrir un accidente deportivo inherente a la pr\u00e1ctica del Ciclismo, adem\u00e1s el Club no se har\u00e1 responsable de ninguna sanci\u00f3n impuesta a los participantes de la ruta. De igual forma el Club Ciclista Bandidos de Teatinos, su Junta Directiva\u00a0y\/o cualquier persona f\u00edsica o jur\u00eddica vinculada con la organizaci\u00f3n de la ruta queda EXENTO de toda responsabilidad por da\u00f1os personales y materiales derivados de ACCIDENTES en que pudieran verse implicados los participantes de la ruta sean socios \u00f3 no del Club.<\/p>\n<ul>\n<li>Igualmente exime a todos los anteriormente citados de cualquier perjuicio que, por motivos de salud, pudieran derivarse de su participaci\u00f3n en la ruta, asumiendo el riesgo que supone para la salud del participante, el esfuerzo f\u00edsico requerido por la participaci\u00f3n en la ruta, declarando estar en estado de forma f\u00edsica adecuado y no padecer lesi\u00f3n alguna que pueda agravarse como consecuencia de su realizaci\u00f3n, aceptando todos los riesgos y situaciones que puedan derivarse.<\/li>\n<li>Tambi\u00e9n se exime a las personas y organismos anteriormente citados, de cualquier responsabilidad que, por la participaci\u00f3n en la ruta, pudiera derivarse para el propio participante como la p\u00e9rdida o deterioro de objetos personales, por robo, extrav\u00edos u otras circunstancias.<\/li>\n<\/ul>\n<p><strong>6.<\/strong> Sistema de puntuaci\u00f3n de la Liga Interna, exclusivo para socios:<\/p>\n<ul>\n<li>5 puntos por participar en las rutas organizadas por el club.<\/li>\n<li>5 puntos para el socio que proponga el coche de apoyo para las rutas de carretera oficiales del Club. Si el socio que ha propuesto el coche de apoyo tambi\u00e9n asiste a la ruta de carretera s\u00f3lo sumar\u00e1 puntos una vez.<\/li>\n<li>2 puntos por participar en las rutas o carreras organizadas por otros clubes.<\/li>\n<li>8 puntos por colaborar (ya sea directamente \u00f3 presentando a otra persona que les sustituya en la realizaci\u00f3n de las tareas que le correspondan) en la organizaci\u00f3n de la Marcha Ciclista, organizada por nuestro club.<\/li>\n<li>15 puntos por asistir durante el a\u00f1o\u00a0a todas las asambleas convocadas por el club<\/li>\n<li>No se sumar\u00e1n puntos si en la inscripci\u00f3n de la Marcha Ciclista organizado por el Club o en marchas organizadas por otros Clubes no se indica la pertenencia al C.C. Bandidos de Teatinos<\/li>\n<li>Se restar\u00e1n 5 puntos si el socio abandona la ruta sin causa justificada o es expulsado de la misma por comportamiento inadecuado. Si el abandono de la marcha es justificado no se restaran puntos.<\/li>\n<li>La fecha l\u00edmite para poder acumular puntos es el d\u00eda de la comida \u00f3 cena de Navidad (inclusive).<\/li>\n<li>Al final de la temporada se har\u00e1 un recuento y se obtendr\u00e1n los ganadores.<\/li>\n<\/ul>\n<p><strong>\u200b7.<\/strong>\u00a0El Club dispone de un seguro de responsabilidad civil para cubrir los da\u00f1os que involuntariamente pudiera ocasionar un socio del Club Ciclista Bandidos de Teatinos frente a terceros. Este seguro no cubre a participantes en la ruta\u00a0que no sean socios del Club.<\/p>\n<p><strong>8.<\/strong> El Club no dispone de seguro de accidentes por lo que no se hace responsable, en ning\u00fan caso, de los accidentes en los que pudieran ser causante o victima los ciclistas participantes de la ruta. Es responsabilidad de los participantes de la ruta la obtenci\u00f3n de correspondiente seguro de accidentes<\/p>\n<p><strong>9.<\/strong> La Junta Directiva\u00a0se reserva el derecho a modificar las particulares caracter\u00edsticas de la ruta, si por causa justificada o de fuerza mayor fuera necesario.<\/p>\n<p><strong>10.<\/strong> El gu\u00eda de la ruta\u00a0se reserva el derecho de excluir unilateralmente de la ruta, a todo participante que no observe el comportamiento debido, incumpla las normas legales aplicables, as\u00ed como este Reglamento o haga caso omiso a las indicaciones que reciba de parte del Juez de Ruta, cualquier miembro del gu\u00eda de la marcha y\/o Junta Directiva.<\/p>\n<p><strong>11.<\/strong> El uso del casco protector, ser\u00e1 OBLIGATORIO para todos los participantes durante toda la celebraci\u00f3n de la ruta.<\/p>\n<p><strong>12.<\/strong> Queda totalmente prohibido tirar botellas u otros recipientes, as\u00ed como geles y glucosas o cualquier tipo de basura o desperdicios a lo largo del recorrido.<\/p>\n<p><strong>13.<\/strong> Todo participante en la ruta AUTORIZA al Club Ciclista Bandidos de Teatinos para que pueda publicar en la p\u00e1gina web oficial y el resto de redes sociales del club, las fotos y\/o v\u00eddeos suyos que se hagan durante la ruta.\u00a0El Club Ciclista Bandidos de Teatinos se COMPROMETE a hacer un uso responsable de esas fotos y\/o videos.<\/p>\n<p><strong>14.<\/strong> Al ser una ruta para la promoci\u00f3n del ciclismo, no es obligatorio que los participantes est\u00e9n en posesi\u00f3n de la licencia federativa de ciclismo.<\/p>\n<p>&nbsp;<\/p>\n","protected":false},"excerpt":{"rendered":"<p>1. La participaci\u00f3n en las rutas\u00a0organizadas por el Club, lleva impl\u00edcita la declaraci\u00f3n del conocimiento y aceptaci\u00f3n de las normas de este Reglamento. 2. Las rutas, son de car\u00e1cter libre, no competitivas y por lo tanto, solo se trata de un reto personal para cada participante. \u200b3. PARTICULARIDADES DE LA RUTA. La fecha de celebraci\u00f3n, [&hellip;]<\/p>\n","protected":false},"author":1,"featured_media":0,"parent":0,"menu_order":0,"comment_status":"closed","ping_status":"closed","template":"","meta":{"footnotes":""},"class_list":["post-91","page","type-page","status-publish","hentry"],"_links":{"self":[{"href":"https:\/\/clubciclistabandidosteatinos.com\/en\/wp-json\/wp\/v2\/pages\/91","targetHints":{"allow":["GET"]}}],"collection":[{"href":"https:\/\/clubciclistabandidosteatinos.com\/en\/wp-json\/wp\/v2\/pages"}],"about":[{"href":"https:\/\/clubciclistabandidosteatinos.com\/en\/wp-json\/wp\/v2\/types\/page"}],"author":[{"embeddable":true,"href":"https:\/\/clubciclistabandidosteatinos.com\/en\/wp-json\/wp\/v2\/users\/1"}],"replies":[{"embeddable":true,"href":"https:\/\/clubciclistabandidosteatinos.com\/en\/wp-json\/wp\/v2\/comments?post=91"}],"version-history":[{"count":34,"href":"https:\/\/clubciclistabandidosteatinos.com\/en\/wp-json\/wp\/v2\/pages\/91\/revisions"}],"predecessor-version":[{"id":9099,"href":"https:\/\/clubciclistabandidosteatinos.com\/en\/wp-json\/wp\/v2\/pages\/91\/revisions\/9099"}],"wp:attachment":[{"href":"https:\/\/clubciclistabandidosteatinos.com\/en\/wp-json\/wp\/v2\/media?parent=91"}],"curies":[{"name":"wp","href":"https:\/\/api.w.org\/{rel}","templated":true}]}}