{"id":90,"date":"2017-11-20T00:00:49","date_gmt":"2017-11-20T00:00:49","guid":{"rendered":"http:\/\/clubciclistabandidosteatinos.com\/?page_id=90"},"modified":"2026-01-13T15:46:32","modified_gmt":"2026-01-13T15:46:32","slug":"junta-directiva","status":"publish","type":"page","link":"https:\/\/clubciclistabandidosteatinos.com\/en\/junta-directiva\/","title":{"rendered":"JUNTA DIRECTIVA"},"content":{"rendered":"<h4 style=\"text-align: center;\"><strong><span style=\"color: #808080;\">Per\u00edodo 2026-2029<\/span><\/strong><\/h4>\n<hr \/>\n<h1 style=\"text-align: center;\"><strong>Presidente<\/strong><\/h1>\n<h3 class=\"font_6\" style=\"text-align: center;\">Jos\u00e9 Mar\u00eda And\u00fajar Lape\u00f1a<span class=\"color_7\">\u200b<\/span><\/h3>\n<p class=\"font_9\" style=\"text-align: center;\"><span class=\"wixGuard\">\u200b<\/span>En el cargo desde enero de 2026<\/p>\n<p>&nbsp;<\/p>\n<h1 style=\"text-align: center;\"><strong>Vicepresidente<\/strong><\/h1>\n<h3 style=\"text-align: center;\">\u00d3scar Iraola Brox\u200b<\/h3>\n<p style=\"text-align: center;\">\u200bEn el cargo desde enero de 2026<\/p>\n<p>&nbsp;<\/p>\n<h1 class=\"font_6\" style=\"text-align: center;\"><strong>Tesorero<\/strong><\/h1>\n<h3 class=\"font_6\" style=\"text-align: center;\">Jes\u00fas Meneses Romero<span class=\"color_7\">\u200b<\/span><\/h3>\n<p class=\"font_9\" style=\"text-align: center;\"><span class=\"wixGuard\">\u200b<\/span>En el cargo desde enero de 2026<\/p>\n<p>&nbsp;<\/p>\n<h1 class=\"font_6\" style=\"text-align: center;\"><strong>Secretario<\/strong><\/h1>\n<h3 class=\"font_6\" style=\"text-align: center;\">Manuel Gim\u00e9nez Mart\u00ednez<span class=\"color_7\">\u200b<\/span><\/h3>\n<p class=\"font_9\" style=\"text-align: center;\"><span class=\"wixGuard\">\u200b<\/span>En el cargo desde enero de 2026<\/p>\n<p>&nbsp;<\/p>\n<h1 class=\"font_6\" style=\"text-align: center;\"><strong>Vocal<\/strong><\/h1>\n<h3 class=\"font_6\" style=\"text-align: center;\">Jes\u00fas Haro Montero<span class=\"color_7\">\u200b<\/span><\/h3>\n<p class=\"font_9\" style=\"text-align: center;\"><span class=\"wixGuard\">\u200b<\/span>En el cargo desde enero de 2026<\/p>\n<p>&nbsp;<\/p>\n<h1 class=\"font_6\" style=\"text-align: center;\"><strong>Vocal<\/strong><\/h1>\n<h3 class=\"font_6\" style=\"text-align: center;\">Francisco Javier Izquierdo L\u00f3pez<span class=\"color_7\">\u200b<\/span><\/h3>\n<p class=\"font_9\" style=\"text-align: center;\"><span class=\"wixGuard\">\u200b<\/span>En el cargo desde enero de 2026<\/p>\n<p>&nbsp;<\/p>\n<h1 class=\"font_6\" style=\"text-align: center;\"><strong>Vocal<\/strong><\/h1>\n<h3 class=\"font_6\" style=\"text-align: center;\">Diana Haro Montero<span class=\"color_7\">\u200b<\/span><\/h3>\n<p class=\"font_9\" style=\"text-align: center;\"><span class=\"wixGuard\">\u200b<\/span>En el cargo desde enero de 2026<\/p>\n","protected":false},"excerpt":{"rendered":"<p>Per\u00edodo 2026-2029 Presidente Jos\u00e9 Mar\u00eda And\u00fajar Lape\u00f1a\u200b \u200bEn el cargo desde enero de 2026 &nbsp; Vicepresidente \u00d3scar Iraola Brox\u200b \u200bEn el cargo desde enero de 2026 &nbsp; Tesorero Jes\u00fas Meneses Romero\u200b \u200bEn el cargo desde enero de 2026 &nbsp; Secretario Manuel Gim\u00e9nez Mart\u00ednez\u200b \u200bEn el cargo desde enero de 2026 &nbsp; Vocal Jes\u00fas Haro Montero\u200b [&hellip;]<\/p>\n","protected":false},"author":1,"featured_media":0,"parent":0,"menu_order":0,"comment_status":"closed","ping_status":"closed","template":"","meta":{"footnotes":""},"class_list":["post-90","page","type-page","status-publish","hentry"],"_links":{"self":[{"href":"https:\/\/clubciclistabandidosteatinos.com\/en\/wp-json\/wp\/v2\/pages\/90","targetHints":{"allow":["GET"]}}],"collection":[{"href":"https:\/\/clubciclistabandidosteatinos.com\/en\/wp-json\/wp\/v2\/pages"}],"about":[{"href":"https:\/\/clubciclistabandidosteatinos.com\/en\/wp-json\/wp\/v2\/types\/page"}],"author":[{"embeddable":true,"href":"https:\/\/clubciclistabandidosteatinos.com\/en\/wp-json\/wp\/v2\/users\/1"}],"replies":[{"embeddable":true,"href":"https:\/\/clubciclistabandidosteatinos.com\/en\/wp-json\/wp\/v2\/comments?post=90"}],"version-history":[{"count":22,"href":"https:\/\/clubciclistabandidosteatinos.com\/en\/wp-json\/wp\/v2\/pages\/90\/revisions"}],"predecessor-version":[{"id":11556,"href":"https:\/\/clubciclistabandidosteatinos.com\/en\/wp-json\/wp\/v2\/pages\/90\/revisions\/11556"}],"wp:attachment":[{"href":"https:\/\/clubciclistabandidosteatinos.com\/en\/wp-json\/wp\/v2\/media?parent=90"}],"curies":[{"name":"wp","href":"https:\/\/api.w.org\/{rel}","templated":true}]}}