{"id":88,"date":"2017-11-20T00:00:49","date_gmt":"2017-11-20T00:00:49","guid":{"rendered":"http:\/\/clubciclistabandidosteatinos.com\/?page_id=88"},"modified":"2022-01-11T08:48:26","modified_gmt":"2022-01-11T08:48:26","slug":"conoce-el-club","status":"publish","type":"page","link":"https:\/\/clubciclistabandidosteatinos.com\/en\/conoce-el-club\/","title":{"rendered":"CONOCE EL CLUB"},"content":{"rendered":"<h1><strong>Tu Club Ciclista en Casas de Fernando Alonso<\/strong>\u200b<\/h1>\n<p>El Club Ciclista Bandidos de Teatinos es un club deportivo sin \u00e1nimo de lucro, creado por los socios para los socios, donde buscamos compartir los mejores momentos unidos por nuestro deporte. Nuestra filosof\u00eda es <strong>NO SER UN CLUB GRANDE SINO UN GRAN CLUB.<\/strong><\/p>\n<p>\u200bEl Club Ciclista Bandidos de Teatinos ha sido creado en el a\u00f1o 2017 y est\u00e1 inscrito como Club Deportivo en el Registro de Entidades Deportivas de Castilla-La Mancha con el n\u00famero CD0000004439 y N.I.F. G16336729, se basa en la colaboraci\u00f3n de todos los socios para la organizaci\u00f3n de las diferentes actividades. Ninguno de los socios percibimos ingresos por nuestra dedicaci\u00f3n al Club, por lo que todos los beneficios se dedican \u00edntegramente a la organizaci\u00f3n de actividades.<br \/>\n\u200b<\/p>\n<p><center><img loading=\"lazy\" decoding=\"async\" class=\"aligncenter wp-image-1252\" src=\"https:\/\/clubciclistabandidosteatinos.com\/wp-content\/uploads\/2017\/11\/Se\u00f1al_Pueblo.jpg\" alt=\"\" width=\"720\" height=\"477\" srcset=\"https:\/\/clubciclistabandidosteatinos.com\/wp-content\/uploads\/2017\/11\/Se\u00f1al_Pueblo.jpg 630w, https:\/\/clubciclistabandidosteatinos.com\/wp-content\/uploads\/2017\/11\/Se\u00f1al_Pueblo-300x199.jpg 300w\" sizes=\"auto, (max-width: 720px) 100vw, 720px\" \/><\/center>&nbsp;<\/p>\n<p><strong>RUTAS OFICIALES DEL CLUB<\/strong><br \/>\nEl club prepara durante todo el a\u00f1o varias rutas para todos sus socios.<\/p>\n<p>En cada ruta indicamos la distancia, nivel de dificultad y adem\u00e1s ponemos un enlace de la ruta a wikiloc para consultar el trazado, perfil y desnivel.<\/p>\n<ul>\n<li>Puedes ver las rutas de este a\u00f1o en la secci\u00f3n Calendario de Actividades Oficiales de esta misma p\u00e1gina web.\u00a0\u200b<\/li>\n<li>Puedes ver las fotos de cada ruta en la secci\u00f3n Fotos de esta misma p\u00e1gina web. Hay una galer\u00eda de fotos por cada a\u00f1o.<\/li>\n<\/ul>\n<p><center><img loading=\"lazy\" decoding=\"async\" class=\"aligncenter wp-image-4414\" src=\"https:\/\/clubciclistabandidosteatinos.com\/wp-content\/uploads\/2018\/07\/IMG-20180721-WA0001-1024x768.jpg\" alt=\"\" width=\"720\" height=\"540\" srcset=\"https:\/\/clubciclistabandidosteatinos.com\/wp-content\/uploads\/2018\/07\/IMG-20180721-WA0001-1024x768.jpg 1024w, https:\/\/clubciclistabandidosteatinos.com\/wp-content\/uploads\/2018\/07\/IMG-20180721-WA0001-300x225.jpg 300w, https:\/\/clubciclistabandidosteatinos.com\/wp-content\/uploads\/2018\/07\/IMG-20180721-WA0001-768x576.jpg 768w, https:\/\/clubciclistabandidosteatinos.com\/wp-content\/uploads\/2018\/07\/IMG-20180721-WA0001.jpg 1600w\" sizes=\"auto, (max-width: 720px) 100vw, 720px\" \/><\/center><center><\/center><center><\/center><center><\/center><center><img loading=\"lazy\" decoding=\"async\" class=\"aligncenter wp-image-9458\" src=\"https:\/\/clubciclistabandidosteatinos.com\/wp-content\/uploads\/2021\/12\/club-02-300x225.jpg\" alt=\"\" width=\"720\" height=\"540\" srcset=\"https:\/\/clubciclistabandidosteatinos.com\/wp-content\/uploads\/2021\/12\/club-02-300x225.jpg 300w, https:\/\/clubciclistabandidosteatinos.com\/wp-content\/uploads\/2021\/12\/club-02-1024x768.jpg 1024w, https:\/\/clubciclistabandidosteatinos.com\/wp-content\/uploads\/2021\/12\/club-02-768x576.jpg 768w, https:\/\/clubciclistabandidosteatinos.com\/wp-content\/uploads\/2021\/12\/club-02-1536x1152.jpg 1536w, https:\/\/clubciclistabandidosteatinos.com\/wp-content\/uploads\/2021\/12\/club-02.jpg 1600w\" sizes=\"auto, (max-width: 720px) 100vw, 720px\" \/><\/center><center><\/center><center><img loading=\"lazy\" decoding=\"async\" class=\"aligncenter wp-image-9460\" src=\"https:\/\/clubciclistabandidosteatinos.com\/wp-content\/uploads\/2021\/12\/club-04-300x146.jpeg\" alt=\"\" width=\"720\" height=\"350\" srcset=\"https:\/\/clubciclistabandidosteatinos.com\/wp-content\/uploads\/2021\/12\/club-04-300x146.jpeg 300w, https:\/\/clubciclistabandidosteatinos.com\/wp-content\/uploads\/2021\/12\/club-04-1024x498.jpeg 1024w, https:\/\/clubciclistabandidosteatinos.com\/wp-content\/uploads\/2021\/12\/club-04-768x373.jpeg 768w, https:\/\/clubciclistabandidosteatinos.com\/wp-content\/uploads\/2021\/12\/club-04-1536x747.jpeg 1536w, https:\/\/clubciclistabandidosteatinos.com\/wp-content\/uploads\/2021\/12\/club-04.jpeg 2016w\" sizes=\"auto, (max-width: 720px) 100vw, 720px\" \/><\/center><center><\/center><center><\/center><center><\/center><center><img loading=\"lazy\" decoding=\"async\" class=\"aligncenter wp-image-9457\" src=\"https:\/\/clubciclistabandidosteatinos.com\/wp-content\/uploads\/2021\/12\/club-01-300x225.jpg\" alt=\"\" width=\"720\" height=\"540\" srcset=\"https:\/\/clubciclistabandidosteatinos.com\/wp-content\/uploads\/2021\/12\/club-01-300x225.jpg 300w, https:\/\/clubciclistabandidosteatinos.com\/wp-content\/uploads\/2021\/12\/club-01-1024x768.jpg 1024w, https:\/\/clubciclistabandidosteatinos.com\/wp-content\/uploads\/2021\/12\/club-01-768x576.jpg 768w, https:\/\/clubciclistabandidosteatinos.com\/wp-content\/uploads\/2021\/12\/club-01-1536x1152.jpg 1536w, https:\/\/clubciclistabandidosteatinos.com\/wp-content\/uploads\/2021\/12\/club-01-2048x1536.jpg 2048w\" sizes=\"auto, (max-width: 720px) 100vw, 720px\" \/><\/center><\/p>\n<p style=\"text-align: center;\"><img loading=\"lazy\" decoding=\"async\" class=\"aligncenter wp-image-9459\" src=\"https:\/\/clubciclistabandidosteatinos.com\/wp-content\/uploads\/2021\/12\/club-03-300x169.jpg\" alt=\"\" width=\"720\" height=\"407\" srcset=\"https:\/\/clubciclistabandidosteatinos.com\/wp-content\/uploads\/2021\/12\/club-03-300x169.jpg 300w, https:\/\/clubciclistabandidosteatinos.com\/wp-content\/uploads\/2021\/12\/club-03-1024x578.jpg 1024w, https:\/\/clubciclistabandidosteatinos.com\/wp-content\/uploads\/2021\/12\/club-03-768x434.jpg 768w, https:\/\/clubciclistabandidosteatinos.com\/wp-content\/uploads\/2021\/12\/club-03-1536x867.jpg 1536w, https:\/\/clubciclistabandidosteatinos.com\/wp-content\/uploads\/2021\/12\/club-03.jpg 1594w\" sizes=\"auto, (max-width: 720px) 100vw, 720px\" \/><\/p>\n<p>&nbsp;<\/p>\n<p><strong>MARCHAS Y CARRERAS<\/strong><br \/>\nEl Club Ciclista Bandidos de Teatinos participa en carreras\/marchas cicloturistas organizadas en todo el territorio nacional, especialmente en el Circuito MTB de Cuenca y el Circuito BTT de Albacete. Las participaciones m\u00e1s destacadas del Club han sido en la Madrid-Segovia MTB, La Tit\u00e1n de la Mancha, Guadalajara Bike Race, La Gran Fondo de Alcaraz, Cl\u00e1sica Salva Gallardo, Sierra Norte Bike Challenge.<\/p>\n<p><center><img loading=\"lazy\" decoding=\"async\" class=\"aligncenter wp-image-4944\" src=\"https:\/\/clubciclistabandidosteatinos.com\/wp-content\/uploads\/2018\/10\/Ch1-1024x720.jpg\" alt=\"\" width=\"720\" height=\"506\" srcset=\"https:\/\/clubciclistabandidosteatinos.com\/wp-content\/uploads\/2018\/10\/Ch1-1024x720.jpg 1024w, https:\/\/clubciclistabandidosteatinos.com\/wp-content\/uploads\/2018\/10\/Ch1-300x211.jpg 300w, https:\/\/clubciclistabandidosteatinos.com\/wp-content\/uploads\/2018\/10\/Ch1-768x540.jpg 768w, https:\/\/clubciclistabandidosteatinos.com\/wp-content\/uploads\/2018\/10\/Ch1.jpg 1035w\" sizes=\"auto, (max-width: 720px) 100vw, 720px\" \/><\/center><center>\u200b<img loading=\"lazy\" decoding=\"async\" class=\"aligncenter wp-image-9452\" src=\"https:\/\/clubciclistabandidosteatinos.com\/wp-content\/uploads\/2021\/12\/Comp-02-279x300.jpg\" alt=\"\" width=\"720\" height=\"773\" srcset=\"https:\/\/clubciclistabandidosteatinos.com\/wp-content\/uploads\/2021\/12\/Comp-02-279x300.jpg 279w, https:\/\/clubciclistabandidosteatinos.com\/wp-content\/uploads\/2021\/12\/Comp-02.jpg 720w\" sizes=\"auto, (max-width: 720px) 100vw, 720px\" \/><\/center><center><\/center><center><\/center><center><img loading=\"lazy\" decoding=\"async\" class=\"aligncenter wp-image-9451 size-full\" src=\"https:\/\/clubciclistabandidosteatinos.com\/wp-content\/uploads\/2021\/12\/Comp-01.png\" alt=\"\" width=\"720\" height=\"679\" srcset=\"https:\/\/clubciclistabandidosteatinos.com\/wp-content\/uploads\/2021\/12\/Comp-01.png 720w, https:\/\/clubciclistabandidosteatinos.com\/wp-content\/uploads\/2021\/12\/Comp-01-300x283.png 300w\" sizes=\"auto, (max-width: 720px) 100vw, 720px\" \/><\/center><center><\/center><center><\/center><center><img loading=\"lazy\" decoding=\"async\" class=\"aligncenter wp-image-4943\" src=\"https:\/\/clubciclistabandidosteatinos.com\/wp-content\/uploads\/2018\/10\/E2.jpg\" alt=\"\" width=\"720\" height=\"517\" srcset=\"https:\/\/clubciclistabandidosteatinos.com\/wp-content\/uploads\/2018\/10\/E2.jpg 974w, https:\/\/clubciclistabandidosteatinos.com\/wp-content\/uploads\/2018\/10\/E2-300x215.jpg 300w, https:\/\/clubciclistabandidosteatinos.com\/wp-content\/uploads\/2018\/10\/E2-768x551.jpg 768w\" sizes=\"auto, (max-width: 720px) 100vw, 720px\" \/><\/center><center><\/center><center><\/center><center><img loading=\"lazy\" decoding=\"async\" class=\"aligncenter wp-image-9453\" src=\"https:\/\/clubciclistabandidosteatinos.com\/wp-content\/uploads\/2021\/12\/Comp-03-300x225.jpg\" alt=\"\" width=\"720\" height=\"540\" srcset=\"https:\/\/clubciclistabandidosteatinos.com\/wp-content\/uploads\/2021\/12\/Comp-03-300x225.jpg 300w, https:\/\/clubciclistabandidosteatinos.com\/wp-content\/uploads\/2021\/12\/Comp-03.jpg 720w\" sizes=\"auto, (max-width: 720px) 100vw, 720px\" \/><\/center><center><\/center><center><\/center><center><\/center>&nbsp;<\/p>\n<p><strong>\u00bfQUIERES VENIR A PROBAR UNA RUTA?<\/strong><br \/>\n\u200bTe invitamos a venir a probar a una primera ruta. Como no conoces nuestra escala de niveles ni nosotros el tuyo, te recomendamos que empieces siempre por rutas de nivel iniciaci\u00f3n, si se te queda corta, puedes venir otro d\u00eda a probar una ruta de nivel m\u00e1s alto. <strong>Puedes venir a probar a 1 o 2 rutas antes de hacerte socio.<\/strong><\/p>\n<p>En nuestro calendario de rutas oficiales est\u00e1n siempre actualizadas las pr\u00f3ximas rutas que vamos a realizar. Puedes ver las rutas de este a\u00f1o en la secci\u00f3n Calendario de Actividades Oficiales de esta misma p\u00e1gina web.<br \/>\nLlega antes de la hora indicada y pres\u00e9ntate al gu\u00eda de la ruta. Las rutas salen unos 10 min. despu\u00e9s de la hora indicada en el calendario de rutas oficiales.<br \/>\nLleva algo de comida (barritas, fruta, frutos secos\u2026), agua y herramientas b\u00e1sicas, incluyendo una c\u00e1mara de repuesto por si pinchas. El casco es obligatorio. Las gafas y los guantes son tambi\u00e9n muy recomendables.<\/p>\n<p>&nbsp;<\/p>\n<p><strong>HAZTE SOCI@<\/strong><br \/>\n\u200bSi te gusta la bicicleta y quieres juntarte con unos cuantos amigos a dar pedales, ven a nuestro club. El alta de nuevo socio comienza va desde el d\u00eda que te inscribes como socio hasta el 31 de diciembre del mismo a\u00f1o. Por ser socio del Club, podr\u00e1s participar en todas las actividades programadas por el Club, tendr\u00e1s asesoramiento f\u00edsico, t\u00e9cnico y mec\u00e1nico adem\u00e1s de descuentos en tiendas colaboradoras con el Club. Si quieres hacerte socio del Club Ciclista Bandidos de Teatinos, puedes hacerlo desde este enlace <a href=\"http:\/\/clubciclistabandidosteatinos.com\/haztesocio\/\">Hazte soci@<\/a><\/p>\n<p>\u200b<br \/>\nMuchas gracias por visitarnos, te esperamos.<\/p>\n","protected":false},"excerpt":{"rendered":"<p>Tu Club Ciclista en Casas de Fernando Alonso\u200b El Club Ciclista Bandidos de Teatinos es un club deportivo sin \u00e1nimo de lucro, creado por los socios para los socios, donde buscamos compartir los mejores momentos unidos por nuestro deporte. Nuestra filosof\u00eda es NO SER UN CLUB GRANDE SINO UN GRAN CLUB. \u200bEl Club Ciclista Bandidos [&hellip;]<\/p>\n","protected":false},"author":1,"featured_media":0,"parent":0,"menu_order":0,"comment_status":"closed","ping_status":"closed","template":"","meta":{"footnotes":""},"class_list":["post-88","page","type-page","status-publish","hentry"],"_links":{"self":[{"href":"https:\/\/clubciclistabandidosteatinos.com\/en\/wp-json\/wp\/v2\/pages\/88","targetHints":{"allow":["GET"]}}],"collection":[{"href":"https:\/\/clubciclistabandidosteatinos.com\/en\/wp-json\/wp\/v2\/pages"}],"about":[{"href":"https:\/\/clubciclistabandidosteatinos.com\/en\/wp-json\/wp\/v2\/types\/page"}],"author":[{"embeddable":true,"href":"https:\/\/clubciclistabandidosteatinos.com\/en\/wp-json\/wp\/v2\/users\/1"}],"replies":[{"embeddable":true,"href":"https:\/\/clubciclistabandidosteatinos.com\/en\/wp-json\/wp\/v2\/comments?post=88"}],"version-history":[{"count":85,"href":"https:\/\/clubciclistabandidosteatinos.com\/en\/wp-json\/wp\/v2\/pages\/88\/revisions"}],"predecessor-version":[{"id":9520,"href":"https:\/\/clubciclistabandidosteatinos.com\/en\/wp-json\/wp\/v2\/pages\/88\/revisions\/9520"}],"wp:attachment":[{"href":"https:\/\/clubciclistabandidosteatinos.com\/en\/wp-json\/wp\/v2\/media?parent=88"}],"curies":[{"name":"wp","href":"https:\/\/api.w.org\/{rel}","templated":true}]}}