{"id":8367,"date":"2021-01-28T08:37:13","date_gmt":"2021-01-28T08:37:13","guid":{"rendered":"https:\/\/clubciclistabandidosteatinos.com\/?page_id=8367"},"modified":"2021-01-28T08:50:32","modified_gmt":"2021-01-28T08:50:32","slug":"tallas-gobik-attitude","status":"publish","type":"page","link":"https:\/\/clubciclistabandidosteatinos.com\/en\/tallas-gobik-attitude\/","title":{"rendered":"GUIA DE TALLAS MAILLOT ATTITUDE"},"content":{"rendered":"<p>Como complemento de la equipaci\u00f3n de verano, disponemos del maillot Attitude espec\u00edfico para carretera. Es un maillot con corte ultra-fit, queda muy ajustado y ce\u00f1ido al cuerpo.<\/p>\n<p>En la siguiente imagen pod\u00e9is consultar la gu\u00eda de tallas que tiene Gobik para el maillot Attitude.<\/p>\n<p>&nbsp;<\/p>\n<p style=\"text-align: center;\"><strong>MAILLOT ATTITUDE (HOMBRE Y MUJER)<\/strong><\/p>\n<p style=\"text-align: center;\"><img loading=\"lazy\" decoding=\"async\" class=\"aligncenter wp-image-8370 size-full\" src=\"https:\/\/clubciclistabandidosteatinos.com\/wp-content\/uploads\/2021\/01\/Attitude.jpg\" alt=\"\" width=\"719\" height=\"661\" srcset=\"https:\/\/clubciclistabandidosteatinos.com\/wp-content\/uploads\/2021\/01\/Attitude.jpg 719w, https:\/\/clubciclistabandidosteatinos.com\/wp-content\/uploads\/2021\/01\/Attitude-300x276.jpg 300w\" sizes=\"auto, (max-width: 719px) 100vw, 719px\" \/><\/p>\n<p><span style=\"color: #ff0000;\"><a style=\"color: #ff0000;\" href=\"https:\/\/clubciclistabandidosteatinos.com\/equipacion-oficial\/\"><== VOLVER A EQUIPACI\u00d3N OFICIAL<\/a><\/span><\/p>\n","protected":false},"excerpt":{"rendered":"<p>Como complemento de la equipaci\u00f3n de verano, disponemos del maillot Attitude espec\u00edfico para carretera. Es un maillot con corte ultra-fit, queda muy ajustado y ce\u00f1ido al cuerpo. En la siguiente imagen pod\u00e9is consultar la gu\u00eda de tallas que tiene Gobik para el maillot Attitude. &nbsp; MAILLOT ATTITUDE (HOMBRE Y MUJER)<\/p>\n","protected":false},"author":1,"featured_media":0,"parent":0,"menu_order":0,"comment_status":"closed","ping_status":"closed","template":"","meta":{"footnotes":""},"class_list":["post-8367","page","type-page","status-publish","hentry"],"_links":{"self":[{"href":"https:\/\/clubciclistabandidosteatinos.com\/en\/wp-json\/wp\/v2\/pages\/8367","targetHints":{"allow":["GET"]}}],"collection":[{"href":"https:\/\/clubciclistabandidosteatinos.com\/en\/wp-json\/wp\/v2\/pages"}],"about":[{"href":"https:\/\/clubciclistabandidosteatinos.com\/en\/wp-json\/wp\/v2\/types\/page"}],"author":[{"embeddable":true,"href":"https:\/\/clubciclistabandidosteatinos.com\/en\/wp-json\/wp\/v2\/users\/1"}],"replies":[{"embeddable":true,"href":"https:\/\/clubciclistabandidosteatinos.com\/en\/wp-json\/wp\/v2\/comments?post=8367"}],"version-history":[{"count":5,"href":"https:\/\/clubciclistabandidosteatinos.com\/en\/wp-json\/wp\/v2\/pages\/8367\/revisions"}],"predecessor-version":[{"id":8383,"href":"https:\/\/clubciclistabandidosteatinos.com\/en\/wp-json\/wp\/v2\/pages\/8367\/revisions\/8383"}],"wp:attachment":[{"href":"https:\/\/clubciclistabandidosteatinos.com\/en\/wp-json\/wp\/v2\/media?parent=8367"}],"curies":[{"name":"wp","href":"https:\/\/api.w.org\/{rel}","templated":true}]}}