{"id":8363,"date":"2021-01-28T08:34:50","date_gmt":"2021-01-28T08:34:50","guid":{"rendered":"https:\/\/clubciclistabandidosteatinos.com\/?page_id=8363"},"modified":"2021-01-28T08:52:33","modified_gmt":"2021-01-28T08:52:33","slug":"tallas-gobik-skimo","status":"publish","type":"page","link":"https:\/\/clubciclistabandidosteatinos.com\/en\/tallas-gobik-skimo\/","title":{"rendered":"GUIA DE TALLAS CHAQUETA SKIMO PRO"},"content":{"rendered":"<p>Como complemento de la equipaci\u00f3n de invierno, tenemos la chaqueta Skimo Pro.<\/p>\n<p>En la siguiente imagen pod\u00e9is consultar la gu\u00eda de tallas que tiene Gobik para la chaqueta Skimo Pro.<\/p>\n<p>&nbsp;<\/p>\n<p style=\"text-align: center;\"><strong>CHAQUETA SKIMO PRO (HOMBRE Y MUJER)<\/strong><\/p>\n<p style=\"text-align: center;\"><img loading=\"lazy\" decoding=\"async\" class=\"aligncenter wp-image-8364 size-full\" src=\"https:\/\/clubciclistabandidosteatinos.com\/wp-content\/uploads\/2021\/01\/Skimo.jpg\" alt=\"\" width=\"715\" height=\"656\" srcset=\"https:\/\/clubciclistabandidosteatinos.com\/wp-content\/uploads\/2021\/01\/Skimo.jpg 715w, https:\/\/clubciclistabandidosteatinos.com\/wp-content\/uploads\/2021\/01\/Skimo-300x275.jpg 300w\" sizes=\"auto, (max-width: 715px) 100vw, 715px\" \/><\/p>\n<p><a href=\"https:\/\/clubciclistabandidosteatinos.com\/equipacion-oficial\/\"><span style=\"color: #ff0000;\"><== VOLVER A EQUIPACI\u00d3N OFICIAL<\/span><\/a><\/p>\n","protected":false},"excerpt":{"rendered":"<p>Como complemento de la equipaci\u00f3n de invierno, tenemos la chaqueta Skimo Pro. En la siguiente imagen pod\u00e9is consultar la gu\u00eda de tallas que tiene Gobik para la chaqueta Skimo Pro. &nbsp; CHAQUETA SKIMO PRO (HOMBRE Y MUJER)<\/p>\n","protected":false},"author":1,"featured_media":0,"parent":0,"menu_order":0,"comment_status":"closed","ping_status":"closed","template":"","meta":{"footnotes":""},"class_list":["post-8363","page","type-page","status-publish","hentry"],"_links":{"self":[{"href":"https:\/\/clubciclistabandidosteatinos.com\/en\/wp-json\/wp\/v2\/pages\/8363","targetHints":{"allow":["GET"]}}],"collection":[{"href":"https:\/\/clubciclistabandidosteatinos.com\/en\/wp-json\/wp\/v2\/pages"}],"about":[{"href":"https:\/\/clubciclistabandidosteatinos.com\/en\/wp-json\/wp\/v2\/types\/page"}],"author":[{"embeddable":true,"href":"https:\/\/clubciclistabandidosteatinos.com\/en\/wp-json\/wp\/v2\/users\/1"}],"replies":[{"embeddable":true,"href":"https:\/\/clubciclistabandidosteatinos.com\/en\/wp-json\/wp\/v2\/comments?post=8363"}],"version-history":[{"count":4,"href":"https:\/\/clubciclistabandidosteatinos.com\/en\/wp-json\/wp\/v2\/pages\/8363\/revisions"}],"predecessor-version":[{"id":8384,"href":"https:\/\/clubciclistabandidosteatinos.com\/en\/wp-json\/wp\/v2\/pages\/8363\/revisions\/8384"}],"wp:attachment":[{"href":"https:\/\/clubciclistabandidosteatinos.com\/en\/wp-json\/wp\/v2\/media?parent=8363"}],"curies":[{"name":"wp","href":"https:\/\/api.w.org\/{rel}","templated":true}]}}