{"id":8355,"date":"2021-01-28T08:24:40","date_gmt":"2021-01-28T08:24:40","guid":{"rendered":"https:\/\/clubciclistabandidosteatinos.com\/?page_id=8355"},"modified":"2021-01-28T08:50:24","modified_gmt":"2021-01-28T08:50:24","slug":"tallas-gobik-verano","status":"publish","type":"page","link":"https:\/\/clubciclistabandidosteatinos.com\/en\/tallas-gobik-verano\/","title":{"rendered":"GUIA DE TALLAS EQUIPACI\u00d3N DE VERANO"},"content":{"rendered":"<p>Como sab\u00e9is la equipaci\u00f3n de verano consta de 3 prendas:<\/p>\n<ul>\n<li>Maillot de manga corta modelo Rocket<\/li>\n<li>Culote corto Limited con bandana K7<\/li>\n<li>Calcetines<\/li>\n<\/ul>\n<p>En las siguientes im\u00e1genes pod\u00e9is consultar la gu\u00eda de tallas que tiene Gobik para cada una de las prendas de nuestra equipaci\u00f3n de verano.<\/p>\n<p style=\"text-align: center;\"><strong>MAILLOT ROCKET (HOMBRE)<\/strong><\/p>\n<p style=\"text-align: center;\"><img loading=\"lazy\" decoding=\"async\" class=\"aligncenter wp-image-8358 size-full\" src=\"https:\/\/clubciclistabandidosteatinos.com\/wp-content\/uploads\/2021\/01\/Rocket_Hombre.jpg\" alt=\"\" width=\"734\" height=\"654\" srcset=\"https:\/\/clubciclistabandidosteatinos.com\/wp-content\/uploads\/2021\/01\/Rocket_Hombre.jpg 734w, https:\/\/clubciclistabandidosteatinos.com\/wp-content\/uploads\/2021\/01\/Rocket_Hombre-300x267.jpg 300w\" sizes=\"auto, (max-width: 734px) 100vw, 734px\" \/><\/p>\n<p>&nbsp;<\/p>\n<p style=\"text-align: center;\"><strong>MAILLOT ROCKET (MUJER)<\/strong><\/p>\n<p style=\"text-align: center;\"><img loading=\"lazy\" decoding=\"async\" class=\"wp-image-8359 size-full aligncenter\" src=\"https:\/\/clubciclistabandidosteatinos.com\/wp-content\/uploads\/2021\/01\/Rocket_Mujer.jpg\" alt=\"\" width=\"733\" height=\"646\" srcset=\"https:\/\/clubciclistabandidosteatinos.com\/wp-content\/uploads\/2021\/01\/Rocket_Mujer.jpg 733w, https:\/\/clubciclistabandidosteatinos.com\/wp-content\/uploads\/2021\/01\/Rocket_Mujer-300x264.jpg 300w\" sizes=\"auto, (max-width: 733px) 100vw, 733px\" \/><\/p>\n<p>&nbsp;<\/p>\n<p style=\"text-align: center;\"><strong>CULOTE LIMITED (HOMBRE)<\/strong><\/p>\n<p style=\"text-align: center;\"><img loading=\"lazy\" decoding=\"async\" class=\"aligncenter wp-image-8349 size-full\" src=\"https:\/\/clubciclistabandidosteatinos.com\/wp-content\/uploads\/2021\/01\/Limited_Hombre.jpg\" alt=\"\" width=\"759\" height=\"654\" srcset=\"https:\/\/clubciclistabandidosteatinos.com\/wp-content\/uploads\/2021\/01\/Limited_Hombre.jpg 759w, https:\/\/clubciclistabandidosteatinos.com\/wp-content\/uploads\/2021\/01\/Limited_Hombre-300x258.jpg 300w\" sizes=\"auto, (max-width: 759px) 100vw, 759px\" \/><\/p>\n<p>&nbsp;<\/p>\n<p style=\"text-align: center;\"><strong>CULOTE LIMITED (MUJER)<\/strong><\/p>\n<p style=\"text-align: center;\"><img loading=\"lazy\" decoding=\"async\" class=\"aligncenter wp-image-8350 size-full\" src=\"https:\/\/clubciclistabandidosteatinos.com\/wp-content\/uploads\/2021\/01\/Limited_Mujer.jpg\" alt=\"\" width=\"753\" height=\"659\" srcset=\"https:\/\/clubciclistabandidosteatinos.com\/wp-content\/uploads\/2021\/01\/Limited_Mujer.jpg 753w, https:\/\/clubciclistabandidosteatinos.com\/wp-content\/uploads\/2021\/01\/Limited_Mujer-300x263.jpg 300w\" sizes=\"auto, (max-width: 753px) 100vw, 753px\" \/><\/p>\n<p>&nbsp;<\/p>\n<p><a href=\"https:\/\/clubciclistabandidosteatinos.com\/equipacion-oficial\/\"><span style=\"color: #ff0000;\"><== VOLVER A EQUIPACI\u00d3N OFICIAL<\/span><\/a><\/p>\n","protected":false},"excerpt":{"rendered":"<p>Como sab\u00e9is la equipaci\u00f3n de verano consta de 3 prendas: Maillot de manga corta modelo Rocket Culote corto Limited con bandana K7 Calcetines En las siguientes im\u00e1genes pod\u00e9is consultar la gu\u00eda de tallas que tiene Gobik para cada una de las prendas de nuestra equipaci\u00f3n de verano. MAILLOT ROCKET (HOMBRE) &nbsp; MAILLOT ROCKET (MUJER) &nbsp; [&hellip;]<\/p>\n","protected":false},"author":1,"featured_media":0,"parent":0,"menu_order":0,"comment_status":"closed","ping_status":"closed","template":"","meta":{"footnotes":""},"class_list":["post-8355","page","type-page","status-publish","hentry"],"_links":{"self":[{"href":"https:\/\/clubciclistabandidosteatinos.com\/en\/wp-json\/wp\/v2\/pages\/8355","targetHints":{"allow":["GET"]}}],"collection":[{"href":"https:\/\/clubciclistabandidosteatinos.com\/en\/wp-json\/wp\/v2\/pages"}],"about":[{"href":"https:\/\/clubciclistabandidosteatinos.com\/en\/wp-json\/wp\/v2\/types\/page"}],"author":[{"embeddable":true,"href":"https:\/\/clubciclistabandidosteatinos.com\/en\/wp-json\/wp\/v2\/users\/1"}],"replies":[{"embeddable":true,"href":"https:\/\/clubciclistabandidosteatinos.com\/en\/wp-json\/wp\/v2\/comments?post=8355"}],"version-history":[{"count":5,"href":"https:\/\/clubciclistabandidosteatinos.com\/en\/wp-json\/wp\/v2\/pages\/8355\/revisions"}],"predecessor-version":[{"id":8382,"href":"https:\/\/clubciclistabandidosteatinos.com\/en\/wp-json\/wp\/v2\/pages\/8355\/revisions\/8382"}],"wp:attachment":[{"href":"https:\/\/clubciclistabandidosteatinos.com\/en\/wp-json\/wp\/v2\/media?parent=8355"}],"curies":[{"name":"wp","href":"https:\/\/api.w.org\/{rel}","templated":true}]}}