{"id":7616,"date":"2020-12-07T13:37:40","date_gmt":"2020-12-07T13:37:40","guid":{"rendered":"https:\/\/clubciclistabandidosteatinos.com\/?page_id=7616"},"modified":"2021-12-05T14:43:15","modified_gmt":"2021-12-05T14:43:15","slug":"calendario-actividades-2021","status":"publish","type":"page","link":"https:\/\/clubciclistabandidosteatinos.com\/en\/calendario-actividades-2021\/","title":{"rendered":"CALENDARIO DE ACTIVIDADES OFICIALES 2021"},"content":{"rendered":"<hr class=\"Linea_Separadora\" \/>\n<p><strong>KIL\u00d3METROS TOTALES: 724 kms <\/strong><\/p>\n<hr class=\"Linea_Separadora\" \/>\n<p><strong>Si necesitas saber como se establece el nivel de dificultad de cada ruta (<span style=\"color: #339966;\">Iniciaci\u00f3n<\/span>,<span style=\"color: #ff9900;\"> Intermedio<\/span> \u00f3 <span style=\"color: #ff0000;\">Avanzado<\/span>) y as\u00ed asegurarte que tu nivel es suficiente para participar en cada una de las rutas, pulsa en la imagen inferior.<\/strong><a href=\"https:\/\/clubciclistabandidosteatinos.com\/manual-nivel-de-ruta\/\"><img loading=\"lazy\" decoding=\"async\" class=\"size-full wp-image-7941 aligncenter\" src=\"https:\/\/clubciclistabandidosteatinos.com\/wp-content\/uploads\/2020\/12\/Pulsa_Aqui_5.jpg\" alt=\"\" width=\"132\" height=\"137\" \/><\/a><\/p>\n<hr class=\"Linea_Separadora\" \/>\n<h5 style=\"text-align: center; font-size: 30px;\"><strong>ENERO<\/strong><\/h5>\n<h3><span style=\"color: #008000;\"><strong>Actividad N\u00ba1 (RUTA) <\/strong><\/span><span style=\"color: #ff0000;\"><strong>\u2013\u00a0SUSPENDIDA<\/strong><\/span><\/h3>\n<hr \/>\n<p><strong>Fecha: 17 de Enero a las 10:30 horas<\/strong><\/p>\n<hr \/>\n<p><strong>Nombre: <\/strong>Ruta de los Cubos<\/p>\n<hr \/>\n<p><strong>Disciplina:<\/strong> <span style=\"color: #000000;\"><strong>RUTA BTT<\/strong><\/span><\/p>\n<hr \/>\n<p><strong>Distancia: <\/strong>33kms<\/p>\n<hr \/>\n<p><strong>Nivel: <span style=\"color: #008000;\">Iniciaci\u00f3n<\/span><\/strong><\/p>\n<hr \/>\n<p><strong>Lugar Salida: <\/strong>Plaza<\/p>\n<hr \/>\n<p><strong>Gu\u00eda de ruta: <\/strong>Ra\u00fal<\/p>\n<hr \/>\n<p><strong>Recorrido:<\/strong> <span style=\"color: #ff0000;\"><a style=\"color: #ff0000;\" href=\"https:\/\/es.wikiloc.com\/rutas-mountain-bike\/club-ciclista-bandidos-teatinos-ruta-de-los-cubos-21817170\">Ver ruta en wikiloc<\/a><\/span><\/p>\n<hr \/>\n<p>No eres socio del club, pero quieres acompa\u00f1arnos en esta ruta. S\u00f3lo tienes que rellenar este <span style=\"color: #ff0000;\"><a style=\"color: #ff0000;\" href=\"https:\/\/clubciclistabandidosteatinos.com\/asistencia-rutas-no-socios-2021\/\">formulario<\/a><\/span><\/p>\n<hr \/>\n<p>&nbsp;<\/p>\n<hr class=\"Linea_Separadora\" \/>\n<h5 style=\"text-align: center; font-size: 30px;\"><strong>FEBRERO<\/strong><\/h5>\n<h3><span style=\"color: #008000;\"><strong>Actividad N\u00ba2 (RUTA)<\/strong><\/span><\/h3>\n<hr \/>\n<p><strong>Fecha: 28 de Febrero a las 9:30 horas<\/strong><\/p>\n<hr \/>\n<p><strong>Nombre: <\/strong>Ruta Ermita Virgen de la Cabeza<\/p>\n<hr \/>\n<p><strong>Disciplina:<\/strong> <span style=\"color: #000000;\"><strong>RUTA BTT<\/strong><\/span><\/p>\n<hr \/>\n<p><strong>Distancia: <\/strong>37 kms<\/p>\n<hr \/>\n<p><strong>Nivel: <span style=\"color: #008000;\">Iniciaci\u00f3n<\/span><\/strong><\/p>\n<hr \/>\n<p><strong>Lugar Salida: <\/strong>Plaza<\/p>\n<hr \/>\n<p><strong>Gu\u00eda de ruta: <\/strong>Ra\u00fal<\/p>\n<hr \/>\n<p><strong>Recorrido: <\/strong><a href=\"https:\/\/es.wikiloc.com\/rutas-mountain-bike\/club-ciclista-bandidos-de-teatinos-ruta-02-2021-63443038\"><span style=\"color: #ff0000;\">Ver ruta en wikiloc<\/span><\/a><\/p>\n<hr \/>\n<p><strong>Fotos de la ruta:<\/strong> <a href=\"https:\/\/clubciclistabandidosteatinos.com\/ruta-02-2021\/\"><span style=\"color: #ff0000;\">Ver fotos<\/span><\/a><\/p>\n<hr \/>\n<p>No eres socio del club, pero quieres acompa\u00f1arnos en esta ruta. S\u00f3lo tienes que rellenar este <span style=\"color: #ff0000;\"><a style=\"color: #ff0000;\" href=\"https:\/\/clubciclistabandidosteatinos.com\/asistencia-rutas-no-socios-2021\/\">formulario<\/a><\/span><\/p>\n<hr \/>\n<p>&nbsp;<\/p>\n<hr class=\"Linea_Separadora\" \/>\n<h5 style=\"text-align: center; font-size: 30px;\"><strong>MARZO<\/strong><\/h5>\n<h3><span style=\"color: #008000;\"><strong>Actividad N\u00ba3 (RUTA)<\/strong><\/span><\/h3>\n<hr \/>\n<p><strong>Fecha: 14 de Marzo a las 9:30 horas<\/strong><\/p>\n<hr \/>\n<p><strong>Nombre: <\/strong>Teatinos-Castillo de Rus-Teatinos<\/p>\n<hr \/>\n<p><strong>Disciplina:<\/strong> <span style=\"color: #000000;\"><strong>RUTA BTT<\/strong><\/span><\/p>\n<hr \/>\n<p><strong>Distancia: <\/strong>44\u00a0kms<\/p>\n<hr \/>\n<p><strong>Nivel: <span style=\"color: #ff9900;\">Intermedio<\/span><\/strong><\/p>\n<hr \/>\n<p><strong>Lugar Salida: <\/strong>Plaza<\/p>\n<hr \/>\n<p><strong>Gu\u00eda de ruta: <\/strong>Ra\u00fal<\/p>\n<hr \/>\n<p><strong>Recorrido: <\/strong><a href=\"https:\/\/es.wikiloc.com\/rutas-mountain-bike\/club-ciclista-bandidos-de-teatinos-ruta-castillo-de-rus-46204466\"><span style=\"color: #ff0000;\">Ver ruta en wikiloc<\/span><\/a><\/p>\n<hr \/>\n<p><strong>Fotos de la ruta:<\/strong> <a href=\"https:\/\/clubciclistabandidosteatinos.com\/ruta-03-2021\/\"><span style=\"color: #ff0000;\">Ver fotos<\/span><\/a><\/p>\n<hr \/>\n<p>No eres socio del club, pero quieres acompa\u00f1arnos en esta ruta. S\u00f3lo tienes que rellenar este <span style=\"color: #ff0000;\"><a style=\"color: #ff0000;\" href=\"https:\/\/clubciclistabandidosteatinos.com\/asistencia-rutas-no-socios-2021\/\">formulario<\/a><\/span><\/p>\n<hr \/>\n<p>&nbsp;<\/p>\n<hr class=\"Linea_Separadora\" \/>\n<h5 style=\"text-align: center; font-size: 30px;\"><strong>ABRIL<\/strong><\/h5>\n<h3><span style=\"color: #008000;\"><strong>Actividad N\u00ba4 (RUTA)<\/strong><\/span><\/h3>\n<hr \/>\n<p><strong>Fecha: 2 de Abril a las 9:30 horas<\/strong><\/p>\n<hr \/>\n<p><strong>Nombre: <\/strong>Ruta mejorar t\u00e9cnica<\/p>\n<hr \/>\n<p><strong>Disciplina:<\/strong> <span style=\"color: #000000;\"><strong>RUTA BTT<\/strong><\/span><\/p>\n<hr \/>\n<p><strong>Distancia: <\/strong>25 kms<\/p>\n<hr \/>\n<p><strong>Nivel: <span style=\"color: #008000;\">Iniciaci\u00f3n<\/span><\/strong><\/p>\n<hr \/>\n<p><strong>Lugar Salida: <\/strong>Plaza<\/p>\n<hr \/>\n<p><strong>Gu\u00eda de ruta: <\/strong>Ra\u00fal<\/p>\n<hr \/>\n<p><strong>Recorrido: <\/strong><a href=\"https:\/\/es.wikiloc.com\/rutas-mountain-bike\/ruta-ganar-tecnica-65850791\"><span style=\"color: #ff0000;\">Ver ruta en wikiloc<\/span><\/a><\/p>\n<hr \/>\n<p><strong>Fotos de la ruta:<\/strong> <a href=\"https:\/\/clubciclistabandidosteatinos.com\/ruta-04-2021\/\"><span style=\"color: #ff0000;\">Ver fotos<\/span><\/a><\/p>\n<hr \/>\n<p><strong>IMPORTANTE: Esta ruta es exclusiva para socios del Club.\u00a0 <\/strong><strong>Antes de comenzar la ruta haremos un circuito para mejorar la habilidad encima de la bici.<\/strong><\/p>\n<hr \/>\n<p>&nbsp;<\/p>\n<hr class=\"Linea_Separadora\" \/>\n<h5 style=\"text-align: center; font-size: 30px;\"><strong>MAYO<\/strong><\/h5>\n<h3><span style=\"color: #008000;\"><strong>Actividad N\u00ba5 (RUTA) <span style=\"color: #ff0000;\">&#8211; MODIFICADA<\/span><\/strong><\/span><\/h3>\n<hr \/>\n<p><span style=\"color: #ff6600;\"><strong>NOTA IMPORTANTE<\/strong>: <strong>Las sendas de la Rambla de la Hoz se encuentran cortadas con ramas y pinos debido al temporal de nieve de hace unos meses. Por ese motivo se modifica la ruta original y en el nuevo recorrido nos desplazaremos a la Ermita de T\u00e9bar.<\/strong><\/span><\/p>\n<hr \/>\n<p><strong>Fecha: 9 de Mayo a las 9:00 horas<\/strong><\/p>\n<hr \/>\n<p><strong>Nombre: <\/strong><del>Teatinos-Rambla de la Hoz-Teatinos<\/del> Teatinos-Ermita de T\u00e9bar-Teatinos<\/p>\n<hr \/>\n<p><strong>Disciplina:<\/strong> <span style=\"color: #000000;\"><strong>RUTA BTT<\/strong><\/span><\/p>\n<hr \/>\n<p><strong>Distancia: <\/strong>61 kms<\/p>\n<hr \/>\n<p><strong>Nivel: <del><span style=\"color: #ff0000;\">Avanzado<\/span><\/del> <span style=\"color: #ff9900;\">Intermedio<\/span><\/strong><\/p>\n<hr \/>\n<p><strong>Lugar Salida: <\/strong>Plaza<\/p>\n<hr \/>\n<p><strong>Gu\u00eda de ruta: <\/strong>Ra\u00fal<\/p>\n<hr \/>\n<p><strong>Recorrido: <\/strong><a href=\"https:\/\/es.wikiloc.com\/rutas-mountain-bike\/club-ciclista-bandidos-de-teatinos-ruta-05-2021-68615893\"><span style=\"color: #ff0000;\">Ver ruta en wikiloc<\/span><\/a><\/p>\n<hr \/>\n<p><strong>Fotos de la ruta:<\/strong> <a href=\"https:\/\/clubciclistabandidosteatinos.com\/ruta-05-2021\/\"><span style=\"color: #ff0000;\">Ver fotos<\/span><\/a><\/p>\n<hr \/>\n<p>No eres socio del club, pero quieres acompa\u00f1arnos en esta ruta. S\u00f3lo tienes que rellenar este <span style=\"color: #ff0000;\"><a style=\"color: #ff0000;\" href=\"https:\/\/clubciclistabandidosteatinos.com\/asistencia-rutas-no-socios-2021\/\">formulario<\/a><\/span><\/p>\n<hr \/>\n<p>&nbsp;<\/p>\n<h3><span style=\"color: #008000;\"><strong>Actividad N\u00ba6 (RUTA)<\/strong><\/span><\/h3>\n<hr \/>\n<p><strong>Fecha: 16 de Mayo a las 9:00 horas<\/strong><\/p>\n<hr \/>\n<p><strong>Nombre: <\/strong>Teatinos-Villarrobledo-Teatinos<\/p>\n<hr \/>\n<p><strong>Disciplina:<\/strong> <span style=\"color: #000000;\"><strong>RUTA CARRETERA<\/strong><\/span><\/p>\n<hr \/>\n<p><strong>Distancia: <\/strong>\u00a079 kms<\/p>\n<hr \/>\n<p><strong>Nivel: <span style=\"color: #ff9900;\">Intermedio<\/span><\/strong><\/p>\n<hr \/>\n<p><strong>Velocidad media prevista:<\/strong> De 27km\/h a 30km\/h<\/p>\n<hr \/>\n<p><strong>Lugar Salida: <\/strong>Plaza<\/p>\n<hr \/>\n<p><strong>Gu\u00eda de ruta: <\/strong>Ra\u00fal<\/p>\n<hr \/>\n<p><strong>Coche de apoyo: <\/strong>S\u00ed<\/p>\n<hr \/>\n<p><strong>Recorrido: <\/strong><a href=\"https:\/\/es.wikiloc.com\/rutas-mountain-bike\/teatinos-villarrobledo-teatinos-62388847\"><span style=\"color: #ff0000;\">Ver ruta en wikiloc<\/span><\/a><\/p>\n<hr \/>\n<p><strong>Fotos de la ruta:<\/strong> <a href=\"https:\/\/clubciclistabandidosteatinos.com\/ruta-06-2021\/\"><span style=\"color: #ff0000;\">Ver fotos<\/span><\/a><\/p>\n<hr \/>\n<p><strong>IMPORTANTE: Esta ruta es exclusiva para socios del Club.<\/strong><\/p>\n<hr \/>\n<p>&nbsp;<\/p>\n<hr class=\"Linea_Separadora\" \/>\n<h5 style=\"text-align: center; font-size: 30px;\"><strong>JUNIO<\/strong><\/h5>\n<h3><span style=\"color: #008000;\"><strong>Actividad N\u00ba7 (RUTA)<\/strong><\/span><\/h3>\n<hr \/>\n<p><strong>Fecha: 13 de Junio a las 8:30 horas<\/strong><\/p>\n<hr \/>\n<p><strong>Nombre: <\/strong>Ruta Sendas de la Moragona<\/p>\n<hr \/>\n<p><strong>Disciplina:<\/strong> <span style=\"color: #000000;\"><strong>RUTA BTT<\/strong><\/span><\/p>\n<hr \/>\n<p><strong>Distancia: <\/strong>42\u00a0kms<\/p>\n<hr \/>\n<p><strong>Nivel: <span style=\"color: #ff9900;\">Intermedio<\/span><\/strong><\/p>\n<hr \/>\n<p><strong>Lugar Salida: <\/strong>Plaza<\/p>\n<hr \/>\n<p><strong>Gu\u00eda de ruta: <\/strong>Ra\u00fal<\/p>\n<hr \/>\n<p><strong>Recorrido: <\/strong><a href=\"https:\/\/es.wikiloc.com\/rutas-ciclismo\/club-ciclista-bandidos-de-teatinos-sendas-de-la-moragona-40824553\"><span style=\"color: #ff0000;\">Ver ruta en wikiloc<\/span><\/a><\/p>\n<hr \/>\n<p><strong>Fotos de la ruta: <\/strong><a href=\"https:\/\/clubciclistabandidosteatinos.com\/ruta-07-2021\/\"><span style=\"color: #ff0000;\">Ver fotos<\/span><\/a><\/p>\n<hr \/>\n<p>No eres socio del club, pero quieres acompa\u00f1arnos en esta ruta. S\u00f3lo tienes que rellenar este <span style=\"color: #ff0000;\"><a style=\"color: #ff0000;\" href=\"https:\/\/clubciclistabandidosteatinos.com\/asistencia-rutas-no-socios-2021\/\">formulario<\/a><\/span><\/p>\n<hr \/>\n<p>&nbsp;<\/p>\n<hr class=\"Linea_Separadora\" \/>\n<h5 style=\"text-align: center; font-size: 30px;\"><strong>JULIO<\/strong><\/h5>\n<h3><span style=\"color: #008000;\"><strong>Actividad N\u00ba8 (RUTA)<\/strong><\/span><\/h3>\n<hr \/>\n<p><strong>Fecha: 11 de Julio a las 7:30 horas<\/strong><\/p>\n<hr \/>\n<p><strong>Nombre: <\/strong>Teatinos-Las Torcas-La Muela-Teatinos (CRI)<\/p>\n<hr \/>\n<p><strong>Disciplina:<\/strong> <span style=\"color: #000000;\"><strong>RUTA BTT\u00a0<\/strong><\/span><\/p>\n<hr \/>\n<p><strong>Distancia: <\/strong>62 kms<\/p>\n<hr \/>\n<p><strong>Nivel: <span style=\"color: #ff0000;\">Avanzado<\/span><\/strong><\/p>\n<hr \/>\n<p><strong>Lugar Salida: <\/strong>Plaza<\/p>\n<hr \/>\n<p><strong>Gu\u00eda de ruta: <\/strong>Ra\u00fal<\/p>\n<hr \/>\n<p><strong>Recorrido: <\/strong><a href=\"https:\/\/es.wikiloc.com\/rutas-mountain-bike\/club-ciclista-bandidos-de-teatinos-ruta-08-2021-cri-63029112\"><span style=\"color: #ff0000;\">Ver ruta en wikiloc<\/span><\/a><\/p>\n<hr \/>\n<p><strong>Fotos de la ruta:<\/strong> <a href=\"https:\/\/clubciclistabandidosteatinos.com\/ruta-08-2021\/\"><span style=\"color: #ff0000;\">Ver fotos<\/span><\/a><\/p>\n<hr \/>\n<p><strong>IMPORTANTE: Esta ruta es exclusiva para socios del Club.\u00a0<\/strong><strong>Durante esta ruta habr\u00e1 un tramo de contrarreloj con salida individual.<\/strong><\/p>\n<hr \/>\n<p>&nbsp;<\/p>\n<h3><span style=\"color: #008000;\"><strong>Actividad N\u00ba9 (RUTA)<\/strong><\/span><\/h3>\n<hr \/>\n<p><strong>Fecha: 30 de Julio a las 21:30 horas<\/strong><\/p>\n<hr \/>\n<p><strong>Nombre: <\/strong>Teatinos-Simarro-Los Pinos-Teatinos<\/p>\n<hr \/>\n<p><strong>Disciplina:<\/strong> <span style=\"color: #000000;\"><strong>RUTA BTT NOC<\/strong><\/span><span style=\"color: #000000;\"><strong>TURNA<\/strong><\/span><\/p>\n<hr \/>\n<p><strong>Distancia: <\/strong>34 kms<\/p>\n<hr \/>\n<p><strong>Nivel: <span style=\"color: #008000;\">Iniciaci\u00f3n<\/span><\/strong><\/p>\n<hr \/>\n<p><strong>Lugar Salida: <\/strong>Plaza<\/p>\n<hr \/>\n<p><strong>Gu\u00eda de ruta: <\/strong>Ra\u00fal<\/p>\n<hr \/>\n<p><strong>Recorrido: <\/strong><a href=\"https:\/\/es.wikiloc.com\/rutas-mountain-bike\/club-ciclista-bandidos-de-teatinos-ruta-09-2021-nocturna-62394306\"><span style=\"color: #ff0000;\">Ver ruta en wikiloc<\/span><\/a><\/p>\n<hr \/>\n<p><strong>Fotos de la ruta:<\/strong> <a href=\"https:\/\/clubciclistabandidosteatinos.com\/ruta-09-2021\/\"><span style=\"color: #ff0000;\">Ver fotos<\/span><\/a><\/p>\n<hr \/>\n<p>No eres socio del club, pero quieres acompa\u00f1arnos en esta ruta. S\u00f3lo tienes que rellenar este <span style=\"color: #ff0000;\"><a style=\"color: #ff0000;\" href=\"https:\/\/clubciclistabandidosteatinos.com\/asistencia-rutas-no-socios-2021\/\">formulario<\/a><\/span><\/p>\n<hr \/>\n<p><strong>IMPORTANTE: Para poder participar en esta ruta, adem\u00e1s de lo indicado en el reglamento de rutas oficiales que puedes ver en el apartado CLUB de esta misma p\u00e1gina web, hay que traer un foco lo suficientemente potente para poder circular de noche con la bici.<\/strong><\/p>\n<hr \/>\n<p>&nbsp;<\/p>\n<hr class=\"Linea_Separadora\" \/>\n<h5 style=\"text-align: center; font-size: 30px;\"><strong>SEPTIEMBRE<\/strong><\/h5>\n<h3><span style=\"color: #008000;\"><strong>Actividad N\u00ba10 (RUTA)<\/strong><\/span><\/h3>\n<hr \/>\n<p><strong>Fecha: 5 de Septiembre a las 8:00 horas<\/strong><\/p>\n<hr \/>\n<p><strong>Nombre: <\/strong>Teatinos-Sendas Casas de Ben\u00edtez-Teatinos<\/p>\n<hr \/>\n<p><strong>Disciplina:<\/strong> <span style=\"color: #000000;\"><strong>RUTA BTT<\/strong><\/span><\/p>\n<hr \/>\n<p><strong>Distancia: <\/strong>68 kms<\/p>\n<hr \/>\n<p><strong>Nivel: <span style=\"color: #ff0000;\">Avanzado<\/span><\/strong><\/p>\n<hr \/>\n<p><strong>Lugar Salida: <\/strong>Plaza<\/p>\n<hr \/>\n<p><strong>Gu\u00eda de ruta: <\/strong>Ra\u00fal<\/p>\n<hr \/>\n<p><strong>Recorrido: <\/strong><a href=\"https:\/\/es.wikiloc.com\/rutas-mountain-bike\/club-ciclista-bandidos-de-teatinos-ruta-10-2021-76345353\"><span style=\"color: #ff0000;\">Ver ruta en wikiloc<\/span><\/a><\/p>\n<hr \/>\n<p><strong>Fotos de la ruta: <\/strong><a href=\"https:\/\/clubciclistabandidosteatinos.com\/ruta-10-2021\/\"><span style=\"color: #ff0000;\">Ver fotos<\/span><\/a><\/p>\n<hr \/>\n<p>No eres socio del club, pero quieres acompa\u00f1arnos en esta ruta. S\u00f3lo tienes que rellenar este <span style=\"color: #ff0000;\"><a style=\"color: #ff0000;\" href=\"https:\/\/clubciclistabandidosteatinos.com\/asistencia-rutas-no-socios-2021\/\">formulario<\/a><\/span><\/p>\n<hr \/>\n<p>&nbsp;<\/p>\n<h3><span style=\"color: #008000;\"><strong>Actividad N\u00ba11 (RUTA)<\/strong><\/span><\/h3>\n<hr \/>\n<p><strong>Fecha: 26 de Septiembre a las 9:00 horas<\/strong><\/p>\n<hr \/>\n<p><strong>Nombre: <\/strong>Teatinos-Pantano de Alarc\u00f3n-Teatinos<\/p>\n<hr \/>\n<p><strong>Disciplina:<\/strong> <span style=\"color: #000000;\"><strong>RUTA CARRETERA<\/strong><\/span><\/p>\n<hr \/>\n<p><strong>Distancia: <\/strong>90 kms<\/p>\n<hr \/>\n<p><strong>Nivel:<span style=\"color: #ff9900;\"> Intermedio<\/span><\/strong><\/p>\n<hr \/>\n<p><strong>Velocidad media prevista:<\/strong> De 27km\/h a 30km\/h<\/p>\n<hr \/>\n<p><strong>Lugar Salida: <\/strong>Plaza<\/p>\n<hr \/>\n<p><strong>Gu\u00eda de ruta: <\/strong>Ra\u00fal<\/p>\n<hr \/>\n<p><strong>Coche de apoyo:<\/strong> S\u00ed<\/p>\n<hr \/>\n<p><strong>Recorrido: <\/strong><a href=\"https:\/\/es.wikiloc.com\/rutas-ciclismo\/club-ciclista-bandidos-de-teatinos-ruta-11-2021-62394445\"><span style=\"color: #ff0000;\">Ver ruta en wikiloc<\/span><\/a><\/p>\n<hr \/>\n<p><strong>Fotos de la ruta:<\/strong> <a href=\"https:\/\/clubciclistabandidosteatinos.com\/ruta-11-2021\/\"><span style=\"color: #ff0000;\">Ver fotos<\/span><\/a><\/p>\n<hr \/>\n<p><strong>IMPORTANTE: Esta ruta es exclusiva para socios del Club.<\/strong><\/p>\n<hr \/>\n<p>&nbsp;<\/p>\n<hr class=\"Linea_Separadora\" \/>\n<h5 style=\"text-align: center; font-size: 30px;\"><strong>OCTUBRE<\/strong><\/h5>\n<h3><span style=\"color: #008000;\"><strong>Actividad N\u00ba12 (RUTA)<\/strong><\/span><\/h3>\n<hr \/>\n<p><strong>Fecha: 10 de Octubre a las 9:30 horas<\/strong><\/p>\n<hr \/>\n<p><strong>Nombre: <\/strong>Teatinos-Pozoamargo-Sisante-Teatinos<\/p>\n<hr \/>\n<p><strong>Disciplina:<\/strong> <span style=\"color: #000000;\"><strong>RUTA BTT<\/strong><\/span><\/p>\n<hr \/>\n<p><strong>Distancia: <\/strong>42 kms<\/p>\n<hr \/>\n<p><strong>Nivel: <span style=\"color: #008000;\">Iniciaci\u00f3n<\/span><\/strong><\/p>\n<hr \/>\n<p><strong>Lugar Salida: <\/strong>Plaza<\/p>\n<hr \/>\n<p><strong>Gu\u00eda de ruta: <\/strong>Ra\u00fal<\/p>\n<hr \/>\n<p><strong>Recorrido: <\/strong><a href=\"https:\/\/es.wikiloc.com\/rutas-mountain-bike\/club-ciclista-bandidos-de-teatinos-ruta-12-2021-62394639\"><span style=\"color: #ff0000;\">Ver ruta en wikiloc<\/span><\/a><\/p>\n<hr \/>\n<p><strong>Fotos de la ruta:<\/strong> <a href=\"https:\/\/clubciclistabandidosteatinos.com\/ruta-12-2021\/\"><span style=\"color: #ff0000;\">Ver fotos<\/span><\/a><\/p>\n<hr \/>\n<p>No eres socio del club, pero quieres acompa\u00f1arnos en esta ruta. S\u00f3lo tienes que rellenar este <span style=\"color: #ff0000;\"><a style=\"color: #ff0000;\" href=\"https:\/\/clubciclistabandidosteatinos.com\/asistencia-rutas-no-socios-2021\/\">formulario<\/a><\/span><\/p>\n<hr \/>\n<p>&nbsp;<\/p>\n<hr class=\"Linea_Separadora\" \/>\n<h5 style=\"text-align: center; font-size: 30px;\"><strong>NOVIEMBRE<\/strong><\/h5>\n<h3><span style=\"color: #008000;\"><strong>Actividad N\u00ba13 (RUTA)<\/strong><\/span><\/h3>\n<hr \/>\n<p><strong>Fecha: 14 de Noviembre a las 9:30 horas<\/strong><\/p>\n<hr \/>\n<p><strong>Nombre: <\/strong>Teatinos-Casas de Rold\u00e1n-Minaya-Casas de Haro-Teatinos<\/p>\n<hr \/>\n<p><strong>Disciplina:<\/strong> <span style=\"color: #000000;\"><strong>RUTA BTT<\/strong><\/span><\/p>\n<hr \/>\n<p><strong>Distancia: <\/strong>42 kms<\/p>\n<hr \/>\n<p><strong>Nivel: <span style=\"color: #008000;\">Iniciaci\u00f3n<\/span><\/strong><\/p>\n<hr \/>\n<p><strong>Lugar Salida: <\/strong>Plaza<\/p>\n<hr \/>\n<p><strong>Gu\u00eda de ruta: <\/strong>Ra\u00fal<\/p>\n<hr \/>\n<p><strong>Recorrido: <\/strong><a href=\"https:\/\/es.wikiloc.com\/rutas-mountain-bike\/club-ciclista-bandidos-de-teatinos-ruta-13-2021-62394839\"><span style=\"color: #ff0000;\">Ver ruta en wikiloc<\/span><\/a><\/p>\n<hr \/>\n<p><strong>Fotos de la ruta: <\/strong><a href=\"https:\/\/clubciclistabandidosteatinos.com\/ruta-13-2021\"><span style=\"color: #ff0000;\">Ver fotos<\/span><\/a><\/p>\n<hr \/>\n<p>No eres socio del club, pero quieres acompa\u00f1arnos en esta ruta. S\u00f3lo tienes que rellenar este <span style=\"color: #ff0000;\"><a style=\"color: #ff0000;\" href=\"https:\/\/clubciclistabandidosteatinos.com\/asistencia-rutas-no-socios-2021\/\">formulario<\/a><\/span><\/p>\n<hr \/>\n<p>&nbsp;<\/p>\n<hr class=\"Linea_Separadora\" \/>\n<h5 style=\"text-align: center; font-size: 30px;\"><strong>DICIEMBRE<\/strong><\/h5>\n<h3><span style=\"color: #008000;\"><strong>Actividad N\u00ba14 (RUTA)<\/strong><\/span><\/h3>\n<hr \/>\n<p><strong>Fecha: 5 de Diciembre a las 9:30 horas<\/strong><\/p>\n<hr \/>\n<p><strong>Nombre: <\/strong>Teatinos-La Pin\u00e1-Vara de Rey-Teatinos<\/p>\n<hr \/>\n<p><strong>Disciplina:<\/strong> <span style=\"color: #000000;\"><strong>RUTA BTT<\/strong><\/span><\/p>\n<hr \/>\n<p><strong>Distancia: <\/strong>53 kms<\/p>\n<hr \/>\n<p><strong>Nivel: <span style=\"color: #ff9900;\">Intermedio<\/span><\/strong><\/p>\n<hr \/>\n<p><strong>Lugar Salida: <\/strong>Plaza<\/p>\n<hr \/>\n<p><strong>Gu\u00eda de ruta: <\/strong>Ra\u00fal<\/p>\n<hr \/>\n<p><strong>Recorrido: <\/strong><a href=\"https:\/\/es.wikiloc.com\/rutas-mountain-bike\/club-ciclista-bandidos-de-teatinos-ruta-14-2021-62395077\"><span style=\"color: #ff0000;\">Ver ruta en wikiloc<\/span><\/a><\/p>\n<hr \/>\n<p><strong>Fotos de la ruta:<\/strong> <a href=\"https:\/\/clubciclistabandidosteatinos.com\/ruta-14-2021\"><span style=\"color: #ff0000;\">Ver fotos<\/span><\/a><\/p>\n<hr \/>\n<p>No eres socio del club, pero quieres acompa\u00f1arnos en esta ruta. S\u00f3lo tienes que rellenar este <span style=\"color: #ff0000;\"><a style=\"color: #ff0000;\" href=\"https:\/\/clubciclistabandidosteatinos.com\/asistencia-rutas-no-socios-2021\/\">formulario<\/a><\/span><\/p>\n<hr \/>\n<p>&nbsp;<\/p>\n<h3><span style=\"color: #008000;\"><strong>Actividad N\u00ba15 (COMIDA)<\/strong><\/span><\/h3>\n<hr \/>\n<p><strong>Fecha: 18 de Diciembre a las 14:15 horas<\/strong><\/p>\n<hr \/>\n<p><strong>Nombre:<\/strong> Comida de Navidad<\/p>\n<hr \/>\n<p><strong>Lugar: <\/strong>Plaza Once<\/p>\n<hr \/>\n<p><strong>Direcci\u00f3n: <\/strong>Plaza Espa\u00f1a (Casas de Fernando Alonso)<\/p>\n<hr \/>\n<h5 style=\"text-align: center; font-size: 30px;\"><\/h5>\n","protected":false},"excerpt":{"rendered":"<p>KIL\u00d3METROS TOTALES: 724 kms Si necesitas saber como se establece el nivel de dificultad de cada ruta (Iniciaci\u00f3n, Intermedio \u00f3 Avanzado) y as\u00ed asegurarte que tu nivel es suficiente para participar en cada una de las rutas, pulsa en la imagen inferior. ENERO Actividad N\u00ba1 (RUTA) \u2013\u00a0SUSPENDIDA Fecha: 17 de Enero a las 10:30 horas [&hellip;]<\/p>\n","protected":false},"author":1,"featured_media":0,"parent":0,"menu_order":0,"comment_status":"closed","ping_status":"closed","template":"","meta":{"footnotes":""},"class_list":["post-7616","page","type-page","status-publish","hentry"],"_links":{"self":[{"href":"https:\/\/clubciclistabandidosteatinos.com\/en\/wp-json\/wp\/v2\/pages\/7616","targetHints":{"allow":["GET"]}}],"collection":[{"href":"https:\/\/clubciclistabandidosteatinos.com\/en\/wp-json\/wp\/v2\/pages"}],"about":[{"href":"https:\/\/clubciclistabandidosteatinos.com\/en\/wp-json\/wp\/v2\/types\/page"}],"author":[{"embeddable":true,"href":"https:\/\/clubciclistabandidosteatinos.com\/en\/wp-json\/wp\/v2\/users\/1"}],"replies":[{"embeddable":true,"href":"https:\/\/clubciclistabandidosteatinos.com\/en\/wp-json\/wp\/v2\/comments?post=7616"}],"version-history":[{"count":181,"href":"https:\/\/clubciclistabandidosteatinos.com\/en\/wp-json\/wp\/v2\/pages\/7616\/revisions"}],"predecessor-version":[{"id":7618,"href":"https:\/\/clubciclistabandidosteatinos.com\/en\/wp-json\/wp\/v2\/pages\/7616\/revisions\/7618"}],"wp:attachment":[{"href":"https:\/\/clubciclistabandidosteatinos.com\/en\/wp-json\/wp\/v2\/media?parent=7616"}],"curies":[{"name":"wp","href":"https:\/\/api.w.org\/{rel}","templated":true}]}}