{"id":7443,"date":"2020-10-19T13:54:58","date_gmt":"2020-10-19T13:54:58","guid":{"rendered":"https:\/\/clubciclistabandidosteatinos.com\/?page_id=7443"},"modified":"2020-10-19T14:21:53","modified_gmt":"2020-10-19T14:21:53","slug":"porra-vuelta-2020","status":"publish","type":"page","link":"https:\/\/clubciclistabandidosteatinos.com\/en\/porra-vuelta-2020\/","title":{"rendered":"PORRA VUELTA A ESPA\u00d1A 2020"},"content":{"rendered":"\n<table id=\"tablepress-49\" class=\"tablepress tablepress-id-49 tablepress-responsive\">\n<thead>\n<tr class=\"row-1\">\n\t<th class=\"column-1\">SOCIO<\/th><th class=\"column-2\">PRIMER PUESTO<\/th><th class=\"column-3\">SEGUNDO PUESTO<\/th><th class=\"column-4\">TERCER PUESTO<\/th>\n<\/tr>\n<\/thead>\n<tbody class=\"row-striping row-hover\">\n<tr class=\"row-2\">\n\t<td class=\"column-1\">CARLOS LAPE\u00d1A<\/td><td class=\"column-2\">RICHARD CARAPAZ<\/td><td class=\"column-3\">PRIMOZ ROGLIC<\/td><td class=\"column-4\">CHRIS FROOME<\/td>\n<\/tr>\n<tr class=\"row-3\">\n\t<td class=\"column-1\">DAVID L\u00d3PEZ<\/td><td class=\"column-2\">PRIMOZ ROGLIC<\/td><td class=\"column-3\">RICHARD CARAPAZ<\/td><td class=\"column-4\">CHRIS FROOME<\/td>\n<\/tr>\n<tr class=\"row-4\">\n\t<td class=\"column-1\">DIANA HARO<\/td><td class=\"column-2\">TOM DOUMOLIN<\/td><td class=\"column-3\">CHRIS FROOME<\/td><td class=\"column-4\">ENRIC MAS<\/td>\n<\/tr>\n<tr class=\"row-5\">\n\t<td class=\"column-1\">EDUARDO ALARC\u00d3N<\/td><td class=\"column-2\">RICHARD CARAPAZ<\/td><td class=\"column-3\">PRIMOZ ROGLIC<\/td><td class=\"column-4\">ALEJANDRO VALVERDE<\/td>\n<\/tr>\n<tr class=\"row-6\">\n\t<td class=\"column-1\">FERNANDO MONTERO<\/td><td class=\"column-2\">PRIMOZ ROGLIC<\/td><td class=\"column-3\">ENRIC MAS<\/td><td class=\"column-4\">RICHARD CARAPAZ<\/td>\n<\/tr>\n<tr class=\"row-7\">\n\t<td class=\"column-1\">FRANCIS ORTEGA<\/td><td class=\"column-2\">CHRIS FROOME<\/td><td class=\"column-3\">TOM DOUMOLIN<\/td><td class=\"column-4\">ALEJANDRO VALVERDE<\/td>\n<\/tr>\n<tr class=\"row-8\">\n\t<td class=\"column-1\">GERARDO ESTESO<\/td><td class=\"column-2\">PRIMOZ ROGLIC<\/td><td class=\"column-3\">CHRIS FROOME<\/td><td class=\"column-4\">ENRIC MAS<\/td>\n<\/tr>\n<tr class=\"row-9\">\n\t<td class=\"column-1\">JES\u00daS HARO<\/td><td class=\"column-2\">RICHARD CARAPAZ<\/td><td class=\"column-3\">PRIMOZ ROGLIC<\/td><td class=\"column-4\">ENRIC MAS<\/td>\n<\/tr>\n<tr class=\"row-10\">\n\t<td class=\"column-1\">JES\u00daS MENESES<\/td><td class=\"column-2\">PRIMOZ ROGLIC<\/td><td class=\"column-3\">TOM DOUMOLIN<\/td><td class=\"column-4\">RICHARD CARAPAZ<\/td>\n<\/tr>\n<tr class=\"row-11\">\n\t<td class=\"column-1\">JORGE CARRASCOSA<\/td><td class=\"column-2\">TOM DOUMOLIN<\/td><td class=\"column-3\">PRIMOZ ROGLIC<\/td><td class=\"column-4\">RICHARD CARAPAZ<\/td>\n<\/tr>\n<tr class=\"row-12\">\n\t<td class=\"column-1\">JOS\u00c9 JOAQU\u00cdN MONTOYA<\/td><td class=\"column-2\">PRIMOZ ROGLIC<\/td><td class=\"column-3\">RICHARD CARAPAZ<\/td><td class=\"column-4\">ENRIC MAS<\/td>\n<\/tr>\n<tr class=\"row-13\">\n\t<td class=\"column-1\">JOS\u00c9 MAR\u00cdA AND\u00daJAR<\/td><td class=\"column-2\">PRIMOZ ROGLIC<\/td><td class=\"column-3\">RICHARD CARAPAZ<\/td><td class=\"column-4\">ENRIC MAS<\/td>\n<\/tr>\n<tr class=\"row-14\">\n\t<td class=\"column-1\">JOS\u00c9 MAR\u00cdA MOYA<\/td><td class=\"column-2\">CHRIS FROOME<\/td><td class=\"column-3\">PRIMOZ ROGLIC<\/td><td class=\"column-4\">ENRIC MAS<\/td>\n<\/tr>\n<tr class=\"row-15\">\n\t<td class=\"column-1\">LUIS ENRIQUE FERN\u00c1NDEZ<\/td><td class=\"column-2\">THIBAUT PINOT<\/td><td class=\"column-3\">ENRIC MAS<\/td><td class=\"column-4\">TOM DOUMOLIN<\/td>\n<\/tr>\n<tr class=\"row-16\">\n\t<td class=\"column-1\">LUIS FERN\u00c1NDEZ<\/td><td class=\"column-2\">ENRIC MAS<\/td><td class=\"column-3\">PRIMOZ ROGLIC<\/td><td class=\"column-4\">THIBAUT PINOT<\/td>\n<\/tr>\n<tr class=\"row-17\">\n\t<td class=\"column-1\">LUISMI GARC\u00cdA<\/td><td class=\"column-2\">PRIMOZ ROGLIC<\/td><td class=\"column-3\">RICHARD CARAPAZ<\/td><td class=\"column-4\">ALEJANDRO VALVERDE<\/td>\n<\/tr>\n<tr class=\"row-18\">\n\t<td class=\"column-1\">MANUEL GIM\u00c9NEZ<\/td><td class=\"column-2\">TOM DOUMOLIN<\/td><td class=\"column-3\">ENRIC MAS<\/td><td class=\"column-4\">RICHARD CARAPAZ<\/td>\n<\/tr>\n<tr class=\"row-19\">\n\t<td class=\"column-1\">MARINO JIM\u00c9NEZ<\/td><td class=\"column-2\">PRIMOZ ROGLIC<\/td><td class=\"column-3\">CHRIS FROOME<\/td><td class=\"column-4\">RICHARD CARAPAZ<\/td>\n<\/tr>\n<tr class=\"row-20\">\n\t<td class=\"column-1\">MOIS\u00c9S PERONA<\/td><td class=\"column-2\">PRIMOZ ROGLIC<\/td><td class=\"column-3\">TOM DOUMOLIN<\/td><td class=\"column-4\">RICHARD CARAPAZ<\/td>\n<\/tr>\n<tr class=\"row-21\">\n\t<td class=\"column-1\">OSCAR IRAOLA<\/td><td class=\"column-2\">TOM DOUMOLIN<\/td><td class=\"column-3\">PRIMOZ ROGLIC<\/td><td class=\"column-4\">ENRIC MAS<\/td>\n<\/tr>\n<tr class=\"row-22\">\n\t<td class=\"column-1\">RA\u00daL ORTEGA<\/td><td class=\"column-2\">RICHARD CARAPAZ<\/td><td class=\"column-3\">PRIMOZ ROGLIC<\/td><td class=\"column-4\">ENRIC MAS<\/td>\n<\/tr>\n<tr class=\"row-23\">\n\t<td class=\"column-1\">RICARDO HARO<\/td><td class=\"column-2\">PRIMOZ ROGLIC<\/td><td class=\"column-3\">ENRIC MAS<\/td><td class=\"column-4\">CHRIS FROOME<\/td>\n<\/tr>\n<tr class=\"row-24\">\n\t<td class=\"column-1\">ROBERTO TOLEDO<\/td><td class=\"column-2\">PRIMOZ ROGLIC<\/td><td class=\"column-3\">RICHARD CARAPAZ<\/td><td class=\"column-4\">TOM DOUMOLIN<\/td>\n<\/tr>\n<tr class=\"row-25\">\n\t<td class=\"column-1\">ROSANA LAPE\u00d1A<\/td><td class=\"column-2\">PRIMOZ ROGLIC<\/td><td class=\"column-3\">RICHARD CARAPAZ<\/td><td class=\"column-4\">ENRIC MAS<\/td>\n<\/tr>\n<tr class=\"row-26\">\n\t<td class=\"column-1\">V\u00cdCTOR MOLINA<\/td><td class=\"column-2\">PRIMOZ ROGLIC<\/td><td class=\"column-3\">ENRIC MAS<\/td><td class=\"column-4\">RICHARD CARAPAZ<\/td>\n<\/tr>\n<\/tbody>\n<\/table>\n<!-- #tablepress-49 from cache -->\n","protected":false},"excerpt":{"rendered":"","protected":false},"author":1,"featured_media":0,"parent":0,"menu_order":0,"comment_status":"closed","ping_status":"closed","template":"PaginaVacia.php","meta":{"footnotes":""},"class_list":["post-7443","page","type-page","status-publish","hentry"],"_links":{"self":[{"href":"https:\/\/clubciclistabandidosteatinos.com\/en\/wp-json\/wp\/v2\/pages\/7443","targetHints":{"allow":["GET"]}}],"collection":[{"href":"https:\/\/clubciclistabandidosteatinos.com\/en\/wp-json\/wp\/v2\/pages"}],"about":[{"href":"https:\/\/clubciclistabandidosteatinos.com\/en\/wp-json\/wp\/v2\/types\/page"}],"author":[{"embeddable":true,"href":"https:\/\/clubciclistabandidosteatinos.com\/en\/wp-json\/wp\/v2\/users\/1"}],"replies":[{"embeddable":true,"href":"https:\/\/clubciclistabandidosteatinos.com\/en\/wp-json\/wp\/v2\/comments?post=7443"}],"version-history":[{"count":11,"href":"https:\/\/clubciclistabandidosteatinos.com\/en\/wp-json\/wp\/v2\/pages\/7443\/revisions"}],"predecessor-version":[{"id":7470,"href":"https:\/\/clubciclistabandidosteatinos.com\/en\/wp-json\/wp\/v2\/pages\/7443\/revisions\/7470"}],"wp:attachment":[{"href":"https:\/\/clubciclistabandidosteatinos.com\/en\/wp-json\/wp\/v2\/media?parent=7443"}],"curies":[{"name":"wp","href":"https:\/\/api.w.org\/{rel}","templated":true}]}}