{"id":3897,"date":"2018-06-05T10:32:25","date_gmt":"2018-06-05T10:32:25","guid":{"rendered":"http:\/\/clubciclistabandidosteatinos.com\/?page_id=3897"},"modified":"2023-06-05T18:04:41","modified_gmt":"2023-06-05T18:04:41","slug":"equipacion-oficial","status":"publish","type":"page","link":"https:\/\/clubciclistabandidosteatinos.com\/en\/equipacion-oficial\/","title":{"rendered":"EQUIPACI\u00d3N OFICIAL"},"content":{"rendered":"<p>&nbsp;<\/p>\n<p>Para las pr\u00f3ximas temporadas seguimos confiando en Gobik para realizar nuestras equipaciones oficiales. Son unas equipaciones con tejidos de alt\u00edsima calidad y un dise\u00f1o actual y bonito. La equipaci\u00f3n consta de 2 variantes, una variante es la equipaci\u00f3n de invierno y la otra variante es la equipaci\u00f3n de verano:<\/p>\n<p><strong>Equipaci\u00f3n de invierno<\/strong> compuesta por:<\/p>\n<ul>\n<li>Culote largo modelo Absolute con badana K10<\/li>\n<li>Maillot manga larga modelo Atomic Pro<\/li>\n<li>Chaleco Plus<\/li>\n<\/ul>\n<p><img loading=\"lazy\" decoding=\"async\" class=\"aligncenter wp-image-10423\" src=\"https:\/\/clubciclistabandidosteatinos.com\/wp-content\/uploads\/2023\/06\/Culote_Largo.jpg\" alt=\"\" width=\"781\" height=\"506\" srcset=\"https:\/\/clubciclistabandidosteatinos.com\/wp-content\/uploads\/2023\/06\/Culote_Largo.jpg 684w, https:\/\/clubciclistabandidosteatinos.com\/wp-content\/uploads\/2023\/06\/Culote_Largo-300x194.jpg 300w\" sizes=\"auto, (max-width: 781px) 100vw, 781px\" \/><\/p>\n<p><img loading=\"lazy\" decoding=\"async\" class=\"aligncenter wp-image-10420\" src=\"https:\/\/clubciclistabandidosteatinos.com\/wp-content\/uploads\/2023\/06\/Atomic_Pro.jpg\" alt=\"\" width=\"781\" height=\"425\" srcset=\"https:\/\/clubciclistabandidosteatinos.com\/wp-content\/uploads\/2023\/06\/Atomic_Pro.jpg 757w, https:\/\/clubciclistabandidosteatinos.com\/wp-content\/uploads\/2023\/06\/Atomic_Pro-300x163.jpg 300w\" sizes=\"auto, (max-width: 781px) 100vw, 781px\" \/><\/p>\n<p><img loading=\"lazy\" decoding=\"async\" class=\"aligncenter wp-image-10424\" src=\"https:\/\/clubciclistabandidosteatinos.com\/wp-content\/uploads\/2023\/06\/Plus.jpg\" alt=\"\" width=\"781\" height=\"479\" srcset=\"https:\/\/clubciclistabandidosteatinos.com\/wp-content\/uploads\/2023\/06\/Plus.jpg 738w, https:\/\/clubciclistabandidosteatinos.com\/wp-content\/uploads\/2023\/06\/Plus-300x184.jpg 300w\" sizes=\"auto, (max-width: 781px) 100vw, 781px\" \/><\/p>\n<ul>\n<li>Adem\u00e1s como complemento de la equipaci\u00f3n de invierno, disponemos de la <strong>chaqueta Skimo Pro<\/strong>.<\/li>\n<\/ul>\n<p style=\"text-align: center;\"><img loading=\"lazy\" decoding=\"async\" class=\"aligncenter wp-image-10426\" src=\"https:\/\/clubciclistabandidosteatinos.com\/wp-content\/uploads\/2023\/06\/Skimo.jpg\" alt=\"\" width=\"781\" height=\"458\" srcset=\"https:\/\/clubciclistabandidosteatinos.com\/wp-content\/uploads\/2023\/06\/Skimo.jpg 668w, https:\/\/clubciclistabandidosteatinos.com\/wp-content\/uploads\/2023\/06\/Skimo-300x176.jpg 300w\" sizes=\"auto, (max-width: 781px) 100vw, 781px\" \/><\/p>\n<p>&nbsp;<\/p>\n<p><strong>Equipaci\u00f3n de verano<\/strong> compuesta por:<\/p>\n<ul>\n<li>Culote corto modelo Absolute con badana K10<\/li>\n<li>Maillot manga corta modelo Rocket<\/li>\n<\/ul>\n<p><img loading=\"lazy\" decoding=\"async\" class=\"aligncenter wp-image-10422\" src=\"https:\/\/clubciclistabandidosteatinos.com\/wp-content\/uploads\/2023\/06\/Culote_Corto.jpg\" alt=\"\" width=\"781\" height=\"491\" srcset=\"https:\/\/clubciclistabandidosteatinos.com\/wp-content\/uploads\/2023\/06\/Culote_Corto.jpg 706w, https:\/\/clubciclistabandidosteatinos.com\/wp-content\/uploads\/2023\/06\/Culote_Corto-300x189.jpg 300w\" sizes=\"auto, (max-width: 781px) 100vw, 781px\" \/><\/p>\n<p><img loading=\"lazy\" decoding=\"async\" class=\"aligncenter wp-image-10425\" src=\"https:\/\/clubciclistabandidosteatinos.com\/wp-content\/uploads\/2023\/06\/Rocket.jpg\" alt=\"\" width=\"781\" height=\"444\" srcset=\"https:\/\/clubciclistabandidosteatinos.com\/wp-content\/uploads\/2023\/06\/Rocket.jpg 742w, https:\/\/clubciclistabandidosteatinos.com\/wp-content\/uploads\/2023\/06\/Rocket-300x171.jpg 300w\" sizes=\"auto, (max-width: 781px) 100vw, 781px\" \/><\/p>\n<p>&nbsp;<\/p>\n<ul>\n<li>Adem\u00e1s como complemento de la equipaci\u00f3n de verano, disponemos del <strong>maillot Attitude <\/strong>espec\u00edfico para ciclismo de carretera.<\/li>\n<\/ul>\n<p style=\"text-align: center;\"><img loading=\"lazy\" decoding=\"async\" class=\"aligncenter wp-image-10421\" src=\"https:\/\/clubciclistabandidosteatinos.com\/wp-content\/uploads\/2023\/06\/Attitude.jpg\" alt=\"\" width=\"781\" height=\"447\" srcset=\"https:\/\/clubciclistabandidosteatinos.com\/wp-content\/uploads\/2023\/06\/Attitude.jpg 746w, https:\/\/clubciclistabandidosteatinos.com\/wp-content\/uploads\/2023\/06\/Attitude-300x172.jpg 300w\" sizes=\"auto, (max-width: 781px) 100vw, 781px\" \/><\/p>\n<p>&nbsp;<\/p>\n<p style=\"text-align: left;\">Queremos agradecer la confianza que han depositado en el Club todos nuestros patrocinadores.<\/p>\n<ul>\n<li><strong>NewCar Electro<\/strong><\/li>\n<li><strong>Jamones Venta Juan Antonio<\/strong><\/li>\n<li><strong>Bicicletas Manzanares<\/strong><\/li>\n<li><strong>Cooperativa Pur\u00edsima Concepci\u00f3n (Vinos Teatinos)<\/strong><\/li>\n<li><strong>FKDesign<\/strong><\/li>\n<li><strong>Construcciones Lape\u00f1a<\/strong><\/li>\n<li><strong>Dulces Marisol<\/strong><\/li>\n<li><strong>Dulces Montomar<\/strong><\/li>\n<li><strong>Servicios agr\u00edcolas Ra\u00fal y padre<\/strong><\/li>\n<li><strong>Vinos Molina<\/strong><\/li>\n<li><strong>Hielos Rosemar<\/strong><\/li>\n<\/ul>\n<p>&nbsp;<\/p>\n<ul>\n<li>Si quieres tener m\u00e1s informaci\u00f3n sobre nuestros patrocinadores, puedes acceder a este <span style=\"color: #ff0000;\"><a style=\"color: #ff0000;\" href=\"http:\/\/clubciclistabandidosteatinos.com\/colaboradores\/\">enlace<\/a><\/span><\/li>\n<\/ul>\n","protected":false},"excerpt":{"rendered":"<p>&nbsp; Para las pr\u00f3ximas temporadas seguimos confiando en Gobik para realizar nuestras equipaciones oficiales. Son unas equipaciones con tejidos de alt\u00edsima calidad y un dise\u00f1o actual y bonito. La equipaci\u00f3n consta de 2 variantes, una variante es la equipaci\u00f3n de invierno y la otra variante es la equipaci\u00f3n de verano: Equipaci\u00f3n de invierno compuesta por: [&hellip;]<\/p>\n","protected":false},"author":1,"featured_media":0,"parent":0,"menu_order":0,"comment_status":"closed","ping_status":"closed","template":"","meta":{"footnotes":""},"class_list":["post-3897","page","type-page","status-publish","hentry"],"_links":{"self":[{"href":"https:\/\/clubciclistabandidosteatinos.com\/en\/wp-json\/wp\/v2\/pages\/3897","targetHints":{"allow":["GET"]}}],"collection":[{"href":"https:\/\/clubciclistabandidosteatinos.com\/en\/wp-json\/wp\/v2\/pages"}],"about":[{"href":"https:\/\/clubciclistabandidosteatinos.com\/en\/wp-json\/wp\/v2\/types\/page"}],"author":[{"embeddable":true,"href":"https:\/\/clubciclistabandidosteatinos.com\/en\/wp-json\/wp\/v2\/users\/1"}],"replies":[{"embeddable":true,"href":"https:\/\/clubciclistabandidosteatinos.com\/en\/wp-json\/wp\/v2\/comments?post=3897"}],"version-history":[{"count":41,"href":"https:\/\/clubciclistabandidosteatinos.com\/en\/wp-json\/wp\/v2\/pages\/3897\/revisions"}],"predecessor-version":[{"id":10428,"href":"https:\/\/clubciclistabandidosteatinos.com\/en\/wp-json\/wp\/v2\/pages\/3897\/revisions\/10428"}],"wp:attachment":[{"href":"https:\/\/clubciclistabandidosteatinos.com\/en\/wp-json\/wp\/v2\/media?parent=3897"}],"curies":[{"name":"wp","href":"https:\/\/api.w.org\/{rel}","templated":true}]}}