{"id":3703,"date":"2018-04-05T13:20:49","date_gmt":"2018-04-05T13:20:49","guid":{"rendered":"http:\/\/clubciclistabandidosteatinos.com\/?page_id=3703"},"modified":"2018-09-04T11:48:24","modified_gmt":"2018-09-04T11:48:24","slug":"otras-formas-de-pago-excepcional","status":"publish","type":"page","link":"https:\/\/clubciclistabandidosteatinos.com\/en\/otras-formas-de-pago-excepcional\/","title":{"rendered":"OTRAS FORMAS DE PAGO (EXCEPCIONAL)"},"content":{"rendered":"<p>El Club Ciclista Bandidos de Teatinos tambi\u00e9n acepta las siguientes formas de pago:<\/p>\n<ul>\n<li><strong>Transferencia bancaria \u00f3 ingreso en efectivo:<\/strong> Debes hacer una transferencia \u00f3 un ingreso en este n\u00famero de cuenta. Indicando en el Concepto tu Nombre, Apellidos,\u00a0DNI y n\u00famero de tel\u00e9fono.<br \/>\n<b>ES88 3081-0734-16-3182036321 &#8211; Eurocaja Rural.\u00a0<\/b>En Casas de Fernando Alonso est\u00e1 situada en la Calle Iglesia, 16.<\/li>\n<\/ul>\n<p>Si tienes cualquier duda, puedes llamar al 696884066 y te ayudamos<\/p>\n","protected":false},"excerpt":{"rendered":"<p>El Club Ciclista Bandidos de Teatinos tambi\u00e9n acepta las siguientes formas de pago: Transferencia bancaria \u00f3 ingreso en efectivo: Debes hacer una transferencia \u00f3 un ingreso en este n\u00famero de cuenta. Indicando en el Concepto tu Nombre, Apellidos,\u00a0DNI y n\u00famero de tel\u00e9fono. ES88 3081-0734-16-3182036321 &#8211; Eurocaja Rural.\u00a0En Casas de Fernando Alonso est\u00e1 situada en la [&hellip;]<\/p>\n","protected":false},"author":1,"featured_media":0,"parent":0,"menu_order":0,"comment_status":"closed","ping_status":"closed","template":"","meta":{"footnotes":""},"class_list":["post-3703","page","type-page","status-publish","hentry"],"_links":{"self":[{"href":"https:\/\/clubciclistabandidosteatinos.com\/en\/wp-json\/wp\/v2\/pages\/3703","targetHints":{"allow":["GET"]}}],"collection":[{"href":"https:\/\/clubciclistabandidosteatinos.com\/en\/wp-json\/wp\/v2\/pages"}],"about":[{"href":"https:\/\/clubciclistabandidosteatinos.com\/en\/wp-json\/wp\/v2\/types\/page"}],"author":[{"embeddable":true,"href":"https:\/\/clubciclistabandidosteatinos.com\/en\/wp-json\/wp\/v2\/users\/1"}],"replies":[{"embeddable":true,"href":"https:\/\/clubciclistabandidosteatinos.com\/en\/wp-json\/wp\/v2\/comments?post=3703"}],"version-history":[{"count":4,"href":"https:\/\/clubciclistabandidosteatinos.com\/en\/wp-json\/wp\/v2\/pages\/3703\/revisions"}],"predecessor-version":[{"id":4782,"href":"https:\/\/clubciclistabandidosteatinos.com\/en\/wp-json\/wp\/v2\/pages\/3703\/revisions\/4782"}],"wp:attachment":[{"href":"https:\/\/clubciclistabandidosteatinos.com\/en\/wp-json\/wp\/v2\/media?parent=3703"}],"curies":[{"name":"wp","href":"https:\/\/api.w.org\/{rel}","templated":true}]}}