{"id":3405,"date":"2018-02-23T12:28:11","date_gmt":"2018-02-23T12:28:11","guid":{"rendered":"http:\/\/clubciclistabandidosteatinos.com\/?page_id=3405"},"modified":"2023-03-23T12:08:24","modified_gmt":"2023-03-23T12:08:24","slug":"construcciones_lapena","status":"publish","type":"page","link":"https:\/\/clubciclistabandidosteatinos.com\/en\/construcciones_lapena\/","title":{"rendered":"CONSTRUCCIONES LAPE\u00d1A"},"content":{"rendered":"<p>Construcciones Lape\u00f1a, una empresa familiar ubicada en Casas de Fernando Alonso (Cuenca), que sabe adaptarse a las necesidades del cliente, poni\u00e9ndose en su lugar para ofrecer un trato cercano, transparente y de confianza. Su mejor garant\u00eda son los clientes satisfechos, ya que cuida hasta el \u00faltimo detalle para que el resultado sea el deseado.<\/p>\n<p>Son especialistas en todo tipo de reformas, construcci\u00f3n y obra nueva. Puede contactar con sus responsables en los tel\u00e9fonos:<\/p>\n<h2 style=\"text-align: center;\"><strong>\u00a0685963598 (Carlos)<\/strong><\/h2>\n<p><img loading=\"lazy\" decoding=\"async\" class=\"aligncenter size-large wp-image-3373\" src=\"http:\/\/clubciclistabandidosteatinos.com\/wp-content\/uploads\/2018\/02\/Logo_ConstruccionesLape\u00f1a-1-1024x509.jpg\" alt=\"\" width=\"900\" height=\"447\" srcset=\"https:\/\/clubciclistabandidosteatinos.com\/wp-content\/uploads\/2018\/02\/Logo_ConstruccionesLape\u00f1a-1.jpg 1024w, https:\/\/clubciclistabandidosteatinos.com\/wp-content\/uploads\/2018\/02\/Logo_ConstruccionesLape\u00f1a-1-300x149.jpg 300w, https:\/\/clubciclistabandidosteatinos.com\/wp-content\/uploads\/2018\/02\/Logo_ConstruccionesLape\u00f1a-1-768x382.jpg 768w\" sizes=\"auto, (max-width: 900px) 100vw, 900px\" \/><\/p>\n<p>&nbsp;<\/p>\n<p><a href=\"http:\/\/clubciclistabandidosteatinos.com\/colaboradores\/\">VOLVER ATR\u00c1S<\/a><\/p>\n","protected":false},"excerpt":{"rendered":"<p>Construcciones Lape\u00f1a, una empresa familiar ubicada en Casas de Fernando Alonso (Cuenca), que sabe adaptarse a las necesidades del cliente, poni\u00e9ndose en su lugar para ofrecer un trato cercano, transparente y de confianza. Su mejor garant\u00eda son los clientes satisfechos, ya que cuida hasta el \u00faltimo detalle para que el resultado sea el deseado. Son [&hellip;]<\/p>\n","protected":false},"author":1,"featured_media":0,"parent":0,"menu_order":0,"comment_status":"closed","ping_status":"closed","template":"","meta":{"footnotes":""},"class_list":["post-3405","page","type-page","status-publish","hentry"],"_links":{"self":[{"href":"https:\/\/clubciclistabandidosteatinos.com\/en\/wp-json\/wp\/v2\/pages\/3405","targetHints":{"allow":["GET"]}}],"collection":[{"href":"https:\/\/clubciclistabandidosteatinos.com\/en\/wp-json\/wp\/v2\/pages"}],"about":[{"href":"https:\/\/clubciclistabandidosteatinos.com\/en\/wp-json\/wp\/v2\/types\/page"}],"author":[{"embeddable":true,"href":"https:\/\/clubciclistabandidosteatinos.com\/en\/wp-json\/wp\/v2\/users\/1"}],"replies":[{"embeddable":true,"href":"https:\/\/clubciclistabandidosteatinos.com\/en\/wp-json\/wp\/v2\/comments?post=3405"}],"version-history":[{"count":7,"href":"https:\/\/clubciclistabandidosteatinos.com\/en\/wp-json\/wp\/v2\/pages\/3405\/revisions"}],"predecessor-version":[{"id":10346,"href":"https:\/\/clubciclistabandidosteatinos.com\/en\/wp-json\/wp\/v2\/pages\/3405\/revisions\/10346"}],"wp:attachment":[{"href":"https:\/\/clubciclistabandidosteatinos.com\/en\/wp-json\/wp\/v2\/media?parent=3405"}],"curies":[{"name":"wp","href":"https:\/\/api.w.org\/{rel}","templated":true}]}}