{"id":2970,"date":"2018-02-16T10:08:04","date_gmt":"2018-02-16T10:08:04","guid":{"rendered":"http:\/\/clubciclistabandidosteatinos.com\/?page_id=2970"},"modified":"2020-12-30T12:46:23","modified_gmt":"2020-12-30T12:46:23","slug":"paso-2-confirmacion-datos-recorrido-largo","status":"publish","type":"page","link":"https:\/\/clubciclistabandidosteatinos.com\/en\/paso-2-confirmacion-datos-recorrido-largo\/","title":{"rendered":"PASO 2. CONFIRMACI\u00d3N DATOS (RECORRIDO LARGO)"},"content":{"rendered":"<p>Por favor, vuelve a introducir tu Nombre, Apellidos y DNI. Despu\u00e9s pulsa Confirmar.<\/p>\n<form action=\"http:\/\/clubciclistabandidosteatinos.com\/paso-3-realizar-pago-recorrido-largo\/\" method=\"post\"><label> Nombre <span class=\"wpcf7-form-control-wrap Nombre\"><input id=\"Nombre\" class=\"wpcf7-form-control wpcf7-text wpcf7-validates-as-required\" autocomplete=\"off\" name=\"Nombre\" required=\"\" size=\"40\" type=\"text\" placeholder=\"Introduce tu nombre\" onkeyup=\"validarCampo('Nombre','Apellidos','DNI','BotonConfirmar','MensajeErrorConfirmacionDatos');\"\/> <\/span><\/label><\/p>\n<p><label> Apellidos <span class=\"wpcf7-form-control-wrap Apellidos\"><input id=\"Apellidos\" class=\"wpcf7-form-control wpcf7-text wpcf7-validates-as-required\" autocomplete=\"off\" name=\"Apellidos\" required=\"\" size=\"40\" type=\"text\" placeholder=\"Introduce tus apellidos\" onkeyup=\"validarCampo('Nombre','Apellidos','DNI','BotonConfirmar','MensajeErrorConfirmacionDatos');\"\/><\/span> <\/label><\/p>\n<p><label> DNI <span class=\"wpcf7-form-control-wrap DNI\"><input id=\"DNI\" class=\"wpcf7-form-control wpcf7-text wpcf7-validates-as-required\" autocomplete=\"off\" name=\"DNI\" required=\"\" size=\"40\" type=\"text\" placeholder=\"Introduce tu DNI\" onkeyup=\"validarCampo('Nombre','Apellidos','DNI','BotonConfirmar','MensajeErrorConfirmacionDatos');\"\/><\/span> <\/label><\/p>\n<div id=\"MensajeErrorConfirmacionDatos\">Alguno de los campos est\u00e1n vac\u00edos.<\/div>\n<p><input id=\"BotonConfirmar\" class=\"wpcf7-form-control wpcf7-submit\" disabled=\"disabled\" type=\"submit\" value=\"Confirmar\" \/><\/p>\n<\/form>\n<p><\/br><br \/>\nPara cualquier duda o problema durante la inscripci\u00f3n puede contactar en el tel\u00e9fono 696-884-066.<\/p>\n","protected":false},"excerpt":{"rendered":"<p>Por favor, vuelve a introducir tu Nombre, Apellidos y DNI. Despu\u00e9s pulsa Confirmar. Nombre Apellidos DNI Alguno de los campos est\u00e1n vac\u00edos. Para cualquier duda o problema durante la inscripci\u00f3n puede contactar en el tel\u00e9fono 696-884-066.<\/p>\n","protected":false},"author":1,"featured_media":0,"parent":0,"menu_order":0,"comment_status":"closed","ping_status":"closed","template":"","meta":{"footnotes":""},"class_list":["post-2970","page","type-page","status-publish","hentry"],"_links":{"self":[{"href":"https:\/\/clubciclistabandidosteatinos.com\/en\/wp-json\/wp\/v2\/pages\/2970","targetHints":{"allow":["GET"]}}],"collection":[{"href":"https:\/\/clubciclistabandidosteatinos.com\/en\/wp-json\/wp\/v2\/pages"}],"about":[{"href":"https:\/\/clubciclistabandidosteatinos.com\/en\/wp-json\/wp\/v2\/types\/page"}],"author":[{"embeddable":true,"href":"https:\/\/clubciclistabandidosteatinos.com\/en\/wp-json\/wp\/v2\/users\/1"}],"replies":[{"embeddable":true,"href":"https:\/\/clubciclistabandidosteatinos.com\/en\/wp-json\/wp\/v2\/comments?post=2970"}],"version-history":[{"count":10,"href":"https:\/\/clubciclistabandidosteatinos.com\/en\/wp-json\/wp\/v2\/pages\/2970\/revisions"}],"predecessor-version":[{"id":8077,"href":"https:\/\/clubciclistabandidosteatinos.com\/en\/wp-json\/wp\/v2\/pages\/2970\/revisions\/8077"}],"wp:attachment":[{"href":"https:\/\/clubciclistabandidosteatinos.com\/en\/wp-json\/wp\/v2\/media?parent=2970"}],"curies":[{"name":"wp","href":"https:\/\/api.w.org\/{rel}","templated":true}]}}