{"id":2486,"date":"2018-01-12T10:25:03","date_gmt":"2018-01-12T10:25:03","guid":{"rendered":"http:\/\/clubciclistabandidosteatinos.com\/?page_id=2486"},"modified":"2020-12-26T18:58:27","modified_gmt":"2020-12-26T18:58:27","slug":"pago-cuota-socio-no-realizado","status":"publish","type":"page","link":"https:\/\/clubciclistabandidosteatinos.com\/en\/pago-cuota-socio-no-realizado\/","title":{"rendered":"PAGO CUOTA SOCIO NO REALIZADO"},"content":{"rendered":"<p><img loading=\"lazy\" decoding=\"async\" class=\"alignnone size-full wp-image-2510\" src=\"http:\/\/clubciclistabandidosteatinos.com\/wp-content\/uploads\/2018\/01\/PagoKO2.png\" alt=\"\" width=\"84\" height=\"77\" \/><\/p>\n<h4 style=\"text-align: left;\"><strong>El pago de la cuota de socio no se ha completado.\u00a0<\/strong><\/h4>\n<p>Si has decidido cancelarlo por decisi\u00f3n propia, puedes tambi\u00e9n hacer el pago de la cuota de socio de la siguiente forma:<\/p>\n<ul>\n<li><strong>Transferencia bancaria \u00f3 ingreso en efectivo:<\/strong> Debes hacer una transferencia \u00f3 un ingreso en efectivo en este n\u00famero de cuenta. Indicando en el Concepto tu Nombre, Apellidos y tu n\u00famero de tel\u00e9fono.<br \/>\n<b>ES88 3081-0734-16-3182036321 &#8211; Eurocaja Rural.\u00a0<\/b>En Casas de Fernando Alonso est\u00e1 situada en la Calle Iglesia, 16.<\/li>\n<\/ul>\n<p>Si, por el contrario, el sistema no te ha dejado terminar el pago, por favor, comun\u00edcanoslo en el 696884066.<\/p>\n","protected":false},"excerpt":{"rendered":"<p>El pago de la cuota de socio no se ha completado.\u00a0 Si has decidido cancelarlo por decisi\u00f3n propia, puedes tambi\u00e9n hacer el pago de la cuota de socio de la siguiente forma: Transferencia bancaria \u00f3 ingreso en efectivo: Debes hacer una transferencia \u00f3 un ingreso en efectivo en este n\u00famero de cuenta. Indicando en el [&hellip;]<\/p>\n","protected":false},"author":1,"featured_media":0,"parent":0,"menu_order":0,"comment_status":"closed","ping_status":"closed","template":"","meta":{"footnotes":""},"class_list":["post-2486","page","type-page","status-publish","hentry"],"_links":{"self":[{"href":"https:\/\/clubciclistabandidosteatinos.com\/en\/wp-json\/wp\/v2\/pages\/2486","targetHints":{"allow":["GET"]}}],"collection":[{"href":"https:\/\/clubciclistabandidosteatinos.com\/en\/wp-json\/wp\/v2\/pages"}],"about":[{"href":"https:\/\/clubciclistabandidosteatinos.com\/en\/wp-json\/wp\/v2\/types\/page"}],"author":[{"embeddable":true,"href":"https:\/\/clubciclistabandidosteatinos.com\/en\/wp-json\/wp\/v2\/users\/1"}],"replies":[{"embeddable":true,"href":"https:\/\/clubciclistabandidosteatinos.com\/en\/wp-json\/wp\/v2\/comments?post=2486"}],"version-history":[{"count":14,"href":"https:\/\/clubciclistabandidosteatinos.com\/en\/wp-json\/wp\/v2\/pages\/2486\/revisions"}],"predecessor-version":[{"id":7856,"href":"https:\/\/clubciclistabandidosteatinos.com\/en\/wp-json\/wp\/v2\/pages\/2486\/revisions\/7856"}],"wp:attachment":[{"href":"https:\/\/clubciclistabandidosteatinos.com\/en\/wp-json\/wp\/v2\/media?parent=2486"}],"curies":[{"name":"wp","href":"https:\/\/api.w.org\/{rel}","templated":true}]}}