{"id":2052,"date":"2017-12-28T09:34:35","date_gmt":"2017-12-28T09:34:35","guid":{"rendered":"http:\/\/clubciclistabandidosteatinos.com\/?page_id=2052"},"modified":"2021-10-22T09:49:04","modified_gmt":"2021-10-22T09:49:04","slug":"reglamento-interno-del-club","status":"publish","type":"page","link":"https:\/\/clubciclistabandidosteatinos.com\/en\/reglamento-interno-del-club\/","title":{"rendered":"REGLAMENTO INTERNO Y DISCIPLINARIO DEL CLUB"},"content":{"rendered":"<p><strong>\u00a0<\/strong><\/p>\n<h2><strong><u>REGLAMENTO INTERNO<\/u><\/strong><\/h2>\n<p>De acuerdo con lo establecido en los estatutos del Club Deportivo \u201cBANDIDOS DE TEATINOS\u201d\u00a0 y respetando cuanto se contiene en los mismos, se presenta el siguiente Reglamento de R\u00e9gimen Interno, que desarrolla las normas relativas a las actividades del Club.<\/p>\n<p>&nbsp;<\/p>\n<p><strong>CAP\u00cdTULO 1. De los socios <\/strong><\/p>\n<p>Art\u00edculo 1. \u00a0El Club Deportivo \u201cBANDIDOS DE TEATINOS, (en adelante, el Club) tiene como objetivo principal la pr\u00e1ctica y fomento del ciclismo todo terreno (BTT), ciclismo de monta\u00f1a (MTB), ciclismo de carretera y cicloturismo.<\/p>\n<p>Art\u00edculo 2. Todos los socios dispondr\u00e1n de un n\u00famero de socio,\u00a0que les acreditar\u00e1 como miembros del Club.<\/p>\n<p>Art\u00edculo 3. Los socios asumen el compromiso de contribuir a la buena imagen del Club, as\u00ed como del resto de colaboradores y patrocinadores que sustentan el Club, y no podr\u00e1n actuar de forma que generen perjuicio, econ\u00f3mico o de otro tipo a los mismos, especialmente haciendo publicidad negativa.<\/p>\n<p>Art\u00edculo 4.\u00a0Cualquier art\u00edculo podr\u00e1 ser modificado seg\u00fan los cambios que se puedan producir o por conseguir optimizar el buen funcionamiento del club, previo acuerdo de la Junta Directiva.\u00a0 Cualquier cambio o modificaci\u00f3n ser\u00e1 notificada meridianamente a cada socio.<\/p>\n<p><strong>CAP\u00cdTULO 2. De las actividades del club <\/strong><\/p>\n<p>Art\u00edculo 5.\u00a0La actividad deportiva principal es el ciclismo de monta\u00f1a, ciclismo todoterreno, ciclismo de carretera y cicloturismo y practicar\u00e1 asimismo, las modalidades deportivas como paseos en bicicleta de monta\u00f1a por rutas naturales, v\u00edas, senderos y carreteras y otros relacionados con el ciclismo de monta\u00f1a, a cuyo fin funcionar\u00e1n las unidades correspondientes.<\/p>\n<p>Art\u00edculo 6.\u00a0La Junta Directiva podr\u00e1 acordar la creaci\u00f3n de nuevas unidades para la pr\u00e1ctica de otras modalidades deportivas.<\/p>\n<p>Art\u00edculo 7.\u00a0 Cuando se realizan marchas, rutas, carreras OFICIALES,\u00a0 la colaboraci\u00f3n del socio en tareas de preparaci\u00f3n y desarrollo de la marcha, tanto anteriores, como durante y posterior a la celebraci\u00f3n de la marcha, deber\u00e1 prestarse de manera inexcusable, salvo caso justificado de fuerza mayor.<\/p>\n<p>Teniendo en cuenta la necesaria colaboraci\u00f3n de todos los socios durante dicho evento,\u00a0aquellos\u00a0socios que queden inscritos como participantes en la marcha, deber\u00e1n presentar a otra persona que les sustituya en la realizaci\u00f3n de las tareas que correspondan durante la jornada de celebraci\u00f3n de la marcha. El socio que, reiteradamente, no muestre una actitud de participaci\u00f3n activada en los actos o tareas del club, tras el oportuno examen por parte de la Junta Directiva, podr\u00e1 ser baja en su condici\u00f3n de socio, con p\u00e9rdida de todos sus derechos o prerrogativas.<\/p>\n<p>Art\u00edculo 8.\u00a0No ser\u00e1 necesaria la confirmaci\u00f3n de asistencia por parte de los socios para las actividades ordinarias del Club, salvo que as\u00ed lo determine el responsable de la actividad, que podr\u00e1 solicitar confirmaci\u00f3n o inscripci\u00f3n para coordinar la actividad.<\/p>\n<p>Art\u00edculo 9.\u00a0 El club dispone de un seguro de Responsabilidad Civil que cubrir\u00e1 las responsabilidades que un socio del Club por los da\u00f1os producidos a terceros durante durante cualquier actividad organizada por el Club. Este seguro s\u00f3lo cubre exclusivamente a los socios del Club.<\/p>\n<p>Art\u00edculo 10.\u00a0Se permitir\u00e1 la asistencia a actividades del Club de aquellas personas que no siendo socios est\u00e9n interesadas en formar parte del mismo, para ello deber\u00e1n tener en cuenta lo establecido en el art\u00edculo 3.\u00a0 Esta asistencia se deber\u00e1 comunicar al responsable de la actividad y obtener la autorizaci\u00f3n del mismo, lo que ser\u00e1 indispensable para su participaci\u00f3n.<\/p>\n<p>Art\u00edculo 11.\u00a0No est\u00e1 permitida la realizaci\u00f3n de actividades del Club o con el nombre del Club que no hayan sido aprobadas por la Junta Directiva previamente.<\/p>\n<p>Art\u00edculo 12. Los socios, sin la autorizaci\u00f3n previa de la Junta Directiva, no podr\u00e1n organizar ni promover actividades de car\u00e1cter colectivo dirigidas a otros socios del Club u otro tipo de entidad o empresa, usando para ello los medios del Club, cuando transcurran en competencia desleal con las actividades del Club.<\/p>\n<p><strong>CAP\u00cdTULO 3. \u2013De las rutas del club.<\/strong><\/p>\n<p>Art\u00edculo 13.\u00a0 Las rutas realizadas por el club deber\u00e1n ser propuestas por los socios a la Junta Directiva, y tras su aceptaci\u00f3n ser\u00e1n incluidas en el Calendario de Rutas que se editaran cada temporada.\u00a0 Contar\u00e1n con uno o varios jueces de ruta que tendr\u00e1n conocimiento adecuado del entorno en el que se van a desarrollar.\u00a0 Son obligaciones del juez de ruta:<\/p>\n<ul>\n<li>Preparar la ruta con antelaci\u00f3n.<\/li>\n<li>Conocer perfectamente el recorrido y las posibles v\u00edas de evacuaci\u00f3n\u00a0 o salida.<\/li>\n<li>Estar presente el d\u00eda de su realizaci\u00f3n.<\/li>\n<li>Hacer cumplir las normas contenidas en este Reglamento relativas al desarrollo de las actividades del club y el reglamento de las rutas oficiales del Club publicado en la web del mismo.<\/li>\n<li>Conducir al grupo sin que nadie se extrav\u00ede.<\/li>\n<\/ul>\n<p>Art\u00edculo 14.\u00a0 El Club informar\u00e1 del grado de dificultad f\u00edsica y t\u00e9cnica de las rutas, as\u00ed como de la distancia a recorrer, y los socios deber\u00e1n tener en cuenta el tipo de la ruta, eligiendo aquellas que se adecuen a su preparaci\u00f3n previa.<\/p>\n<p>Art\u00edculo 15.\u00a0Los participantes en las actividades deportivas del club, socios o invitados, deber\u00e1n seguir las indicaciones facilitadas por los responsables de la actividad, especialmente las recomendaciones en materia de seguridad y prudencia, exigibles en funci\u00f3n del recorrido. Los socios participantes no podr\u00e1n imponer un cambio en la ruta a seguir, salvo consentimiento del juez de ruta, ya que no perder\u00e1 la responsabilidad que le corresponde en el resto de actividad.<\/p>\n<p>Art\u00edculo 16.\u00a0Todos los socios que participen en las rutas oficiales del Club deben colaborar para el correcto desarrollo de las mismas, siguiendo en todo momento las indicaciones del juez de ruta, y llevando un ritmo adecuado para mantener el orden del grupo.<\/p>\n<p>Art\u00edculo 17.\u00a0 La utilizaci\u00f3n de la equipaci\u00f3n del Club es obligatoria en todas las actividades deportivas en las que participe el Club de forma oficial, propia o ajena, salvo aquel tipo de socio que no tenga equipaci\u00f3n.<\/p>\n<p>Art\u00edculo 18.\u00a0Es obligatorio el uso del casco para participar en las rutas organizadas por el Club, sea cual sea el tipo de recorrido que se realice.\u00a0 No se permitir\u00e1 la participaci\u00f3n de aquellos que no lo lleven o no lo usen adecuadamente.<\/p>\n<p>Art\u00edculo 19.\u00a0Adem\u00e1s de los elementos de seguridad, cada participante deber\u00e1 ocuparse de que su bicicleta\u00a0 est\u00e9 en perfecto orden mec\u00e1nico para la ruta.\u00a0 Habr\u00e1 de portar un equipo b\u00e1sico, compuesto de agua y alimentos adecuados a la duraci\u00f3n de la ruta, as\u00ed como de los \u00fatiles m\u00ednimos necesarios para arreglar pinchazos; siendo tambi\u00e9n recomendables multiherramienta, tronchacadenas y tel\u00e9fono m\u00f3vil.<\/p>\n<p>Art\u00edculo 20.\u00a0En los tramos que discurran por v\u00edas rurales (pistas forestales, ca\u00f1adas, sendas, etc.), se seguir\u00e1n los caminos marcados. Se ceder\u00e1 el paso y se respetar\u00e1 al resto de usuarios de estas v\u00edas (personas y animales), y se observar\u00e1 el cierre de las verjas y puertas que se vayan abriendo, tras el paso del grupo.<\/p>\n<p>Art\u00edculo 21.\u00a0Cuando el grupo circule por v\u00edas asfaltadas, urbanas e interurbanas, se habr\u00e1n de cumplir estrictamente las normas establecidas en la legislaci\u00f3n vigente, Ley de Tr\u00e1fico y C\u00f3digo General de Circulaci\u00f3n (Real Decreto 1428\/2003, de 21 de noviembre).<\/p>\n<p>Art\u00edculo 22.\u00a0Todos los asistentes a las rutas oficiales del Club deber\u00e1n respetar la Naturaleza, evitar\u00e1n deterioros en el medioambiente y no arrojar\u00e1n basura.<\/p>\n<p>Art\u00edculo 23.\u00a0\u00a0Compromiso con los Sponsors.\u00a0\u00a0 El Club se compromete a ir debidamente uniformado con la equipaci\u00f3n oficial durante el periodo que se estime oportuno, en todas las rutas oficiales seg\u00fan Calendario Oficial, as\u00ed como excursiones y otros eventos organizados por el Club. En este periodo se producir\u00e1n miles de impactos publicitarios m\u00f3viles en diferentes pueblos, zonas geogr\u00e1ficas, d\u00edas, etc.<\/p>\n<p>Art\u00edculo 24.\u00a0Zonas Publicitarias.\u00a0 Se distribuir\u00e1n varias zonas publicitarias dentro del uniforme para que las empresas elijan el lugar publicitario que mejor se adapte a sus intereses y promoci\u00f3n,\u00a0 valorando econ\u00f3micamente el\u00a0 Club cada zona seg\u00fan su impacto.\u00a0 La impresi\u00f3n publicitaria se realizar\u00e1 con las t\u00e9cnicas adecuadas a cada tejido e ir\u00e1 con forma, dibujo, tipo de letra, color, etc\u2026 que mejor se adapte al tama\u00f1o de cada zona y al color adyacente a la misma, combinando de esta manera con la equipaci\u00f3n del equipo. Los precios establecidos para cada zona destinada a publicidad ser\u00e1n determinados por la Junta Directiva.<\/p>\n<p><strong>CAP\u00cdTULO 4. \u2013 De las cuotas<\/strong><\/p>\n<p>Art\u00edculo 25.\u00a0La modalidad de pago es la siguiente:<\/p>\n<p>Con el fin de que el club pueda desarrollar sus actividades, tal y como se decidi\u00f3 en la Asamblea General, los socios estar\u00e1n obligados a pagar una cuota anual, cuyo importe ser\u00e1 de 25\u20ac votado en Asamblea de Socios.<\/p>\n<p>Los socios menores de 18 a\u00f1os tambi\u00e9n tendr\u00e1n una cuota anual de 25\u20ac, pero durante las actividades oficiales del Club deben de estar acompa\u00f1ados de un adulto.<\/p>\n<p>El sistema de pago ser\u00eda el siguiente:<\/p>\n<ul>\n<li>Se puede hacer desde la web del Club (<a href=\"http:\/\/www.clubciclistabandidosteatinos.com\">clubciclistabandidosteatinos.com<\/a>) desde el apartado Hazte Soci@.<\/li>\n<li>Tambi\u00e9n se puede hacer pago mediante transferencia o ingerso en efectivo en la cuenta bancaria del club, que est\u00e1 indicado en el apartado Hazte Soci@ de la web del club.<\/li>\n<\/ul>\n<p>El Club dispone de una cuenta bancaria para los abonos de las cuotas. Las cuotas podr\u00e1n ser abonadas de la siguiente manera:<\/p>\n<ul>\n<li>Nuevos socios: En el momento de inscribirse como socio en el Club.<\/li>\n<li>Renovaci\u00f3n de socios: Durante el mes de enero del a\u00f1o vigente.<\/li>\n<\/ul>\n<p>Art\u00edculo 26.\u00a0 El pago de la cuota incluye seguro de responsabilidad civil para los socios en todas las actividades organizadas por este, pero no incluye seguro de accidentes, siendo este responsabilidad exclusiva del socio.<\/p>\n<p>Para poder beneficiarse de las ventajas ofrecidas por el club (descuentos, regalos, comidas, desplazamientos, equipaciones, etc.) ser\u00e1 condici\u00f3n indispensable:<\/p>\n<ul>\n<li>Estar al corriente de pago de la cuota anual.<\/li>\n<\/ul>\n<p>&nbsp;<\/p>\n<p><strong>CAP\u00cdTULO 5. \u2013 De la liga interna<\/strong><\/p>\n<p>El \u00fanico fin de la liga interna del Club Ciclista Bandidos de Teatinos es incentivar las salidas, quedadas, marchas cicloturistas y competiciones. En esta liga s\u00f3lo participaran los socios del Club.<\/p>\n<p>El Club busca con esta liga motivar a los integrantes, con un sencillo juego, a participar en pruebas a lo largo de la temporada y premiarlos por ello.<\/p>\n<p>Art\u00edculo 27.\u00a0Sistema de puntuaci\u00f3n:<\/p>\n<ul>\n<li>5 puntos por participar en las rutas organizadas por el club.<\/li>\n<li>5 puntos para el socio que proponga el coche de apoyo para las rutas de carretera oficiales del Club. Si el socio que ha propuesto el coche de apoyo tambi\u00e9n asiste a la ruta de carretera s\u00f3lo sumar\u00e1 puntos una vez.<\/li>\n<li>2 puntos por participar en las rutas o carreras organizadas por otros clubes.<\/li>\n<li>8 puntos por colaborar (ya sea directamente \u00f3 presentando a otra persona que les sustituya en la realizaci\u00f3n de las tareas que le correspondan) en la organizaci\u00f3n de la Marcha Ciclista, organizada por nuestro club.<\/li>\n<li>15 puntos por asistir durante el a\u00f1o\u00a0a todas las asambleas convocadas por el club<\/li>\n<li>No se sumar\u00e1n puntos si en la inscripci\u00f3n de la Marcha Ciclista organizado por el Club o en marchas organizadas por otros Clubes no se indica la pertenencia al C.C. Bandidos de Teatinos<\/li>\n<li>Se restar\u00e1n 5 puntos si el socio abandona la ruta sin causa justificada o es expulsado de la misma por comportamiento inadecuado. Si el abandono de la marcha es justificado no se restaran puntos.<\/li>\n<li>La fecha l\u00edmite para poder acumular puntos es el d\u00eda de la comida \u00f3 cena de Navidad (inclusive).<\/li>\n<li>Al final de la temporada se har\u00e1 un recuento y se obtendr\u00e1n los ganadores.<\/li>\n<\/ul>\n<p>\u200bArt\u00edculo 28.\u00a0Premios: Los premios ser\u00e1n publicados por el club a los largo del a\u00f1o.<\/p>\n<p>\u200bArt\u00edculo 29.\u00a0 Toda persona interesada en ser miembro del Club debe conocer las normas aqu\u00ed recogidas, acept\u00e1ndolas en el momento\u00a0que formaliza su solicitud de ingreso en el club.<\/p>\n<p>&nbsp;<\/p>\n<h2><strong><u>R\u00c9GIMEN DISCIPLINARIO<\/u><\/strong><\/h2>\n<p>De acuerdo con lo dispuesto en el art\u00edculo 9, punto 1 de los Estatutos que rigen el CLUB DEPORTIVO \u201cBANDIDOS DE TEATINOS\u201d, (en adelante, el Club), se aprueba el presente R\u00e9gimen Disciplinario que establece la normativa y el procedimiento de esta naturaleza para el Club.<\/p>\n<p>Art\u00edculo 1. Comit\u00e9 de Disciplina.<\/p>\n<p>El Comit\u00e9 de Disciplina estar\u00e1 formado por la Junta Directiva y ser\u00e1 el encargado de ejercer la potestad disciplinaria sobre todos los socios del Club<\/p>\n<p>Art\u00edculo 2. Faltas.<\/p>\n<p>Se considerar\u00e1n como faltas o infracciones las acciones u omisiones que contravengan las normas recogidas en los Estatutos, en el Reglamento Interno y en el resto de la legislaci\u00f3n vigente que sea de aplicaci\u00f3n, y se clasificar\u00e1n en leves, graves y muy graves.<\/p>\n<p>Art\u00edculo 3.\u00a0Tendr\u00e1n car\u00e1cter de leves las faltas que contravengan las normas relativas al desarrollo de las actividades, recogidas en el Reglamento Interno.<\/p>\n<p>Art\u00edculo 4.\u00a0Se considerar\u00e1n como faltas graves:<\/p>\n<ol>\n<li>La reiteraci\u00f3n, en tres ocasiones o m\u00e1s, de cualquier falta leve, durante un per\u00edodo de tres meses.<\/li>\n<li>Las faltas de respeto o muestras de trato denigrante sobre cualquiera de los integrantes del Club, cualquier participante o invitado.<\/li>\n<li>Cualquier comportamiento llevado a cabo durante el desarrollo de las actividades del Club, que se pueda considerar indecoroso o inadecuado para la imagen del mismo.<\/li>\n<li>Aquellas acciones que generen perjuicio o da\u00f1en la imagen del Club o de sus patrocinadores y colaboradores.<\/li>\n<\/ol>\n<p>Art\u00edculo 5.\u00a0Se considerar\u00e1n como faltas muy graves:<\/p>\n<ol>\n<li>La reiteraci\u00f3n, en dos ocasiones o m\u00e1s, de cualquier falta grave.<\/li>\n<li>Cualquier conducta lesiva o delictiva contra el patrimonio del club o la integridad f\u00edsica de cualquiera de sus miembros.<\/li>\n<li>El impago de la cuota de socio.<\/li>\n<\/ol>\n<p>Art\u00edculo 6. Sanciones.-\u00a0Se establecen las siguientes sanciones para cada tipo de falta:<\/p>\n<ol>\n<li>Faltas leves: la exclusi\u00f3n de la actividad en cuyo transcurso se cometa la infracci\u00f3n.<\/li>\n<li>Faltas graves. La expulsi\u00f3n temporal del club durante el periodo de tiempo que estime el Comit\u00e9 de Disciplina, que, en ning\u00fan caso, ser\u00e1 superior a tres meses.<\/li>\n<li>Faltas muy graves: la expulsi\u00f3n definitiva del club. Dicha resoluci\u00f3n deber\u00e1 ser ratificada en la pr\u00f3xima Asamblea General del Club.<\/li>\n<\/ol>\n<p>Art\u00edculo 7. Actuaci\u00f3n del Comit\u00e9 de Disciplina.<\/p>\n<p>La Junta Directiva, en su funci\u00f3n de Comit\u00e9 de Disciplina podr\u00e1 actuar: de oficio (sin mediar denuncia de parte) o por denuncia previa de afectado\/s o cualquier socio\/s del club.<\/p>\n<p>Circunstancias.<\/p>\n<p><u>Agravantes:<\/u>\u00a0Reincidencia, intencionalidad, etc.<\/p>\n<p><u>Atenuantes<\/u>:\u00a0Arrepentimiento espont\u00e1neo, provocaci\u00f3n previa, etc.<\/p>\n<p>-Plazos: Reuni\u00f3n del Comit\u00e9 Disciplinario, dentro de los treinta d\u00edas desde la denuncia por escrito ante dicho Comit\u00e9, si existiera.<\/p>\n<p>-Resoluci\u00f3n del expediente: Dentro de los quince d\u00edas desde la audiencia del Comit\u00e9 de Disciplina.<\/p>\n<p>Recursos y Reclamaciones.<\/p>\n<p>Se podr\u00e1 recurrir la decisi\u00f3n del Comit\u00e9 dentro de los quince posteriores a la resoluci\u00f3n, ante el propio Comit\u00e9 dirigi\u00e9ndose por escrito al Presidente del mismo.<\/p>\n<p>La resoluci\u00f3n definitiva, deber\u00e1 producirse dentro de los quince d\u00edas posteriores al escrito de recurso.<\/p>\n<p>En caso de disconformidad con la resoluci\u00f3n, el interesado podr\u00e1 solicitar la convocatoria de una Asamblea Extraordinaria, con el fin de que por la misma se nombre un Comit\u00e9 integrado por cinco socios, quien tras el estudio de todos los antecedentes, resuelva definitivamente el expediente.\u00a0 Dicha resoluci\u00f3n deber\u00e1 dictarse en un plazo no superior a quince d\u00edas contados desde el siguiente d\u00eda al de su nombramiento.<\/p>\n<p>&nbsp;<\/p>\n<p>DISPOSICI\u00d3N FINAL.-\u00a0 Para todo lo no contemplado en el presente Reglamento ser\u00e1 de aplicaci\u00f3n el r\u00e9gimen de disciplina deportiva previsto en la Ley 5\/2015, de 26 de marzo, de la Actividad F\u00edsica y el Deporte de Castilla-La Mancha o norma que lo sustituya.<\/p>\n<p>&nbsp;<\/p>\n<h2><strong><u>REGLAMENTO DE LAS RUTAS OFICIALES DEL CLUB<\/u><\/strong><\/h2>\n<p><strong>1.<\/strong>\u00a0La participaci\u00f3n en las rutas\u00a0organizadas por el Club, lleva impl\u00edcita la declaraci\u00f3n del conocimiento y aceptaci\u00f3n de las normas de este Reglamento.<\/p>\n<p><strong>2.<\/strong>\u00a0Las rutas, son de car\u00e1cter libre, no competitivas y por lo tanto, solo se trata de un reto personal para cada participante.<\/p>\n<p><strong>\u200b3.<\/strong>\u00a0PARTICULARIDADES DE LA RUTA. La fecha de celebraci\u00f3n, lugar de concentraci\u00f3n, coste de la misma (en su caso), perfil y caracter\u00edsticas del recorrido y dem\u00e1s detalles espec\u00edficos de cada ruta, se reflejar\u00e1n en cualquiera de los m\u00e9todos de los que dispone el Club para informar.<\/p>\n<p><strong>4.-<\/strong>\u00a0Antes de comenzar la ruta, todo participante deber\u00e1 presentarse al gu\u00eda de ruta e informarle de su intenci\u00f3n de realizar la ruta, y a partir de ese momento ser\u00e1 considerado participante de esa ruta y est\u00e1 en la obligaci\u00f3n de atenerse, en primer lugar al REGLAMENTO GENERAL DE CIRCULACI\u00d3N\u00a0correspondiente a la Ley de Tr\u00e1fico, Circulaci\u00f3n y Seguridad Vial y en segundo lugar, y principalmente al Reglamento de Rutas Oficiales del Club Ciclista Bandidos de Teatinos. El recorrido de la ruta, no estar\u00e1 cerrado al tr\u00e1fico, por lo tanto, TODOS los participantes est\u00e1n obligados a cumplir las Normas de Circulaci\u00f3n Vial siendo \u00daNICOS responsables de las infracciones que puedan cometer<\/p>\n<p><strong>5.<\/strong>\u00a0El participante en la ruta, acepta\u00a0y entiende que existe la posibilidad de sufrir un accidente deportivo inherente a la pr\u00e1ctica del Ciclismo, adem\u00e1s el Club no se har\u00e1 responsable de ninguna sanci\u00f3n impuesta a los participantes de la ruta. De igual forma el Club Ciclista Bandidos de Teatinos, su Junta Directiva\u00a0y\/o cualquier persona f\u00edsica o Jur\u00eddica vinculada con la organizaci\u00f3n de la ruta queda EXENTO de toda responsabilidad por da\u00f1os personales y materiales derivados de ACCIDENTES en que pudieran verse implicados los participantes de la ruta sean socios \u00f3 no del Club.<\/p>\n<ul>\n<li>Igualmente exime a todos los anteriormente citados de cualquier perjuicio que, por motivos de salud, pudieran derivarse de su participaci\u00f3n en la ruta, asumiendo el riesgo que supone para la salud del participante, el esfuerzo f\u00edsico requerido por la participaci\u00f3n en la ruta, declarando estar en estado de forma f\u00edsica adecuado y no padecer lesi\u00f3n alguna que pueda agravarse como consecuencia de su realizaci\u00f3n, aceptando todos los riesgos y situaciones que puedan derivarse.<\/li>\n<li>Tambi\u00e9n se exime a las personas y organismos anteriormente citados, de cualquier responsabilidad que, por la participaci\u00f3n en la ruta, pudiera derivarse para el propio participante como la p\u00e9rdida o deterioro de objetos personales, por robo, extrav\u00edos u otras circunstancias.<\/li>\n<\/ul>\n<p><strong>6.<\/strong>\u00a0Sistema de puntuaci\u00f3n exclusivo para socios:<\/p>\n<ul>\n<li>5 puntos por participar en las rutas organizadas por el club.<\/li>\n<li>5 puntos para el socio que proponga el coche de apoyo para las rutas de carretera oficiales del Club. Si el socio que ha propuesto el coche de apoyo tambi\u00e9n asiste a la ruta de carretera s\u00f3lo sumar\u00e1 puntos una vez.<\/li>\n<li>2 puntos por participar en las rutas o carreras organizadas por otros clubes.<\/li>\n<li>8 puntos por colaborar (ya sea directamente \u00f3 presentando a otra persona que les sustituya en la realizaci\u00f3n de las tareas que le correspondan) en la organizaci\u00f3n de la Marcha Ciclista, organizada por nuestro club.<\/li>\n<li>15 puntos por asistir durante el a\u00f1o\u00a0a todas las asambleas convocadas por el club<\/li>\n<li>No se sumar\u00e1n puntos si en la inscripci\u00f3n de la Marcha Ciclista organizado por el Club o en marchas organizadas por otros Clubes no se indica la pertenencia al C.C. Bandidos de Teatinos<\/li>\n<li>Se restar\u00e1n 5 puntos si el socio abandona la ruta sin causa justificada o es expulsado de la misma por comportamiento inadecuado. Si el abandono de la marcha es justificado no se restaran puntos.<\/li>\n<li>La fecha l\u00edmite para poder acumular puntos es el d\u00eda de la comida \u00f3 cena de Navidad (inclusive).<\/li>\n<li>Al final de la temporada se har\u00e1 un recuento y se obtendr\u00e1n los ganadores.<\/li>\n<\/ul>\n<p><strong>\u200b7.<\/strong>\u00a0El Club dispone de un seguro de responsabilidad civil para cubrir los da\u00f1os que involuntariamente pudiera ocasionar un socio del Club Ciclista Bandidos de Teatinos frente a terceros. Este seguro no cubre a participantes en la ruta\u00a0que no sean socios del Club.<\/p>\n<p><strong>8.<\/strong>\u00a0El Club no dispone de seguro de accidentes por lo que no se hace responsable, en ning\u00fan caso, de los accidentes en los que pudieran ser causante o victima los ciclistas participantes de la ruta. Es responsabilidad de los participantes de la ruta la obtenci\u00f3n de correspondiente seguro de accidentes<\/p>\n<p><strong>9.<\/strong>\u00a0La Junta Directiva\u00a0se reserva el derecho a modificar las particulares caracter\u00edsticas de la ruta, si por causa justificada o de fuerza mayor fuera necesario.<\/p>\n<p><strong>10.<\/strong>\u00a0La Junta Directiva\u00a0se reserva el derecho de excluir unilateralmente de la ruta, a todo participante que no observe el comportamiento debido, incumpla las normas legales aplicables, as\u00ed como este Reglamento o haga caso omiso a las indicaciones que reciba de parte del Juez de Ruta, cualquier miembro del gu\u00eda de la marcha y\/o Junta Directiva.<\/p>\n<p><strong>11.<\/strong>\u00a0El uso del casco protector, ser\u00e1 OBLIGATORIO para todos los participantes durante toda la celebraci\u00f3n de la ruta.<\/p>\n<p><strong>12.<\/strong>\u00a0Queda totalmente prohibido tirar botellas u otros recipientes, as\u00ed como geles y glucosas o cualquier tipo de basura o desperdicios a lo largo del recorrido.<\/p>\n<p><strong>13.<\/strong>\u00a0Todo participante en la ruta AUTORIZA a la organizaci\u00f3n de la misma para que pueda publicar en la p\u00e1gina web oficial y el resto de redes sociales del club, las fotos y\/o v\u00eddeos suyos que se hagan durante la ruta.\u00a0El Club Ciclista Bandidos de Teatinos se COMPROMETE a hacer un uso responsable de esas fotos y\/o videos.<\/p>\n<p><strong>14.<\/strong> Al ser una ruta para la promoci\u00f3n del ciclismo de monta\u00f1a, no es obligatorio que los participantes est\u00e9n en posesi\u00f3n de la licencia federativa de ciclismo.<\/p>\n<p>&nbsp;<\/p>\n<p>&nbsp;<\/p>\n<p>&nbsp;<\/p>\n","protected":false},"excerpt":{"rendered":"<p>\u00a0 REGLAMENTO INTERNO De acuerdo con lo establecido en los estatutos del Club Deportivo \u201cBANDIDOS DE TEATINOS\u201d\u00a0 y respetando cuanto se contiene en los mismos, se presenta el siguiente Reglamento de R\u00e9gimen Interno, que desarrolla las normas relativas a las actividades del Club. &nbsp; CAP\u00cdTULO 1. De los socios Art\u00edculo 1. \u00a0El Club Deportivo \u201cBANDIDOS [&hellip;]<\/p>\n","protected":false},"author":1,"featured_media":0,"parent":0,"menu_order":0,"comment_status":"closed","ping_status":"closed","template":"","meta":{"footnotes":""},"class_list":["post-2052","page","type-page","status-publish","hentry"],"_links":{"self":[{"href":"https:\/\/clubciclistabandidosteatinos.com\/en\/wp-json\/wp\/v2\/pages\/2052","targetHints":{"allow":["GET"]}}],"collection":[{"href":"https:\/\/clubciclistabandidosteatinos.com\/en\/wp-json\/wp\/v2\/pages"}],"about":[{"href":"https:\/\/clubciclistabandidosteatinos.com\/en\/wp-json\/wp\/v2\/types\/page"}],"author":[{"embeddable":true,"href":"https:\/\/clubciclistabandidosteatinos.com\/en\/wp-json\/wp\/v2\/users\/1"}],"replies":[{"embeddable":true,"href":"https:\/\/clubciclistabandidosteatinos.com\/en\/wp-json\/wp\/v2\/comments?post=2052"}],"version-history":[{"count":8,"href":"https:\/\/clubciclistabandidosteatinos.com\/en\/wp-json\/wp\/v2\/pages\/2052\/revisions"}],"predecessor-version":[{"id":9100,"href":"https:\/\/clubciclistabandidosteatinos.com\/en\/wp-json\/wp\/v2\/pages\/2052\/revisions\/9100"}],"wp:attachment":[{"href":"https:\/\/clubciclistabandidosteatinos.com\/en\/wp-json\/wp\/v2\/media?parent=2052"}],"curies":[{"name":"wp","href":"https:\/\/api.w.org\/{rel}","templated":true}]}}