{"id":1944,"date":"2017-12-22T00:25:39","date_gmt":"2017-12-22T00:25:39","guid":{"rendered":"http:\/\/clubciclistabandidosteatinos.com\/?page_id=1944"},"modified":"2017-12-22T00:27:22","modified_gmt":"2017-12-22T00:27:22","slug":"aviso-legal-y-politica-de-privacidad","status":"publish","type":"page","link":"https:\/\/clubciclistabandidosteatinos.com\/en\/aviso-legal-y-politica-de-privacidad\/","title":{"rendered":"AVISO LEGAL Y POLITICA DE PRIVACIDAD"},"content":{"rendered":"<h4>DATOS GENERALES<\/h4>\n<p><strong>De acuerdo con el art\u00edculo 10 de la Ley 34\/2002, de 11 de julio, de Servicios de la Sociedad de la Informaci\u00f3n y de Comercio Electr\u00f3nico ponemos a su disposici\u00f3n los siguientes datos:<\/strong><\/p>\n<p>El Club Ciclista Bandidos de Teatinos est\u00e1 domiciliado en la calle Galindo, 14 de Casas de Fernando Alonso, provincia de Cuenca, con CIF\u00a0G16336729. Inscrito en el Registro de Entidades Deportivas de Castilla-La Mancha con el n\u00famero CD0000004439.<\/p>\n<p>En la web www.clubciclistabandidosteatinos.com hay una serie de contenidos de car\u00e1cter informativo sobre contenido de la web y explicaci\u00f3n de su actividad.<\/p>\n<p><strong>Su principal objetivo<\/strong>\u00a0es facilitar a sus socios y al p\u00fablico en general, la informaci\u00f3n relativa al club.<\/p>\n<h4>POL\u00cdTICA DE PRIVACIDAD<\/h4>\n<p><img loading=\"lazy\" decoding=\"async\" class=\"alignright size-full wp-image-583\" src=\"http:\/\/www.legislacioninternet.com\/wp-content\/uploads\/2014\/09\/Blog-legislacion11.jpg\" alt=\"Ejemplo aviso legal\" width=\"300\" height=\"293\" \/>En cumplimiento de lo dispuesto en\u00a0<strong>la Ley Org\u00e1nica 15\/1999, de 13 de Diciembre, de Protecci\u00f3n de Datos de Car\u00e1cter Personal (LOPD)\u00a0<\/strong>se informa al usuario que todos los datos que nos proporcione ser\u00e1n incorporados a un fichero, titularidad del Club Ciclista Bandidos de Teatinos.<\/p>\n<p>Siempre<strong>\u00a0se va a respetar la confidencialidad de sus datos personales\u00a0<\/strong>que s\u00f3lo ser\u00e1n utilizados con la finalidad de gestionar los servicios ofrecidos, atender a las solicitudes que nos plantee, realizar tareas administrativas, as\u00ed como remitir informaci\u00f3n t\u00e9cnica, comercial o publicitaria por v\u00eda ordinaria o electr\u00f3nica.<\/p>\n<p>Para ejercer sus\u00a0<strong>derechos de oposici\u00f3n, rectificaci\u00f3n o cancelaci\u00f3n\u00a0<\/strong>deber\u00e1 dirigirse a la sede de ll club en la calle Galindo, 14 de Casas de Fernando Alonso de la provincia de Cuenca, escribirnos al siguiente correo clubciclistabandidosteatinos@hotmail.com o ll\u00e1manos al 696884066.<\/p>\n<h4>CONDICIONES DE USO<\/h4>\n<p><strong>Las condiciones de acceso y uso del presente sitio web se rigen por la legalidad vigente y por el principio de buena fe<\/strong>\u00a0comprometi\u00e9ndose el usuario a realizar un buen uso de la web. No se permiten conductas que vayan contra la ley, los derechos o intereses de terceros.<\/p>\n<p>Ser usuario de la web de\u00a0www.clubciclistabandidosteatinos.com implica que reconoce haber le\u00eddo y aceptado las presentes condiciones y lo que las extienda la normativa legal aplicable en esta materia. Si por el motivo que fuere no est\u00e1 de acuerdo con estas condiciones no contin\u00fae usando esta web.<\/p>\n<p><strong>Cualquier tipo de notificaci\u00f3n y\/o reclamaci\u00f3n solamente ser\u00e1 v\u00e1lida por notificaci\u00f3n escrita y\/o correo certificado.<\/strong><\/p>\n<h4>RESPONSABILIDADES<\/h4>\n<p>El Club Ciclista Bandidos de Teatinos\u00a0<strong>no se hace responsable de la informaci\u00f3n y contenidos almacenados en foros, redes sociales o cualesquier otro medio<\/strong>\u00a0que permita a terceros publicar contenidos de forma independiente en la p\u00e1gina web del prestador.<\/p>\n<p>Sin embargo, teniendo en cuenta los art. 11 y 16 de la LSSI-CE, el Club Ciclista Bandidos de Teatinos<strong>\u00a0se compromete a la retirada o en su caso bloqueo de aquellos contenidos que pudieran afectar o contravenir la legislaci\u00f3n nacional o internacional<\/strong>, derechos de terceros o la moral y el orden p\u00fablico.<\/p>\n<p><strong>Tampoco la empresa se responsabilizar\u00e1 de los da\u00f1os y perjuicios que se produzcan por fallos o malas configuraciones del software instalado en el ordenador del internauta.<\/strong>\u00a0Se excluye toda responsabilidad por alguna incidencia t\u00e9cnica o fallo que se produzca cuando el usuario se conecte a internet. Igualmente no se garantiza la inexistencia de interrupciones o errores en el acceso al sitio web.<\/p>\n<p>As\u00ed mismo,\u00a0el Club Ciclista Bandidos de Teatinos\u00a0<strong>se reserva el derecho a actualizar, modificar o eliminar la informaci\u00f3n contenida en su p\u00e1gina web<\/strong>, as\u00ed como la configuraci\u00f3n o presentaci\u00f3n del mismo, en cualquier momento sin asumir alguna responsabilidad por ello.<\/p>\n<p>&nbsp;<\/p>\n","protected":false},"excerpt":{"rendered":"<p>DATOS GENERALES De acuerdo con el art\u00edculo 10 de la Ley 34\/2002, de 11 de julio, de Servicios de la Sociedad de la Informaci\u00f3n y de Comercio Electr\u00f3nico ponemos a su disposici\u00f3n los siguientes datos: El Club Ciclista Bandidos de Teatinos est\u00e1 domiciliado en la calle Galindo, 14 de Casas de Fernando Alonso, provincia de [&hellip;]<\/p>\n","protected":false},"author":1,"featured_media":0,"parent":0,"menu_order":0,"comment_status":"closed","ping_status":"closed","template":"","meta":{"footnotes":""},"class_list":["post-1944","page","type-page","status-publish","hentry"],"_links":{"self":[{"href":"https:\/\/clubciclistabandidosteatinos.com\/en\/wp-json\/wp\/v2\/pages\/1944","targetHints":{"allow":["GET"]}}],"collection":[{"href":"https:\/\/clubciclistabandidosteatinos.com\/en\/wp-json\/wp\/v2\/pages"}],"about":[{"href":"https:\/\/clubciclistabandidosteatinos.com\/en\/wp-json\/wp\/v2\/types\/page"}],"author":[{"embeddable":true,"href":"https:\/\/clubciclistabandidosteatinos.com\/en\/wp-json\/wp\/v2\/users\/1"}],"replies":[{"embeddable":true,"href":"https:\/\/clubciclistabandidosteatinos.com\/en\/wp-json\/wp\/v2\/comments?post=1944"}],"version-history":[{"count":5,"href":"https:\/\/clubciclistabandidosteatinos.com\/en\/wp-json\/wp\/v2\/pages\/1944\/revisions"}],"predecessor-version":[{"id":1949,"href":"https:\/\/clubciclistabandidosteatinos.com\/en\/wp-json\/wp\/v2\/pages\/1944\/revisions\/1949"}],"wp:attachment":[{"href":"https:\/\/clubciclistabandidosteatinos.com\/en\/wp-json\/wp\/v2\/media?parent=1944"}],"curies":[{"name":"wp","href":"https:\/\/api.w.org\/{rel}","templated":true}]}}