{"id":16,"date":"2017-11-18T13:34:53","date_gmt":"2017-11-18T13:34:53","guid":{"rendered":"http:\/\/clubciclistabandidosteatinos.com\/?page_id=16"},"modified":"2025-12-27T12:24:11","modified_gmt":"2025-12-27T12:24:11","slug":"colaboradores","status":"publish","type":"page","link":"https:\/\/clubciclistabandidosteatinos.com\/en\/colaboradores\/","title":{"rendered":"COLABORADORES"},"content":{"rendered":"<h3 class=\"font_7\"><strong><span class=\"color_28\">\u00bfQUIERES SER COLABORADOR DEL CLUB CICLISTA BANDIDOS DE TEATINOS?<\/span><\/strong><\/h3>\n<p class=\"font_7\">El club ciclista Bandidos de Teatinos es un club sin \u00e1nimo de lucro, cuya idea es fomentar, promocionar y divulgar la idea del ejercicio f\u00edsico, del deporte en general y del ciclismo es cualquier de sus modalidades, en particular.<\/p>\n<p class=\"font_7\">El club organiza una ruta al mes con sus socios, adem\u00e1s organiza marchas a nivel comarcal, reuniones con otros clubes y participa en el Circuito Provincial BTT de Cuenca y el Circuito Provincial BTT de Albacete, donde la publicidad en sus equipaciones producen cientos de impactos publicitarios.<\/p>\n<p class=\"font_7\"><span class=\"wixGuard\">\u200b<\/span>Si quieres colaborar con nosotros, puedes llamarnos al <strong>651 447 984<\/strong>\u00a0o escribir un correo a la direcci\u00f3n <a href=\"mailto:clubciclistabandidosteatinos@hotmail.com\"><strong>clubciclistabandidosteatinos@hotmail.com<\/strong><\/a><\/p>\n<p class=\"font_7\">Estos son los colaboradores que conf\u00edan en el club. Pincha sobre la imagen de cada colaborador para obtener m\u00e1s informaci\u00f3n.<\/p>\n<p>&nbsp;<\/p>\n<style type=\"text\/css\">\n#foogallery-gallery-3403.fg-masonry { --fg-gutter: 10px; }<\/style>\n\t\t\t<div class=\"foogallery foogallery-container foogallery-masonry foogallery-lightbox-foobox fg-center fg-masonry fg-ready fg-light fg-border-thin fg-shadow-outline fg-loading-pulse fg-loaded-fade-in fg-caption-hover fg-hover-fade fg-hover-external fg-col2\" id=\"foogallery-gallery-3403\" data-foogallery=\"{&quot;item&quot;:{&quot;showCaptionTitle&quot;:true,&quot;showCaptionDescription&quot;:true},&quot;lazy&quot;:true}\" style=\"--fg-title-line-clamp: 0; --fg-description-line-clamp: 0;\" >\n\t\t<div class=\"fg-column-width\"><\/div>\n\t<div class=\"fg-gutter-width\"><\/div>\n\t\t<div class=\"fg-item fg-type-iframe fg-idle\"><figure class=\"fg-item-inner\"><a href=\"https:\/\/clubciclistabandidosteatinos.com\/newcar_electro\/\" data-attachment-id=\"10339\" data-type=\"iframe\" class=\"fg-thumb\"><span class=\"fg-image-wrap\"><img decoding=\"async\" width=\"250\" height=\"93\" class=\"skip-lazy fg-image\" data-src-fg=\"https:\/\/clubciclistabandidosteatinos.com\/wp-content\/uploads\/cache\/2023\/03\/LogoNCWeb\/4226078252.jpg\" src=\"data:image\/svg+xml,%3Csvg%20xmlns%3D%22http%3A%2F%2Fwww.w3.org%2F2000%2Fsvg%22%20width%3D%22250%22%20height%3D%2293%22%20viewBox%3D%220%200%20250%2093%22%3E%3C%2Fsvg%3E\" loading=\"eager\"><\/span><span class=\"fg-image-overlay\"><\/span><\/a><\/figure><div class=\"fg-loader\"><\/div><\/div><div class=\"fg-item fg-type-iframe fg-idle\"><figure class=\"fg-item-inner\"><a href=\"https:\/\/bicicletasmanzanares.com\/\" data-attachment-id=\"3471\" data-type=\"iframe\" class=\"fg-thumb\"><span class=\"fg-image-wrap\"><img decoding=\"async\" width=\"250\" height=\"88\" class=\"skip-lazy fg-image\" data-src-fg=\"https:\/\/clubciclistabandidosteatinos.com\/wp-content\/uploads\/cache\/2018\/02\/B_Manzanares-e1767780922668\/68112838.jpg\" src=\"data:image\/svg+xml,%3Csvg%20xmlns%3D%22http%3A%2F%2Fwww.w3.org%2F2000%2Fsvg%22%20width%3D%22250%22%20height%3D%2288%22%20viewBox%3D%220%200%20250%2088%22%3E%3C%2Fsvg%3E\" loading=\"eager\"><\/span><span class=\"fg-image-overlay\"><\/span><\/a><\/figure><div class=\"fg-loader\"><\/div><\/div><div class=\"fg-item fg-type-iframe fg-idle\"><figure class=\"fg-item-inner\"><a href=\"https:\/\/www.ventajuanantonio.com\/\" target=\"_self\" data-attachment-id=\"3372\" data-type=\"iframe\" class=\"fg-thumb\"><span class=\"fg-image-wrap\"><img decoding=\"async\" width=\"250\" height=\"124\" class=\"skip-lazy fg-image\" data-src-fg=\"https:\/\/clubciclistabandidosteatinos.com\/wp-content\/uploads\/cache\/2018\/02\/Jamones_Juan_Antonio-1\/1616010071.jpg\" src=\"data:image\/svg+xml,%3Csvg%20xmlns%3D%22http%3A%2F%2Fwww.w3.org%2F2000%2Fsvg%22%20width%3D%22250%22%20height%3D%22124%22%20viewBox%3D%220%200%20250%20124%22%3E%3C%2Fsvg%3E\" loading=\"eager\"><\/span><span class=\"fg-image-overlay\"><\/span><\/a><\/figure><div class=\"fg-loader\"><\/div><\/div><div class=\"fg-item fg-type-iframe fg-idle\"><figure class=\"fg-item-inner\"><a href=\"https:\/\/www.vinoteatinos.com\/\" target=\"_self\" data-attachment-id=\"4010\" data-type=\"iframe\" class=\"fg-thumb\"><span class=\"fg-image-wrap\"><img decoding=\"async\" width=\"250\" height=\"124\" class=\"skip-lazy fg-image\" data-src-fg=\"https:\/\/clubciclistabandidosteatinos.com\/wp-content\/uploads\/cache\/2018\/06\/Logo-Vino-Teatinos_New\/3239563118.jpg\" src=\"data:image\/svg+xml,%3Csvg%20xmlns%3D%22http%3A%2F%2Fwww.w3.org%2F2000%2Fsvg%22%20width%3D%22250%22%20height%3D%22124%22%20viewBox%3D%220%200%20250%20124%22%3E%3C%2Fsvg%3E\" loading=\"eager\"><\/span><span class=\"fg-image-overlay\"><\/span><\/a><\/figure><div class=\"fg-loader\"><\/div><\/div><div class=\"fg-item fg-type-iframe fg-idle\"><figure class=\"fg-item-inner\"><a href=\"https:\/\/www.facebook.com\/people\/FKdesign\/100037609725744\/?paipv=0&amp;eav=Afb6rTDM0w7qebc4XK9KQgtZtvgsOj8n_k-xICQ9_cTPD1NOszTL8c1jpjCKK0bvg60&amp;_rdr\" data-attachment-id=\"10332\" data-type=\"iframe\" class=\"fg-thumb\"><span class=\"fg-image-wrap\"><img decoding=\"async\" width=\"250\" height=\"87\" class=\"skip-lazy fg-image\" data-src-fg=\"https:\/\/clubciclistabandidosteatinos.com\/wp-content\/uploads\/cache\/2023\/03\/FKDESIGN\/4122897610.png\" src=\"data:image\/svg+xml,%3Csvg%20xmlns%3D%22http%3A%2F%2Fwww.w3.org%2F2000%2Fsvg%22%20width%3D%22250%22%20height%3D%2287%22%20viewBox%3D%220%200%20250%2087%22%3E%3C%2Fsvg%3E\" loading=\"eager\"><\/span><span class=\"fg-image-overlay\"><\/span><\/a><\/figure><div class=\"fg-loader\"><\/div><\/div><div class=\"fg-item fg-type-iframe fg-idle\"><figure class=\"fg-item-inner\"><a href=\"https:\/\/clubciclistabandidosteatinos.com\/construcciones_lapena\/\" target=\"_self\" data-attachment-id=\"3373\" data-type=\"iframe\" class=\"fg-thumb\"><span class=\"fg-image-wrap\"><img decoding=\"async\" width=\"250\" height=\"124\" class=\"skip-lazy fg-image\" data-src-fg=\"https:\/\/clubciclistabandidosteatinos.com\/wp-content\/uploads\/cache\/2018\/02\/Logo_ConstruccionesLape\u00f1a-1\/3560014096.jpg\" src=\"data:image\/svg+xml,%3Csvg%20xmlns%3D%22http%3A%2F%2Fwww.w3.org%2F2000%2Fsvg%22%20width%3D%22250%22%20height%3D%22124%22%20viewBox%3D%220%200%20250%20124%22%3E%3C%2Fsvg%3E\" loading=\"eager\"><\/span><span class=\"fg-image-overlay\"><\/span><\/a><\/figure><div class=\"fg-loader\"><\/div><\/div><div class=\"fg-item fg-type-iframe fg-idle\"><figure class=\"fg-item-inner\"><a href=\"https:\/\/clubciclistabandidosteatinos.com\/helados_rosemar\/\" data-attachment-id=\"10321\" data-type=\"iframe\" class=\"fg-thumb\"><span class=\"fg-image-wrap\"><img decoding=\"async\" width=\"250\" height=\"91\" class=\"skip-lazy fg-image\" data-src-fg=\"https:\/\/clubciclistabandidosteatinos.com\/wp-content\/uploads\/cache\/2023\/03\/Logo_HeladosRosemar\/3741607066.jpg\" src=\"data:image\/svg+xml,%3Csvg%20xmlns%3D%22http%3A%2F%2Fwww.w3.org%2F2000%2Fsvg%22%20width%3D%22250%22%20height%3D%2291%22%20viewBox%3D%220%200%20250%2091%22%3E%3C%2Fsvg%3E\" loading=\"eager\"><\/span><span class=\"fg-image-overlay\"><\/span><\/a><\/figure><div class=\"fg-loader\"><\/div><\/div><div class=\"fg-item fg-type-iframe fg-idle\"><figure class=\"fg-item-inner\"><a href=\"https:\/\/clubciclistabandidosteatinos.com\/vinos_molina\/\" data-attachment-id=\"3433\" data-type=\"iframe\" class=\"fg-thumb\"><span class=\"fg-image-wrap\"><img decoding=\"async\" width=\"250\" height=\"124\" class=\"skip-lazy fg-image\" data-src-fg=\"https:\/\/clubciclistabandidosteatinos.com\/wp-content\/uploads\/cache\/2018\/02\/Logo_VinosMolina\/1014423611.jpg\" src=\"data:image\/svg+xml,%3Csvg%20xmlns%3D%22http%3A%2F%2Fwww.w3.org%2F2000%2Fsvg%22%20width%3D%22250%22%20height%3D%22124%22%20viewBox%3D%220%200%20250%20124%22%3E%3C%2Fsvg%3E\" loading=\"eager\"><\/span><span class=\"fg-image-overlay\"><\/span><\/a><\/figure><div class=\"fg-loader\"><\/div><\/div><div class=\"fg-item fg-type-iframe fg-idle\"><figure class=\"fg-item-inner\"><a href=\"https:\/\/www.dulcesmontomar.es\/index2.php\" target=\"_self\" data-attachment-id=\"3392\" data-type=\"iframe\" class=\"fg-thumb\"><span class=\"fg-image-wrap\"><img decoding=\"async\" width=\"250\" height=\"124\" class=\"skip-lazy fg-image\" data-src-fg=\"https:\/\/clubciclistabandidosteatinos.com\/wp-content\/uploads\/cache\/2018\/02\/Montomar\/4088587801.jpg\" src=\"data:image\/svg+xml,%3Csvg%20xmlns%3D%22http%3A%2F%2Fwww.w3.org%2F2000%2Fsvg%22%20width%3D%22250%22%20height%3D%22124%22%20viewBox%3D%220%200%20250%20124%22%3E%3C%2Fsvg%3E\" loading=\"eager\"><\/span><span class=\"fg-image-overlay\"><\/span><\/a><\/figure><div class=\"fg-loader\"><\/div><\/div><div class=\"fg-item fg-type-iframe fg-idle\"><figure class=\"fg-item-inner\"><a href=\"https:\/\/clubciclistabandidosteatinos.com\/postes_braina\/\" data-attachment-id=\"10325\" data-type=\"iframe\" class=\"fg-thumb\"><span class=\"fg-image-wrap\"><img decoding=\"async\" width=\"250\" height=\"112\" class=\"skip-lazy fg-image\" data-src-fg=\"https:\/\/clubciclistabandidosteatinos.com\/wp-content\/uploads\/cache\/2023\/03\/Logo-Postes-Braina_ajustado-scaled\/283467455.jpg\" src=\"data:image\/svg+xml,%3Csvg%20xmlns%3D%22http%3A%2F%2Fwww.w3.org%2F2000%2Fsvg%22%20width%3D%22250%22%20height%3D%22112%22%20viewBox%3D%220%200%20250%20112%22%3E%3C%2Fsvg%3E\" loading=\"eager\"><\/span><span class=\"fg-image-overlay\"><\/span><\/a><\/figure><div class=\"fg-loader\"><\/div><\/div><div class=\"fg-item fg-type-iframe fg-idle\"><figure class=\"fg-item-inner\"><a href=\"https:\/\/www.dulcesmarisol.com\/\" data-attachment-id=\"11505\" data-type=\"iframe\" class=\"fg-thumb\"><span class=\"fg-image-wrap\"><img decoding=\"async\" width=\"250\" height=\"122\" class=\"skip-lazy fg-image\" data-src-fg=\"https:\/\/clubciclistabandidosteatinos.com\/wp-content\/uploads\/cache\/2026\/01\/mari_sol_1536x750\/50298246.png\" src=\"data:image\/svg+xml,%3Csvg%20xmlns%3D%22http%3A%2F%2Fwww.w3.org%2F2000%2Fsvg%22%20width%3D%22250%22%20height%3D%22122%22%20viewBox%3D%220%200%20250%20122%22%3E%3C%2Fsvg%3E\" loading=\"eager\"><\/span><span class=\"fg-image-overlay\"><\/span><\/a><\/figure><div class=\"fg-loader\"><\/div><\/div><\/div>\n<p>&nbsp;<\/p>\n<p>&nbsp;<\/p>\n<p>&nbsp;<\/p>\n<p>&nbsp;<\/p>\n<p>&nbsp;<\/p>\n<p>&nbsp;<\/p>\n<p>&nbsp;<\/p>\n<p>&nbsp;<\/p>\n<p>&nbsp;<\/p>\n<p>&nbsp;<\/p>\n<p style=\"text-align: center;\">\n","protected":false},"excerpt":{"rendered":"<p>\u00bfQUIERES SER COLABORADOR DEL CLUB CICLISTA BANDIDOS DE TEATINOS? El club ciclista Bandidos de Teatinos es un club sin \u00e1nimo de lucro, cuya idea es fomentar, promocionar y divulgar la idea del ejercicio f\u00edsico, del deporte en general y del ciclismo es cualquier de sus modalidades, en particular. El club organiza una ruta al mes [&hellip;]<\/p>\n","protected":false},"author":1,"featured_media":0,"parent":0,"menu_order":0,"comment_status":"closed","ping_status":"closed","template":"","meta":{"footnotes":""},"class_list":["post-16","page","type-page","status-publish","hentry"],"_links":{"self":[{"href":"https:\/\/clubciclistabandidosteatinos.com\/en\/wp-json\/wp\/v2\/pages\/16","targetHints":{"allow":["GET"]}}],"collection":[{"href":"https:\/\/clubciclistabandidosteatinos.com\/en\/wp-json\/wp\/v2\/pages"}],"about":[{"href":"https:\/\/clubciclistabandidosteatinos.com\/en\/wp-json\/wp\/v2\/types\/page"}],"author":[{"embeddable":true,"href":"https:\/\/clubciclistabandidosteatinos.com\/en\/wp-json\/wp\/v2\/users\/1"}],"replies":[{"embeddable":true,"href":"https:\/\/clubciclistabandidosteatinos.com\/en\/wp-json\/wp\/v2\/comments?post=16"}],"version-history":[{"count":82,"href":"https:\/\/clubciclistabandidosteatinos.com\/en\/wp-json\/wp\/v2\/pages\/16\/revisions"}],"predecessor-version":[{"id":11340,"href":"https:\/\/clubciclistabandidosteatinos.com\/en\/wp-json\/wp\/v2\/pages\/16\/revisions\/11340"}],"wp:attachment":[{"href":"https:\/\/clubciclistabandidosteatinos.com\/en\/wp-json\/wp\/v2\/media?parent=16"}],"curies":[{"name":"wp","href":"https:\/\/api.w.org\/{rel}","templated":true}]}}