{"id":11525,"date":"2026-01-12T13:43:36","date_gmt":"2026-01-12T13:43:36","guid":{"rendered":"https:\/\/clubciclistabandidosteatinos.com\/?page_id=11525"},"modified":"2026-02-02T08:22:19","modified_gmt":"2026-02-02T08:22:19","slug":"hazte-socio","status":"publish","type":"page","link":"https:\/\/clubciclistabandidosteatinos.com\/en\/hazte-socio\/","title":{"rendered":"HAZTE SOCI@"},"content":{"rendered":"<p style=\"text-align: center;\"><img loading=\"lazy\" decoding=\"async\" class=\"size-full wp-image-1535 aligncenter\" src=\"http:\/\/clubciclistabandidosteatinos.com\/wp-content\/uploads\/2017\/11\/Logo_Portada_Pag_Web.bmp\" alt=\"\" width=\"164\" height=\"140\" \/><\/p>\n<p>En el Club Ciclista Bandidos de Teatinos tenemos rutas programadas para los 12 meses del a\u00f1o en las que recorreremos y podr\u00e1s conocer bonitos paisajes pedaleando con amigos que comparten tu afici\u00f3n por el ciclismo.<\/p>\n<p>Por ser socio del Club Ciclista Bandidos de Teatinos podr\u00e1s acudir a carreras en nombre del Club, te podr\u00e1s aprovechar de las ofertas en nuestras tiendas colaboradoras y no volver\u00e1s a salir s\u00f3lo en bicicleta. Adem\u00e1s, estamos encantados de que formes parte de nuestro club.<\/p>\n<p>La cuota de socio tiene un precio de <strong>30\u20ac\/a\u00f1o<\/strong> y te puedes inscribir pinchando <a href=\"https:\/\/docs.google.com\/forms\/d\/e\/1FAIpQLSc-PPaVMwx8LAXCjC15KL2XgtfvcUXk9rRRrs2234MMFNxbkw\/viewform\">aqu\u00ed<\/a>.<\/p>\n<p>Para m\u00e1s informaci\u00f3n se puede contactar en los tel\u00e9fonos 651 44 79\u00a0 84 \/ 663 26 02 63.<\/p>\n","protected":false},"excerpt":{"rendered":"<p>En el Club Ciclista Bandidos de Teatinos tenemos rutas programadas para los 12 meses del a\u00f1o en las que recorreremos y podr\u00e1s conocer bonitos paisajes pedaleando con amigos que comparten tu afici\u00f3n por el ciclismo. Por ser socio del Club Ciclista Bandidos de Teatinos podr\u00e1s acudir a carreras en nombre del Club, te podr\u00e1s aprovechar [&hellip;]<\/p>\n","protected":false},"author":1,"featured_media":0,"parent":0,"menu_order":0,"comment_status":"closed","ping_status":"closed","template":"","meta":{"footnotes":""},"class_list":["post-11525","page","type-page","status-publish","hentry"],"_links":{"self":[{"href":"https:\/\/clubciclistabandidosteatinos.com\/en\/wp-json\/wp\/v2\/pages\/11525","targetHints":{"allow":["GET"]}}],"collection":[{"href":"https:\/\/clubciclistabandidosteatinos.com\/en\/wp-json\/wp\/v2\/pages"}],"about":[{"href":"https:\/\/clubciclistabandidosteatinos.com\/en\/wp-json\/wp\/v2\/types\/page"}],"author":[{"embeddable":true,"href":"https:\/\/clubciclistabandidosteatinos.com\/en\/wp-json\/wp\/v2\/users\/1"}],"replies":[{"embeddable":true,"href":"https:\/\/clubciclistabandidosteatinos.com\/en\/wp-json\/wp\/v2\/comments?post=11525"}],"version-history":[{"count":6,"href":"https:\/\/clubciclistabandidosteatinos.com\/en\/wp-json\/wp\/v2\/pages\/11525\/revisions"}],"predecessor-version":[{"id":11679,"href":"https:\/\/clubciclistabandidosteatinos.com\/en\/wp-json\/wp\/v2\/pages\/11525\/revisions\/11679"}],"wp:attachment":[{"href":"https:\/\/clubciclistabandidosteatinos.com\/en\/wp-json\/wp\/v2\/media?parent=11525"}],"curies":[{"name":"wp","href":"https:\/\/api.w.org\/{rel}","templated":true}]}}