{"id":11318,"date":"2025-12-24T11:27:24","date_gmt":"2025-12-24T11:27:24","guid":{"rendered":"https:\/\/clubciclistabandidosteatinos.com\/?page_id=11318"},"modified":"2026-05-04T08:57:10","modified_gmt":"2026-05-04T08:57:10","slug":"calendario-actividades-2026","status":"publish","type":"page","link":"https:\/\/clubciclistabandidosteatinos.com\/en\/calendario-actividades-2026\/","title":{"rendered":"CALENDARIO DE ACTIVIDADES OFICIALES 2026"},"content":{"rendered":"<hr class=\"Linea_Separadora\" \/>\n<p><strong>KIL\u00d3METROS TOTALES: 773 km<\/strong><\/p>\n<hr class=\"Linea_Separadora\" \/>\n<p><strong>Si necesitas saber como se establece el nivel de dificultad de cada ruta (<span style=\"color: #339966;\">Iniciaci\u00f3n<\/span>,<span style=\"color: #ff9900;\"> Intermedio<\/span> o\u00a0<span style=\"color: #ff0000;\">Avanzado<\/span>) y as\u00ed asegurarte que tu nivel es suficiente para participar en cada una de las rutas, pulsa en la imagen inferior.<\/strong><a href=\"https:\/\/clubciclistabandidosteatinos.com\/manual-nivel-de-ruta\/\"><img loading=\"lazy\" decoding=\"async\" class=\"size-full wp-image-7941 aligncenter\" src=\"https:\/\/clubciclistabandidosteatinos.com\/wp-content\/uploads\/2020\/12\/Pulsa_Aqui_5.jpg\" alt=\"\" width=\"132\" height=\"137\" \/><\/a><\/p>\n<hr class=\"Linea_Separadora\" \/>\n<h5 style=\"text-align: center; font-size: 30px;\"><strong>ENERO<\/strong><\/h5>\n<h3><span style=\"color: #008000;\"><strong>Actividad N\u00ba1 (RUTA)\u00a0<\/strong><\/span><\/h3>\n<hr \/>\n<p><strong>Fecha: 18 de enero a las 10:00h<\/strong><\/p>\n<hr \/>\n<p><strong>Disciplina:<\/strong> <span style=\"color: #000000;\"><strong>RUTA BTT<\/strong><\/span><\/p>\n<hr \/>\n<p><strong>Nivel: <span style=\"color: #008000;\">Iniciaci\u00f3n<\/span><\/strong><\/p>\n<hr \/>\n<p><strong>Lugar de salida: <\/strong>Plaza<\/p>\n<hr \/>\n<p><strong>Gu\u00eda de ruta: <\/strong>Jes\u00fas Meneses<\/p>\n<hr \/>\n<p><strong>Recorrido:\u00a0<\/strong><span style=\"color: #ff0000;\"><a style=\"color: #ff0000;\" href=\"https:\/\/es.wikiloc.com\/rutas-mountain-bike\/ruta-01-2026-club-ciclista-bandidos-de-teatinos-244637360\">Ver recorrido<\/a><\/span><\/p>\n<hr \/>\n<p><strong>Fotos de la ruta: <\/strong><a href=\"https:\/\/clubciclistabandidosteatinos.com\/ruta-01-2026\/\"><span style=\"color: #ff0000;\">Ver fotos<\/span><\/a><\/p>\n<hr \/>\n<p>Si no eres socio del club, pero quieres acompa\u00f1arnos en esta ruta. S\u00f3lo tienes que rellenar este <span style=\"color: #ff0000;\"><a style=\"color: #ff0000;\" href=\"https:\/\/clubciclistabandidosteatinos.com\/asistencia-rutas-no-socios\/\">formulario<\/a><\/span><\/p>\n<hr \/>\n<hr class=\"Linea_Separadora\" \/>\n<h5 style=\"text-align: center; font-size: 30px;\"><strong>FEBRERO<\/strong><\/h5>\n<h3><span style=\"color: #008000;\"><strong>Actividad N\u00ba2 (RUTA)<\/strong><\/span><\/h3>\n<hr \/>\n<p style=\"text-align: left;\"><strong>Fecha: 8 de febrero a las 10:30h<\/strong><\/p>\n<hr \/>\n<p><strong>Disciplina:<\/strong> <span style=\"color: #000000;\"><strong>RUTA BTT<\/strong><\/span><\/p>\n<hr \/>\n<p><strong>Nivel: <span style=\"color: #ff9900;\">Intermedio<\/span><\/strong><\/p>\n<hr \/>\n<p><strong>Lugar de salida: <\/strong>Plaza<\/p>\n<hr \/>\n<p><strong>Gu\u00eda de ruta:\u00a0<\/strong>Jes\u00fas Haro<\/p>\n<hr \/>\n<p><strong>Recorrido: <\/strong><a href=\"https:\/\/es.wikiloc.com\/rutas-mountain-bike\/casas-de-fernando-alonso-249760911\"><span style=\"color: #ff0000;\">Ver recorrido<\/span><\/a><\/p>\n<hr \/>\n<p><strong>Fotos de la ruta: <\/strong><a href=\"https:\/\/clubciclistabandidosteatinos.com\/ruta-02-2026\/\"><span style=\"color: #ff0000;\">Ver fotos<\/span><\/a><\/p>\n<hr \/>\n<p>Si no eres socio del club, pero quieres acompa\u00f1arnos en esta ruta. S\u00f3lo tienes que rellenar este <span style=\"color: #ff0000;\"><a style=\"color: #ff0000;\" href=\"https:\/\/clubciclistabandidosteatinos.com\/asistencia-rutas-no-socios\/\">formulario<\/a><\/span><\/p>\n<hr \/>\n<hr class=\"Linea_Separadora\" \/>\n<h5 style=\"text-align: center; font-size: 30px;\"><strong>MARZO<\/strong><\/h5>\n<h3><span style=\"color: #008000;\"><strong>Actividad N\u00ba3 (RUTA)<\/strong><\/span><\/h3>\n<hr \/>\n<p><strong>Fecha: 15 de marzo a las 9:30h<\/strong><\/p>\n<hr \/>\n<p><strong>Disciplina:<\/strong> <span style=\"color: #000000;\"><strong>RUTA BTT<\/strong><\/span><\/p>\n<hr \/>\n<p><strong>Nivel: <span style=\"color: #ff9900;\">Intermedio<\/span><\/strong><\/p>\n<hr \/>\n<p><strong>Lugar de salida: <\/strong>Plaza<\/p>\n<hr \/>\n<p><strong>Gu\u00eda de ruta:\u00a0<\/strong>Manuel Gim\u00e9nez<\/p>\n<hr \/>\n<p><strong>Recorrido: <\/strong><span style=\"color: #ff0000;\"><a style=\"color: #ff0000;\" href=\"https:\/\/es.wikiloc.com\/rutas-mountain-bike\/lun-8-dic25-40km-520m-243842282\">Ver recorrido<\/a><\/span><\/p>\n<hr \/>\n<p><strong>Fotos de la ruta: <\/strong><a href=\"https:\/\/clubciclistabandidosteatinos.com\/ruta-03-2026\/\"><span style=\"color: #ff0000;\">Ver fotos<\/span><\/a><\/p>\n<hr \/>\n<p>Si no eres socio del club, pero quieres acompa\u00f1arnos en esta ruta. S\u00f3lo tienes que rellenar este <span style=\"color: #ff0000;\"><a style=\"color: #ff0000;\" href=\"https:\/\/clubciclistabandidosteatinos.com\/asistencia-rutas-no-socios\/\">formulario<\/a><\/span><\/p>\n<hr \/>\n<hr class=\"Linea_Separadora\" \/>\n<h5 style=\"text-align: center; font-size: 30px;\"><strong>ABRIL<\/strong><\/h5>\n<h3><span style=\"color: #008000;\"><strong>Actividad N\u00ba4 (RUTA)<\/strong><\/span><\/h3>\n<hr \/>\n<p><strong>Fecha: 12 de abril a las 9:00h<\/strong><\/p>\n<hr \/>\n<p><strong>Disciplina:<\/strong> <span style=\"color: #000000;\"><strong>RUTA BTT<\/strong><\/span><\/p>\n<hr \/>\n<p><strong>Nivel: <span style=\"color: #ff9900;\">Intermedio<\/span><\/strong><\/p>\n<hr \/>\n<p><strong>Lugar de salida: <\/strong>Plaza<\/p>\n<hr \/>\n<p><strong>Gu\u00eda de ruta:\u00a0<\/strong>\u00d3scar Iraola<\/p>\n<hr \/>\n<p><strong>Recorrido:\u00a0<\/strong><span style=\"color: #ff0000;\"><a style=\"color: #ff0000;\" href=\"https:\/\/es.wikiloc.com\/rutas-mountain-bike\/ruta-04-2026-club-ciclista-bandidos-de-teatinos-245158078\">Ver recorrido<\/a><\/span><\/p>\n<hr \/>\n<p><strong>Fotos de la ruta: <\/strong><a href=\"https:\/\/clubciclistabandidosteatinos.com\/ruta-04-2026\">Ver fotos<\/a><\/p>\n<hr \/>\n<p>Si no eres socio del club, pero quieres acompa\u00f1arnos en esta ruta. S\u00f3lo tienes que rellenar este <span style=\"color: #ff0000;\"><a style=\"color: #ff0000;\" href=\"https:\/\/clubciclistabandidosteatinos.com\/asistencia-rutas-no-socios\/\">formulario<\/a><\/span><\/p>\n<hr \/>\n<hr class=\"Linea_Separadora\" \/>\n<h5 style=\"text-align: center; font-size: 30px;\"><strong>MAYO<\/strong><\/h5>\n<h3><span style=\"color: #008000;\"><strong>Actividad N\u00ba5 (RUTA)<\/strong><\/span><\/h3>\n<hr \/>\n<p><strong>Fecha: 10 de mayo a las 8:30h<\/strong><\/p>\n<hr \/>\n<p><strong>Disciplina:<\/strong> <span style=\"color: #000000;\"><strong>RUTA CARRETERA<\/strong><\/span><\/p>\n<hr \/>\n<p style=\"text-align: left;\"><strong>Nivel: <span style=\"color: #ff0000;\">Avanzado<\/span><\/strong><\/p>\n<hr \/>\n<p><strong>Velocidad media prevista:<\/strong> De 27km\/h a 30km\/h<\/p>\n<hr \/>\n<p><strong>Lugar de salida: <\/strong>Plaza<\/p>\n<hr \/>\n<p style=\"text-align: left;\"><strong>Gu\u00eda de ruta: <\/strong>Fran Izquierdo<\/p>\n<hr \/>\n<p><strong>Coche de apoyo: <\/strong>No<\/p>\n<hr \/>\n<p><strong>Recorrido:\u00a0<\/strong><span style=\"color: #ff0000;\"><a style=\"color: #ff0000;\" href=\"https:\/\/loc.wiki\/t\/262717476?h=rp359ogyz9&#038;wa=sd&#038;la=es\">Ver recorrido<\/a><\/span><\/p>\n<hr \/>\n<p><strong>Fotos de la ruta:<\/strong><\/p>\n<hr \/>\n<p><strong>IMPORTANTE: Esta ruta es exclusiva para socios del Club.<\/strong><\/p>\n<hr \/>\n<h3><\/h3>\n<h3><span style=\"color: #008000;\"><strong>Actividad N\u00ba6 (RUTA)<\/strong><\/span><\/h3>\n<hr \/>\n<p><strong>Fecha: 17 de mayo a las 8:30h<\/strong><\/p>\n<hr \/>\n<p><strong>Disciplina:<\/strong> <span style=\"color: #000000;\"><strong>RUTA BTT<\/strong><\/span><\/p>\n<hr \/>\n<p><strong>Nivel: <span style=\"color: #ff9900;\">Intermedio<\/span><\/strong><\/p>\n<hr \/>\n<p><strong>Lugar de salida: <\/strong>Plaza<\/p>\n<hr \/>\n<p style=\"text-align: left;\"><strong>Gu\u00eda de ruta:\u00a0<\/strong>\u00d3scar Iraola<\/p>\n<hr \/>\n<p><strong>Recorrido:\u00a0<\/strong><span style=\"color: #ff0000;\"><a style=\"color: #ff0000;\" href=\"https:\/\/es.wikiloc.com\/rutas-mountain-bike\/ruta-05-2026-club-ciclista-bandidos-de-teatinos-245157912\">Ver recorrido<\/a><\/span><\/p>\n<hr \/>\n<p><strong>Fotos de la ruta:<\/strong><\/p>\n<hr \/>\n<p>Si no eres socio del club, pero quieres acompa\u00f1arnos en esta ruta. S\u00f3lo tienes que rellenar este <span style=\"color: #ff0000;\"><a style=\"color: #ff0000;\" href=\"https:\/\/clubciclistabandidosteatinos.com\/asistencia-rutas-no-socios\/\">formulario<\/a><\/span><\/p>\n<hr \/>\n<hr class=\"Linea_Separadora\" \/>\n<h5 style=\"text-align: center; font-size: 30px;\"><strong>JUNIO<\/strong><\/h5>\n<h3><span style=\"color: #008000;\"><strong>Actividad N\u00ba7 (RUTA)<\/strong><\/span><\/h3>\n<hr \/>\n<p><strong>Fecha: 21 de junio a las 8:00h<\/strong><\/p>\n<hr \/>\n<p><strong>Disciplina:<\/strong> <span style=\"color: #000000;\"><strong>RUTA BTT<\/strong><\/span><\/p>\n<hr \/>\n<p><strong>Nivel: <span style=\"color: #ff0000;\">Avanzado<\/span><\/strong><\/p>\n<hr \/>\n<p><strong>Lugar de salida: <\/strong>Plaza<\/p>\n<hr \/>\n<p><strong>Gu\u00eda de ruta: <\/strong>Jos\u00e9 Mar\u00eda And\u00fajar<\/p>\n<hr \/>\n<p><strong>Recorrido: <\/strong><span style=\"color: #ff0000;\"><a style=\"color: #ff0000;\" href=\"https:\/\/es.wikiloc.com\/rutas-mountain-bike\/club-ciclista-bandidos-de-teatinos-ruta-11-2019-28728288\">Ver recorrido<\/a><\/span><\/p>\n<hr \/>\n<p><strong>Fotos de la ruta:<\/strong><\/p>\n<hr \/>\n<p>Si no eres socio del club, pero quieres acompa\u00f1arnos en esta ruta. S\u00f3lo tienes que rellenar este <span style=\"color: #ff0000;\"><a style=\"color: #ff0000;\" href=\"https:\/\/clubciclistabandidosteatinos.com\/asistencia-rutas-no-socios\/\">formulario<\/a><\/span><\/p>\n<hr \/>\n<hr class=\"Linea_Separadora\" \/>\n<h5 style=\"text-align: center; font-size: 30px;\"><strong>JULIO<\/strong><\/h5>\n<h3><span style=\"color: #008000;\"><strong>Actividad N\u00ba8 (RUTA)<\/strong><\/span><\/h3>\n<hr \/>\n<p><strong>Fecha: 19 de julio a las 8:00h<\/strong><\/p>\n<hr \/>\n<p><strong>Disciplina:<\/strong> <span style=\"color: #000000;\"><strong>RUTA BTT\u00a0<\/strong><\/span><\/p>\n<hr \/>\n<p><strong>Nivel: <span style=\"color: #ff0000;\">Avanzado<\/span><\/strong><\/p>\n<hr \/>\n<p><strong>Lugar de salida: <\/strong>Plaza<\/p>\n<hr \/>\n<p><strong>Gu\u00eda de ruta: <\/strong>\u00d3scar Iraola<\/p>\n<hr \/>\n<p><strong>Recorrido:\u00a0<\/strong><span style=\"color: #ff0000;\"><a style=\"color: #ff0000;\" href=\"https:\/\/es.wikiloc.com\/rutas-mountain-bike\/ruta-07-2026-club-ciclista-bandidos-de-teatinos-245158235\">Ver recorrido<\/a><\/span><\/p>\n<hr \/>\n<p><strong>Fotos de la ruta:<\/strong><\/p>\n<hr \/>\n<p>Si no eres socio del club, pero quieres acompa\u00f1arnos en esta ruta. S\u00f3lo tienes que rellenar este <span style=\"color: #ff0000;\"><a style=\"color: #ff0000;\" href=\"https:\/\/clubciclistabandidosteatinos.com\/asistencia-rutas-no-socios\/\">formulario<\/a><\/span>.<\/p>\n<hr \/>\n<h3><\/h3>\n<h3><span style=\"color: #008000;\"><strong>Actividad N\u00ba9 (RUTA)<\/strong><\/span><\/h3>\n<hr \/>\n<p><strong>Fecha: 31 de julio a las 21:00h<\/strong><\/p>\n<hr \/>\n<p><strong>Disciplina:<\/strong> <span style=\"color: #000000;\"><strong>RUTA BTT NOC<\/strong><\/span><span style=\"color: #000000;\"><strong>TURNA<\/strong><\/span><\/p>\n<hr \/>\n<p><strong>Nivel: <span style=\"color: #008000;\">Iniciaci\u00f3n<\/span><\/strong><\/p>\n<hr \/>\n<p><strong>Lugar de salida: <\/strong>Plaza<\/p>\n<hr \/>\n<p><strong>Gu\u00eda de ruta: <\/strong>Jos\u00e9 Mar\u00eda And\u00fajar<\/p>\n<hr \/>\n<p><strong>Recorrido: <\/strong><a href=\"https:\/\/es.wikiloc.com\/rutas-mountain-bike\/club-ciclista-bandidos-de-teatinos-ruta-08-2019-nocturna-38456205\"><span style=\"color: #ff0000;\">Ver recorrido<\/span><\/a><\/p>\n<hr \/>\n<p><strong>Fotos de la ruta:<\/strong><\/p>\n<hr \/>\n<p>Si no eres socio del club, pero quieres acompa\u00f1arnos en esta ruta. S\u00f3lo tienes que rellenar este <span style=\"color: #ff0000;\"><a style=\"color: #ff0000;\" href=\"https:\/\/clubciclistabandidosteatinos.com\/asistencia-rutas-no-socios\/\">formulario<\/a><\/span><\/p>\n<hr \/>\n<p><strong>IMPORTANTE: Para poder participar en esta ruta, adem\u00e1s de lo indicado en el reglamento de rutas oficiales que puedes ver en el apartado CLUB de esta misma p\u00e1gina web, hay que traer un foco lo suficientemente potente para poder circular de noche con la bici.<\/strong><\/p>\n<hr \/>\n<hr class=\"Linea_Separadora\" \/>\n<h5 style=\"text-align: center; font-size: 30px;\"><strong>SEPTIEMBRE<\/strong><\/h5>\n<h3><span style=\"color: #008000;\"><strong>Actividad N\u00ba10 (RUTA)<\/strong><\/span><\/h3>\n<hr \/>\n<p><strong>Fecha: 20 de septiembre a las 9:00h<\/strong><\/p>\n<hr \/>\n<p><strong>Disciplina:<\/strong> <span style=\"color: #000000;\"><strong>RUTA BTT<\/strong><\/span><\/p>\n<hr \/>\n<p><strong>Nivel:<span style=\"color: #ff9900;\"> Intermedio<\/span><\/strong><\/p>\n<hr \/>\n<p><strong>Lugar de salida: <\/strong>Plaza<\/p>\n<hr \/>\n<p><strong>Gu\u00eda de ruta:\u00a0<\/strong>Fran Izquierdo<\/p>\n<hr \/>\n<p><strong>Recorrido:\u00a0<\/strong><span style=\"color: #ff0000;\"><a style=\"color: #ff0000;\" href=\"https:\/\/es.wikiloc.com\/rutas-mountain-bike\/ruta-09-2026-club-ciclista-bandidos-de-teatinos-245164072\">Ver recorrido<\/a><\/span><\/p>\n<hr \/>\n<p><strong>Fotos de la ruta:\u00a0<\/strong><\/p>\n<hr \/>\n<p>Si no eres socio del club, pero quieres acompa\u00f1arnos en esta ruta. S\u00f3lo tienes que rellenar este <span style=\"color: #ff0000;\"><a style=\"color: #ff0000;\" href=\"https:\/\/clubciclistabandidosteatinos.com\/asistencia-rutas-no-socios\/\">formulario<\/a><\/span><\/p>\n<hr \/>\n<h3><\/h3>\n<h3><span style=\"color: #008000;\"><strong>Actividad N\u00ba11 (RUTA)<\/strong><\/span><\/h3>\n<hr \/>\n<p><strong>Fecha: 27 de septiembre a las 9:00h<\/strong><\/p>\n<hr \/>\n<p><strong>Disciplina:<\/strong> <span style=\"color: #000000;\"><strong>RUTA CARRETERA<\/strong><\/span><\/p>\n<hr \/>\n<p><strong>Nivel:<span style=\"color: #ff9900;\"> Intermedio<\/span><\/strong><\/p>\n<hr \/>\n<p><strong>Velocidad media prevista:<\/strong> De 27km\/h a 30km\/h<\/p>\n<hr \/>\n<p><strong>Lugar de salida: <\/strong>Plaza<\/p>\n<hr \/>\n<p><strong>Gu\u00eda de ruta: <\/strong>Manuel Gim\u00e9nez<\/p>\n<hr \/>\n<p><strong>Coche de apoyo:<\/strong> &#8211;<\/p>\n<hr \/>\n<p><strong>Recorrido:\u00a0<\/strong><span style=\"color: #ff0000;\"><a style=\"color: #ff0000;\" href=\"https:\/\/es.wikiloc.com\/rutas-ciclismo\/ruta-09-2026-carretera-bandidos-de-teatinos-245156653\">Ver recorrido<\/a><\/span><\/p>\n<hr \/>\n<p><strong>Fotos de la ruta:<\/strong><\/p>\n<hr \/>\n<p><strong>IMPORTANTE: Esta ruta es exclusiva para socios del Club.<\/strong><\/p>\n<hr \/>\n<hr class=\"Linea_Separadora\" \/>\n<h5 style=\"text-align: center; font-size: 30px;\"><strong>OCTUBRE<\/strong><\/h5>\n<h3><span style=\"color: #008000;\"><strong>Actividad N\u00ba12 (RUTA)<\/strong><\/span><\/h3>\n<hr \/>\n<p><strong>Fecha: 25 de octubre a las 9:30h<\/strong><\/p>\n<hr \/>\n<p><strong>Disciplina:<\/strong> <span style=\"color: #000000;\"><strong>RUTA BTT<\/strong><\/span><\/p>\n<hr \/>\n<p><strong>Nivel: <span style=\"color: #ff9900;\">Intermedio<\/span><\/strong><\/p>\n<hr \/>\n<p><strong>Lugar de salida: <\/strong>Plaza<\/p>\n<hr \/>\n<p><strong>Gu\u00eda de ruta:\u00a0<\/strong>Diana Haro<\/p>\n<hr \/>\n<p><strong>Recorrido:\u00a0<\/strong><a href=\"https:\/\/es.wikiloc.com\/rutas-mountain-bike\/ruta-10-2026-club-ciclista-bandidos-de-teatinos-245167973\"><span style=\"color: #ff0000;\">Ver recorrido<\/span><\/a><\/p>\n<hr \/>\n<p><strong>Fotos de la ruta:<\/strong><\/p>\n<hr \/>\n<p>Si no eres socio del club, pero quieres acompa\u00f1arnos en esta ruta. S\u00f3lo tienes que rellenar este <span style=\"color: #ff0000;\"><a style=\"color: #ff0000;\" href=\"https:\/\/clubciclistabandidosteatinos.com\/asistencia-rutas-no-socios\/\">formulario<\/a><\/span><\/p>\n<hr \/>\n<hr class=\"Linea_Separadora\" \/>\n<h5 style=\"text-align: center; font-size: 30px;\"><strong>NOVIEMBRE<\/strong><\/h5>\n<h3><span style=\"color: #008000;\"><strong>Actividad N\u00ba13 (RUTA)<\/strong><\/span><\/h3>\n<hr \/>\n<p><strong>Fecha: 22 de noviembre a las 9:30h<\/strong><\/p>\n<hr \/>\n<p><strong>Disciplina:<\/strong> <span style=\"color: #000000;\"><strong>RUTA BTT<\/strong><\/span><\/p>\n<hr \/>\n<p><strong>Nivel: <span style=\"color: #ff9900;\">Intermedio<\/span><\/strong><\/p>\n<hr \/>\n<p><strong>Lugar de salida: <\/strong>Plaza<\/p>\n<hr \/>\n<p><strong>Gu\u00eda de ruta: <\/strong>Jes\u00fas Meneses<\/p>\n<hr \/>\n<p><strong>Recorrido:\u00a0<\/strong><a href=\"https:\/\/es.wikiloc.com\/rutas-mountain-bike\/club-ciclista-bandidos-de-teatinos-ruta-13-2019-43168253\"><span style=\"color: #ff0000;\">Ver recorrido<\/span><\/a><\/p>\n<hr \/>\n<p><strong>Fotos de la ruta:<\/strong><\/p>\n<hr \/>\n<p>Si no eres socio del club, pero quieres acompa\u00f1arnos en esta ruta. S\u00f3lo tienes que rellenar este <span style=\"color: #ff0000;\"><a style=\"color: #ff0000;\" href=\"https:\/\/clubciclistabandidosteatinos.com\/asistencia-rutas-no-socios\/\">formulario<\/a><\/span><\/p>\n<hr \/>\n<hr class=\"Linea_Separadora\" \/>\n<h5 style=\"text-align: center; font-size: 30px;\"><strong>DICIEMBRE<\/strong><\/h5>\n<h3><span style=\"color: #008000;\"><strong>Actividad N\u00ba14 (RUTA)<\/strong><\/span><\/h3>\n<hr \/>\n<p><strong>Fecha: 13 de diciembre a las 9:30h<\/strong><\/p>\n<hr \/>\n<p><strong>Disciplina:<\/strong> <span style=\"color: #000000;\"><strong>RUTA BTT<\/strong><\/span><\/p>\n<hr \/>\n<p><strong>Nivel: <span style=\"color: #008000;\">Iniciaci\u00f3n<\/span><\/strong><\/p>\n<hr \/>\n<p><strong>Lugar de salida: <\/strong>Plaza<\/p>\n<hr \/>\n<p><strong>Gu\u00eda de ruta:\u00a0<\/strong>Diana Haro<\/p>\n<hr \/>\n<p><strong>Recorrido: <\/strong><a href=\"https:\/\/es.wikiloc.com\/rutas-mountain-bike\/club-ciclista-bandidos-de-teatinos-ruta-12-2022-91604386\"><span style=\"color: #ff0000;\">Ver recorrido<\/span><\/a><\/p>\n<hr \/>\n<p><strong>Fotos de la ruta:<\/strong><\/p>\n<hr \/>\n<p>Si no eres socio del club, pero quieres acompa\u00f1arnos en esta ruta. S\u00f3lo tienes que rellenar este <span style=\"color: #ff0000;\"><a style=\"color: #ff0000;\" href=\"https:\/\/clubciclistabandidosteatinos.com\/asistencia-rutas-no-socios\/\">formulario<\/a><\/span><\/p>\n<hr \/>\n<h3><\/h3>\n<h3><span style=\"color: #008000;\"><strong>Actividad N\u00ba15 &#8211; COMIDA DE NAVIDAD<\/strong><\/span><\/h3>\n<hr \/>\n<p><strong>Fecha: 19 de diciembre\u00a0<\/strong><\/p>\n<hr \/>\n<p><strong>Nombre:<\/strong> Comida de Navidad<\/p>\n<hr \/>\n<p><strong>Lugar:<\/strong><\/p>\n<hr \/>\n<p><strong>Direcci\u00f3n:\u00a0<\/strong><\/p>\n<hr \/>\n<h5><\/h5>\n","protected":false},"excerpt":{"rendered":"<p>KIL\u00d3METROS TOTALES: 773 km Si necesitas saber como se establece el nivel de dificultad de cada ruta (Iniciaci\u00f3n, Intermedio o\u00a0Avanzado) y as\u00ed asegurarte que tu nivel es suficiente para participar en cada una de las rutas, pulsa en la imagen inferior. ENERO Actividad N\u00ba1 (RUTA)\u00a0 Fecha: 18 de enero a las 10:00h Disciplina: RUTA BTT [&hellip;]<\/p>\n","protected":false},"author":1,"featured_media":0,"parent":0,"menu_order":0,"comment_status":"closed","ping_status":"closed","template":"","meta":{"footnotes":""},"class_list":["post-11318","page","type-page","status-publish","hentry"],"_links":{"self":[{"href":"https:\/\/clubciclistabandidosteatinos.com\/en\/wp-json\/wp\/v2\/pages\/11318","targetHints":{"allow":["GET"]}}],"collection":[{"href":"https:\/\/clubciclistabandidosteatinos.com\/en\/wp-json\/wp\/v2\/pages"}],"about":[{"href":"https:\/\/clubciclistabandidosteatinos.com\/en\/wp-json\/wp\/v2\/types\/page"}],"author":[{"embeddable":true,"href":"https:\/\/clubciclistabandidosteatinos.com\/en\/wp-json\/wp\/v2\/users\/1"}],"replies":[{"embeddable":true,"href":"https:\/\/clubciclistabandidosteatinos.com\/en\/wp-json\/wp\/v2\/comments?post=11318"}],"version-history":[{"count":34,"href":"https:\/\/clubciclistabandidosteatinos.com\/en\/wp-json\/wp\/v2\/pages\/11318\/revisions"}],"predecessor-version":[{"id":11889,"href":"https:\/\/clubciclistabandidosteatinos.com\/en\/wp-json\/wp\/v2\/pages\/11318\/revisions\/11889"}],"wp:attachment":[{"href":"https:\/\/clubciclistabandidosteatinos.com\/en\/wp-json\/wp\/v2\/media?parent=11318"}],"curies":[{"name":"wp","href":"https:\/\/api.w.org\/{rel}","templated":true}]}}