{"id":10416,"date":"2023-06-05T17:35:24","date_gmt":"2023-06-05T17:35:24","guid":{"rendered":"https:\/\/clubciclistabandidosteatinos.com\/?page_id=10416"},"modified":"2023-06-05T17:54:45","modified_gmt":"2023-06-05T17:54:45","slug":"equipacion_antigua_2018_2022","status":"publish","type":"page","link":"https:\/\/clubciclistabandidosteatinos.com\/en\/equipacion_antigua_2018_2022\/","title":{"rendered":"EQUIPACI\u00d3N ANTIGUA (2018-2022)"},"content":{"rendered":"<p>&nbsp;<\/p>\n<p>Para la fundaci\u00f3n del Club, hemos confiado en Gobik para realizar las equipaciones oficiales. Son unas equipaciones con tejidos de alt\u00edsima calidad y un dise\u00f1o actual y bonito. La equipaci\u00f3n consta de 2 variantes, una variante es la equipaci\u00f3n de invierno y la otra variante es la equipaci\u00f3n de verano:<\/p>\n<p><strong>Equipaci\u00f3n de invierno<\/strong> compuesta por:<\/p>\n<ul>\n<li>Culote largo modelo Limited con badana K7<\/li>\n<li>Maillot manga larga modelo Atomic Pro<\/li>\n<li>Chaleco Plus<\/li>\n<li><span style=\"color: #ff0000;\"><a style=\"color: #ff0000;\" href=\"https:\/\/clubciclistabandidosteatinos.com\/tallas-gobik-invierno\/\">Gu\u00eda de tallas de la equipaci\u00f3n de invierno<\/a><\/span><\/li>\n<\/ul>\n<p><img loading=\"lazy\" decoding=\"async\" class=\"aligncenter wp-image-4034 size-full\" src=\"https:\/\/clubciclistabandidosteatinos.com\/wp-content\/uploads\/2018\/06\/Equipaci\u00f3n_Invierno.jpg\" alt=\"\" width=\"1063\" height=\"846\" srcset=\"https:\/\/clubciclistabandidosteatinos.com\/wp-content\/uploads\/2018\/06\/Equipaci\u00f3n_Invierno.jpg 1063w, https:\/\/clubciclistabandidosteatinos.com\/wp-content\/uploads\/2018\/06\/Equipaci\u00f3n_Invierno-300x239.jpg 300w, https:\/\/clubciclistabandidosteatinos.com\/wp-content\/uploads\/2018\/06\/Equipaci\u00f3n_Invierno-768x611.jpg 768w, https:\/\/clubciclistabandidosteatinos.com\/wp-content\/uploads\/2018\/06\/Equipaci\u00f3n_Invierno-1024x815.jpg 1024w\" sizes=\"auto, (max-width: 1063px) 100vw, 1063px\" \/><\/p>\n<p><img loading=\"lazy\" decoding=\"async\" class=\"aligncenter wp-image-4033 size-full\" src=\"https:\/\/clubciclistabandidosteatinos.com\/wp-content\/uploads\/2018\/06\/Chaleco.jpg\" alt=\"\" width=\"1171\" height=\"703\" srcset=\"https:\/\/clubciclistabandidosteatinos.com\/wp-content\/uploads\/2018\/06\/Chaleco.jpg 1171w, https:\/\/clubciclistabandidosteatinos.com\/wp-content\/uploads\/2018\/06\/Chaleco-300x180.jpg 300w, https:\/\/clubciclistabandidosteatinos.com\/wp-content\/uploads\/2018\/06\/Chaleco-768x461.jpg 768w, https:\/\/clubciclistabandidosteatinos.com\/wp-content\/uploads\/2018\/06\/Chaleco-1024x615.jpg 1024w\" sizes=\"auto, (max-width: 1171px) 100vw, 1171px\" \/><\/p>\n<p>&nbsp;<\/p>\n<ul>\n<li>Adem\u00e1s como complemento de la equipaci\u00f3n de invierno, disponemos de la <strong>chaqueta Skimo Pro<\/strong>.<\/li>\n<li><span style=\"color: #ff0000;\"><a style=\"color: #ff0000;\" href=\"https:\/\/clubciclistabandidosteatinos.com\/tallas-gobik-skimo\/\">Gu\u00eda de tallas de la chaqueta Skimo Pro<\/a><\/span><\/li>\n<\/ul>\n<p style=\"text-align: center;\"><img loading=\"lazy\" decoding=\"async\" class=\"aligncenter wp-image-7103 size-full\" src=\"https:\/\/clubciclistabandidosteatinos.com\/wp-content\/uploads\/2020\/05\/Skimo-Pro3.jpg\" alt=\"\" width=\"916\" height=\"458\" srcset=\"https:\/\/clubciclistabandidosteatinos.com\/wp-content\/uploads\/2020\/05\/Skimo-Pro3.jpg 916w, https:\/\/clubciclistabandidosteatinos.com\/wp-content\/uploads\/2020\/05\/Skimo-Pro3-300x150.jpg 300w, https:\/\/clubciclistabandidosteatinos.com\/wp-content\/uploads\/2020\/05\/Skimo-Pro3-768x384.jpg 768w\" sizes=\"auto, (max-width: 916px) 100vw, 916px\" \/><\/p>\n<p>&nbsp;<\/p>\n<p>&nbsp;<\/p>\n<p><strong>Equipaci\u00f3n de verano<\/strong> compuesta por:<\/p>\n<ul>\n<li>Culote corto modelo Limited con badana K7<\/li>\n<li>Maillot manga corta modelo Rocket<\/li>\n<li><span style=\"color: #ff0000;\"><a style=\"color: #ff0000;\" href=\"https:\/\/clubciclistabandidosteatinos.com\/tallas-gobik-verano\/\">Gu\u00eda de tallas de la equipaci\u00f3n de verano<\/a><\/span><\/li>\n<\/ul>\n<p><img loading=\"lazy\" decoding=\"async\" class=\"aligncenter wp-image-4035 size-full\" src=\"https:\/\/clubciclistabandidosteatinos.com\/wp-content\/uploads\/2018\/06\/Equipacion_Verano.jpg\" alt=\"\" width=\"845\" height=\"625\" srcset=\"https:\/\/clubciclistabandidosteatinos.com\/wp-content\/uploads\/2018\/06\/Equipacion_Verano.jpg 845w, https:\/\/clubciclistabandidosteatinos.com\/wp-content\/uploads\/2018\/06\/Equipacion_Verano-300x222.jpg 300w, https:\/\/clubciclistabandidosteatinos.com\/wp-content\/uploads\/2018\/06\/Equipacion_Verano-768x568.jpg 768w\" sizes=\"auto, (max-width: 845px) 100vw, 845px\" \/><\/p>\n<p>&nbsp;<\/p>\n<ul>\n<li>Adem\u00e1s como complemento de la equipaci\u00f3n de verano, disponemos del <strong>maillot Attitude y culote corto Absolute K10<\/strong>\u00a0espec\u00edfico para ciclismo de carretera.<\/li>\n<li><span style=\"color: #ff0000;\"><a style=\"color: #ff0000;\" href=\"https:\/\/clubciclistabandidosteatinos.com\/tallas-gobik-attitude\/\">Gu\u00eda de tallas del maillot Attitude<\/a><\/span><\/li>\n<li><span style=\"color: #ff0000;\">Gu\u00eda de tallas del culote Absolute<\/span><\/li>\n<\/ul>\n<p style=\"text-align: center;\"><img loading=\"lazy\" decoding=\"async\" class=\"aligncenter wp-image-8399 size-full\" src=\"https:\/\/clubciclistabandidosteatinos.com\/wp-content\/uploads\/2021\/02\/Gobik_Attitude1.jpg\" alt=\"\" width=\"856\" height=\"455\" srcset=\"https:\/\/clubciclistabandidosteatinos.com\/wp-content\/uploads\/2021\/02\/Gobik_Attitude1.jpg 856w, https:\/\/clubciclistabandidosteatinos.com\/wp-content\/uploads\/2021\/02\/Gobik_Attitude1-300x159.jpg 300w, https:\/\/clubciclistabandidosteatinos.com\/wp-content\/uploads\/2021\/02\/Gobik_Attitude1-768x408.jpg 768w\" sizes=\"auto, (max-width: 856px) 100vw, 856px\" \/><\/p>\n<p>&nbsp;<\/p>\n<p style=\"text-align: left;\">Queremos agradecer la confianza que han depositado en el Club todos nuestros patrocinadores.<\/p>\n<ul>\n<li><strong>Metal\u00fargica Los Teatinos<\/strong><\/li>\n<li><strong>Plaza Once<\/strong><\/li>\n<li><strong>Bicicletas Manzanares<\/strong><\/li>\n<li><strong>Jamones Venta Juan Antonio<\/strong><\/li>\n<li><strong>Cooperativa Pur\u00edsima Concepci\u00f3n (Vinos Teatinos)<\/strong><\/li>\n<li><strong>Construcciones Lape\u00f1a<\/strong><\/li>\n<li><strong>Dulces Marisol<\/strong><\/li>\n<li><strong>Dulces Montomar<\/strong><\/li>\n<li><strong>La Despensa Manchega Lino<\/strong><\/li>\n<li><strong>Vinos Molina<\/strong><\/li>\n<\/ul>\n<p>&nbsp;<\/p>\n<ul>\n<li>Si quieres tener m\u00e1s informaci\u00f3n sobre nuestros patrocinadores, puedes acceder a este <span style=\"color: #ff0000;\"><a style=\"color: #ff0000;\" href=\"http:\/\/clubciclistabandidosteatinos.com\/colaboradores\/\">enlace<\/a><\/span><\/li>\n<\/ul>\n","protected":false},"excerpt":{"rendered":"<p>&nbsp; Para la fundaci\u00f3n del Club, hemos confiado en Gobik para realizar las equipaciones oficiales. Son unas equipaciones con tejidos de alt\u00edsima calidad y un dise\u00f1o actual y bonito. La equipaci\u00f3n consta de 2 variantes, una variante es la equipaci\u00f3n de invierno y la otra variante es la equipaci\u00f3n de verano: Equipaci\u00f3n de invierno compuesta [&hellip;]<\/p>\n","protected":false},"author":1,"featured_media":0,"parent":0,"menu_order":0,"comment_status":"closed","ping_status":"closed","template":"","meta":{"footnotes":""},"class_list":["post-10416","page","type-page","status-publish","hentry"],"_links":{"self":[{"href":"https:\/\/clubciclistabandidosteatinos.com\/en\/wp-json\/wp\/v2\/pages\/10416","targetHints":{"allow":["GET"]}}],"collection":[{"href":"https:\/\/clubciclistabandidosteatinos.com\/en\/wp-json\/wp\/v2\/pages"}],"about":[{"href":"https:\/\/clubciclistabandidosteatinos.com\/en\/wp-json\/wp\/v2\/types\/page"}],"author":[{"embeddable":true,"href":"https:\/\/clubciclistabandidosteatinos.com\/en\/wp-json\/wp\/v2\/users\/1"}],"replies":[{"embeddable":true,"href":"https:\/\/clubciclistabandidosteatinos.com\/en\/wp-json\/wp\/v2\/comments?post=10416"}],"version-history":[{"count":2,"href":"https:\/\/clubciclistabandidosteatinos.com\/en\/wp-json\/wp\/v2\/pages\/10416\/revisions"}],"predecessor-version":[{"id":10418,"href":"https:\/\/clubciclistabandidosteatinos.com\/en\/wp-json\/wp\/v2\/pages\/10416\/revisions\/10418"}],"wp:attachment":[{"href":"https:\/\/clubciclistabandidosteatinos.com\/en\/wp-json\/wp\/v2\/media?parent=10416"}],"curies":[{"name":"wp","href":"https:\/\/api.w.org\/{rel}","templated":true}]}}