{"id":10040,"date":"2022-12-13T08:43:01","date_gmt":"2022-12-13T08:43:01","guid":{"rendered":"https:\/\/clubciclistabandidosteatinos.com\/?page_id=10040"},"modified":"2023-12-07T08:07:59","modified_gmt":"2023-12-07T08:07:59","slug":"calendario-actividades-2023","status":"publish","type":"page","link":"https:\/\/clubciclistabandidosteatinos.com\/en\/calendario-actividades-2023\/","title":{"rendered":"CALENDARIO DE ACTIVIDADES OFICIALES 2023"},"content":{"rendered":"<hr class=\"Linea_Separadora\" \/>\n<p><strong>KIL\u00d3METROS TOTALES:\u00a0 684 kms <\/strong><\/p>\n<hr class=\"Linea_Separadora\" \/>\n<p><strong>Si necesitas saber como se establece el nivel de dificultad de cada ruta (<span style=\"color: #339966;\">Iniciaci\u00f3n<\/span>,<span style=\"color: #ff9900;\"> Intermedio<\/span> \u00f3 <span style=\"color: #ff0000;\">Avanzado<\/span>) y as\u00ed asegurarte que tu nivel es suficiente para participar en cada una de las rutas, pulsa en la imagen inferior.<\/strong><a href=\"https:\/\/clubciclistabandidosteatinos.com\/manual-nivel-de-ruta\/\"><img loading=\"lazy\" decoding=\"async\" class=\"size-full wp-image-7941 aligncenter\" src=\"https:\/\/clubciclistabandidosteatinos.com\/wp-content\/uploads\/2020\/12\/Pulsa_Aqui_5.jpg\" alt=\"\" width=\"132\" height=\"137\" \/><\/a><\/p>\n<hr class=\"Linea_Separadora\" \/>\n<h5 style=\"text-align: center; font-size: 30px;\"><strong>ENERO<\/strong><\/h5>\n<h3><span style=\"color: #008000;\"><strong>Actividad N\u00ba1 (RUTA)\u00a0<\/strong><\/span><\/h3>\n<hr \/>\n<p><strong>Fecha: 22 de Enero a las 10:00 horas<\/strong><\/p>\n<hr \/>\n<p><strong>Nombre: <\/strong>Ruta de los Cubos<\/p>\n<hr \/>\n<p><strong>Disciplina:<\/strong> <span style=\"color: #000000;\"><strong>RUTA BTT<\/strong><\/span><\/p>\n<hr \/>\n<p><strong>Distancia: <\/strong>33kms<\/p>\n<hr \/>\n<p><strong>Nivel: <span style=\"color: #008000;\">Iniciaci\u00f3n<\/span><\/strong><\/p>\n<hr \/>\n<p><strong>Lugar Salida: <\/strong>Plaza<\/p>\n<hr \/>\n<p><strong>Gu\u00eda de ruta: <\/strong>Ra\u00fal Ortega<\/p>\n<hr \/>\n<p><strong>Recorrido: <\/strong><span style=\"color: #ff0000;\"><a style=\"color: #ff0000;\" href=\"https:\/\/es.wikiloc.com\/rutas-mountain-bike\/club-ciclista-bandidos-teatinos-ruta-de-los-cubos-21817170\">Ver ruta en wikiloc<\/a><\/span><\/p>\n<hr \/>\n<p><strong>Fotos de la ruta: <\/strong><span style=\"color: #ff0000;\"><a style=\"color: #ff0000;\" href=\"https:\/\/clubciclistabandidosteatinos.com\/ruta-01-2023\">Ver fotos<\/a><\/span><\/p>\n<hr \/>\n<p>No eres socio del club, pero quieres acompa\u00f1arnos en esta ruta. S\u00f3lo tienes que rellenar este <span style=\"color: #ff0000;\"><a style=\"color: #ff0000;\" href=\"https:\/\/clubciclistabandidosteatinos.com\/asistencia-rutas-no-socios\/\">formulario<\/a><\/span><\/p>\n<hr \/>\n<hr class=\"Linea_Separadora\" \/>\n<h5 style=\"text-align: center; font-size: 30px;\"><strong>FEBRERO<\/strong><\/h5>\n<h3><span style=\"color: #008000;\"><strong>Actividad N\u00ba2 (RUTA)<\/strong><\/span><\/h3>\n<hr \/>\n<p><strong>Fecha: 5 de Febrero a las 9:30 horas<\/strong><\/p>\n<hr \/>\n<p><strong>Nombre: <\/strong>Teatinos-Minaya-Casas de Haro-Pozoamargo-Teatinos<\/p>\n<hr \/>\n<p><strong>Disciplina:<\/strong> <span style=\"color: #000000;\"><strong>RUTA BTT<\/strong><\/span><\/p>\n<hr \/>\n<p><strong>Distancia: <\/strong>40 kms<\/p>\n<hr \/>\n<p><strong>Nivel: <span style=\"color: #008000;\">Iniciaci\u00f3n<\/span><\/strong><\/p>\n<hr \/>\n<p><strong>Lugar Salida: <\/strong>Plaza<\/p>\n<hr \/>\n<p><strong>Gu\u00eda de ruta: <\/strong>\u00d3scar Iraola<\/p>\n<hr \/>\n<p><strong>Recorrido: <\/strong><span style=\"color: #ff0000;\"><a style=\"color: #ff0000;\" href=\"https:\/\/es.wikiloc.com\/rutas-mountain-bike\/club-ciclista-bandidos-de-teatinos-ruta-02-2023-124179924\">Ver ruta en wikiloc<\/a><\/span><\/p>\n<hr \/>\n<p><strong>Fotos de la ruta: <\/strong><span style=\"color: #ff0000;\"><a style=\"color: #ff0000;\" href=\"https:\/\/clubciclistabandidosteatinos.com\/ruta-02-2023\/\">Ver fotos<\/a><\/span><\/p>\n<hr \/>\n<p>No eres socio del club, pero quieres acompa\u00f1arnos en esta ruta. S\u00f3lo tienes que rellenar este <span style=\"color: #ff0000;\"><a style=\"color: #ff0000;\" href=\"https:\/\/clubciclistabandidosteatinos.com\/asistencia-rutas-no-socios\/\">formulario<\/a><\/span><\/p>\n<hr \/>\n<hr class=\"Linea_Separadora\" \/>\n<h5 style=\"text-align: center; font-size: 30px;\"><strong>MARZO<\/strong><\/h5>\n<h3><span style=\"color: #008000;\"><strong>Actividad N\u00ba3 (RUTA)<\/strong><\/span><\/h3>\n<hr \/>\n<p><strong>Fecha: 12 de Marzo a las 9:30 horas<\/strong><\/p>\n<hr \/>\n<p><strong>Nombre: <\/strong>Recorrido Quedada El Simarro<\/p>\n<hr \/>\n<p><strong>Disciplina:<\/strong> <span style=\"color: #000000;\"><strong>RUTA BTT<\/strong><\/span><\/p>\n<hr \/>\n<p><strong>Distancia: <\/strong>42 kms<\/p>\n<hr \/>\n<p><strong>Nivel: <span style=\"color: #ff9900;\">Intermedio<\/span><\/strong><\/p>\n<hr \/>\n<p><strong>Lugar Salida: <\/strong>Plaza<\/p>\n<hr \/>\n<p><strong>Gu\u00eda de ruta: <\/strong>Gerardo Esteso<\/p>\n<hr \/>\n<p><strong>Recorrido: <\/strong><span style=\"color: #ff0000;\"><a style=\"color: #ff0000;\" href=\"https:\/\/es.wikiloc.com\/rutas-mountain-bike\/club-ciclista-bandidos-de-teatinos-ruta-03-2023-126504106\">Ver ruta en wikioc<\/a><\/span><\/p>\n<hr \/>\n<p><strong>Fotos de la ruta: <\/strong><span style=\"color: #ff0000;\"><a style=\"color: #ff0000;\" href=\"https:\/\/clubciclistabandidosteatinos.com\/ruta-03-2023\/\">Ver fotos<\/a><\/span><\/p>\n<hr \/>\n<p>No eres socio del club, pero quieres acompa\u00f1arnos en esta ruta. S\u00f3lo tienes que rellenar este <span style=\"color: #ff0000;\"><a style=\"color: #ff0000;\" href=\"https:\/\/clubciclistabandidosteatinos.com\/asistencia-rutas-no-socios\/\">formulario<\/a><\/span><\/p>\n<hr \/>\n<hr class=\"Linea_Separadora\" \/>\n<h5 style=\"text-align: center; font-size: 30px;\"><strong>ABRIL<\/strong><\/h5>\n<h3><span style=\"color: #008000;\"><strong>Actividad N\u00ba4 (RUTA)<\/strong><\/span><\/h3>\n<hr \/>\n<p><strong>Fecha: 30 de Abril a las 8:00 horas<\/strong><\/p>\n<hr \/>\n<p><strong>Nombre: <\/strong>Teatinos-Belmonte-Teatinos<\/p>\n<hr \/>\n<p><strong>Disciplina:<\/strong> <span style=\"color: #000000;\"><strong>RUTA BTT<\/strong><\/span><\/p>\n<hr \/>\n<p><strong>Distancia: <\/strong>88\u00a0kms<\/p>\n<hr \/>\n<p><strong>Nivel: <span style=\"color: #ff0000;\">Avanzado<\/span><\/strong><\/p>\n<hr \/>\n<p><strong>Lugar Salida: <\/strong>Plaza<\/p>\n<hr \/>\n<p><strong>Gu\u00eda de ruta: <\/strong>Jos\u00e9 Mar\u00eda And\u00fajar<\/p>\n<hr \/>\n<p><strong>Recorrido: <\/strong><span style=\"color: #ff0000;\"><a style=\"color: #ff0000;\" href=\"https:\/\/es.wikiloc.com\/rutas-mountain-bike\/teatinos-castillo-belmonte-teatinos-129879553\">Ver ruta en wikiloc<\/a><\/span><\/p>\n<hr \/>\n<p><strong>Fotos de la ruta: <\/strong><span style=\"color: #ff0000;\"><a style=\"color: #ff0000;\" href=\"https:\/\/clubciclistabandidosteatinos.com\/ruta-04-2023\/\">Ver fotos<\/a><\/span><\/p>\n<hr \/>\n<p>No eres socio del club, pero quieres acompa\u00f1arnos en esta ruta. S\u00f3lo tienes que rellenar este <span style=\"color: #ff0000;\"><a style=\"color: #ff0000;\" href=\"https:\/\/clubciclistabandidosteatinos.com\/asistencia-rutas-no-socios\/\">formulario<\/a><\/span><\/p>\n<hr \/>\n<hr class=\"Linea_Separadora\" \/>\n<h5 style=\"text-align: center; font-size: 30px;\"><strong>MAYO<\/strong><\/h5>\n<h3><span style=\"color: #008000;\"><strong>Actividad N\u00ba5 (RUTA)<\/strong><\/span><\/h3>\n<hr \/>\n<p><strong>Fecha: 28 de Mayo a las 9:00 horas<\/strong><\/p>\n<hr \/>\n<p><strong>Nombre: <\/strong>Teatinos-Villarrobledo-Rus-Teatinos<\/p>\n<hr \/>\n<p><strong>Disciplina:<\/strong> <span style=\"color: #000000;\"><strong>RUTA CARRETERA<\/strong><\/span><\/p>\n<hr \/>\n<p><strong>Distancia: <\/strong>90 kms<\/p>\n<hr \/>\n<p><strong>Nivel: <span style=\"color: #ff9900;\">Intermedio<\/span><\/strong><\/p>\n<hr \/>\n<p><strong>Velocidad media prevista:<\/strong> De 27km\/h a 30km\/h<\/p>\n<hr \/>\n<p><strong>Lugar Salida: <\/strong>Plaza<\/p>\n<hr \/>\n<p style=\"text-align: left;\"><strong>Gu\u00eda de ruta: <\/strong><del>Ra\u00fal Ortega<\/del> David L\u00f3pez<\/p>\n<hr \/>\n<p><strong>Coche de apoyo: <\/strong>S\u00ed<\/p>\n<hr \/>\n<p><strong>Recorrido: <\/strong><span style=\"color: #ff0000;\"><a style=\"color: #ff0000;\" href=\"https:\/\/es.wikiloc.com\/rutas-ciclismo\/club-ciclista-bandidos-de-teatinos-ruta-05-2023-133545064\">Ver ruta en wikiloc<\/a><\/span><\/p>\n<hr \/>\n<p><strong>Fotos de la ruta: <\/strong><span style=\"color: #ff0000;\"><a style=\"color: #ff0000;\" href=\"https:\/\/clubciclistabandidosteatinos.com\/ruta-05-2023\/\">Ver fotos<\/a><\/span><\/p>\n<hr \/>\n<p><strong>IMPORTANTE: Esta ruta es exclusiva para socios del Club.<\/strong><\/p>\n<hr \/>\n<hr class=\"Linea_Separadora\" \/>\n<h5 style=\"text-align: center; font-size: 30px;\"><strong>JUNIO<\/strong><\/h5>\n<h3><span style=\"color: #008000;\"><strong>Actividad N\u00ba6 (RUTA)<\/strong><\/span><\/h3>\n<hr \/>\n<p><strong>Fecha: 11 de Junio a las 8:00 horas<\/strong><\/p>\n<hr \/>\n<p><strong>Nombre: <\/strong>Teatinos-Ermita de T\u00e9bar-Teatinos<\/p>\n<hr \/>\n<p><strong>Disciplina:<\/strong> <span style=\"color: #000000;\"><strong>RUTA BTT<\/strong><\/span><\/p>\n<hr \/>\n<p><strong>Distancia: <\/strong>60\u00a0kms<\/p>\n<hr \/>\n<p><strong>Nivel: <span style=\"color: #ff9900;\">Intermedio<\/span><\/strong><\/p>\n<hr \/>\n<p><strong>Lugar Salida: <\/strong>Plaza<\/p>\n<hr \/>\n<p><strong>Gu\u00eda de ruta: <\/strong>\u00d3scar Iraola<\/p>\n<hr \/>\n<p><strong>Recorrido: <\/strong><span style=\"color: #ff0000;\"><a style=\"color: #ff0000;\" href=\"https:\/\/es.wikiloc.com\/rutas-mountain-bike\/club-ciclista-bandidos-de-teatinos-ruta-06-2023-136982866\">Ver ruta en wikiloc<\/a><\/span><\/p>\n<hr \/>\n<p><strong>Fotos de la ruta: <\/strong><span style=\"color: #ff0000;\"><a style=\"color: #ff0000;\" href=\"https:\/\/clubciclistabandidosteatinos.com\/ruta-06-2023\/\">Ver fotos<\/a><\/span><\/p>\n<hr \/>\n<p>No eres socio del club, pero quieres acompa\u00f1arnos en esta ruta. S\u00f3lo tienes que rellenar este <span style=\"color: #ff0000;\"><a style=\"color: #ff0000;\" href=\"https:\/\/clubciclistabandidosteatinos.com\/asistencia-rutas-no-socios\/\">formulario<\/a><\/span><\/p>\n<hr \/>\n<hr class=\"Linea_Separadora\" \/>\n<h5 style=\"text-align: center; font-size: 30px;\"><strong>JULIO<\/strong><\/h5>\n<h3><span style=\"color: #008000;\"><strong>Actividad N\u00ba7 (RUTA)<\/strong><\/span><\/h3>\n<hr \/>\n<p><strong>Fecha: 9 de Julio a las 8:00 horas<\/strong><\/p>\n<hr \/>\n<p><strong>Nombre: <\/strong>Marat\u00f3n Teatinos Epic<\/p>\n<hr \/>\n<p><strong>Disciplina:<\/strong> <span style=\"color: #000000;\"><strong>RUTA BTT\u00a0<\/strong><\/span><\/p>\n<hr \/>\n<p><strong>Distancia: <\/strong>49\u00a0kms<\/p>\n<hr \/>\n<p><strong>Nivel: <span style=\"color: #ff0000;\">Avanzado<\/span><\/strong><\/p>\n<hr \/>\n<p><strong>Lugar Salida: <\/strong>Plaza<\/p>\n<hr \/>\n<p><strong>Gu\u00eda de ruta: <\/strong>Ra\u00fal Ortega<\/p>\n<hr \/>\n<p><strong>Recorrido: <\/strong><span style=\"color: #ff0000;\"><a style=\"color: #ff0000;\" href=\"https:\/\/es.wikiloc.com\/rutas-mountain-bike\/club-ciclista-bandidos-de-teatinos-ruta-07-2023-139353270\">Ver ruta en wikiloc<\/a><\/span><\/p>\n<hr \/>\n<p><strong>Fotos de la ruta: <\/strong><span style=\"color: #ff0000;\"><a style=\"color: #ff0000;\" href=\"https:\/\/clubciclistabandidosteatinos.com\/ruta-07-2023\/\">Ver fotos<\/a><\/span><\/p>\n<hr \/>\n<p>No eres socio del club, pero quieres acompa\u00f1arnos en esta ruta. S\u00f3lo tienes que rellenar este <span style=\"color: #ff0000;\"><a style=\"color: #ff0000;\" href=\"https:\/\/clubciclistabandidosteatinos.com\/asistencia-rutas-no-socios\/\">formulario<\/a><\/span>.<\/p>\n<hr \/>\n<hr class=\"Linea_Separadora\" \/>\n<h5 style=\"text-align: center; font-size: 30px;\"><strong>AGOSTO<\/strong><\/h5>\n<h3><span style=\"color: #008000;\"><strong>Actividad N\u00ba8 (RUTA)<\/strong><\/span><\/h3>\n<hr \/>\n<p><strong>Fecha: 4 de Agosto a las 21:30 horas<\/strong><\/p>\n<hr \/>\n<p><strong>Nombre: <\/strong>Teatinos-Ermita Virgen de la Cabeza-Teatinos<\/p>\n<hr \/>\n<p><strong>Disciplina:<\/strong> <span style=\"color: #000000;\"><strong>RUTA BTT NOC<\/strong><\/span><span style=\"color: #000000;\"><strong>TURNA<\/strong><\/span><\/p>\n<hr \/>\n<p><strong>Distancia: <\/strong>33 kms<\/p>\n<hr \/>\n<p><strong>Nivel: <span style=\"color: #008000;\">Iniciaci\u00f3n<\/span><\/strong><\/p>\n<hr \/>\n<p><strong>Lugar Salida: <\/strong>Plaza<\/p>\n<hr \/>\n<p><strong>Gu\u00eda de ruta: <\/strong><del>Ra\u00fal Ortega<\/del> Ra\u00fal Ruiz<\/p>\n<hr \/>\n<p><strong>Recorrido: <\/strong><span style=\"color: #ff0000;\"><a style=\"color: #ff0000;\" href=\"https:\/\/es.wikiloc.com\/rutas-mountain-bike\/club-ciclista-bandidos-de-teatinos-ruta-08-2023-nocturna-142243618\">Ver recorrido en wikiloc<\/a><\/span><\/p>\n<hr \/>\n<p><strong>Fotos de la ruta: <\/strong><span style=\"color: #ff0000;\"><a style=\"color: #ff0000;\" href=\"https:\/\/clubciclistabandidosteatinos.com\/ruta-08-2023\/\">Ver fotos<\/a><\/span><\/p>\n<hr \/>\n<p>No eres socio del club, pero quieres acompa\u00f1arnos en esta ruta. S\u00f3lo tienes que rellenar este <span style=\"color: #ff0000;\"><a style=\"color: #ff0000;\" href=\"https:\/\/clubciclistabandidosteatinos.com\/asistencia-rutas-no-socios\/\">formulario<\/a><\/span><\/p>\n<hr \/>\n<p><strong>IMPORTANTE: Para poder participar en esta ruta, adem\u00e1s de lo indicado en el reglamento de rutas oficiales que puedes ver en el apartado CLUB de esta misma p\u00e1gina web, hay que traer un foco lo suficientemente potente para poder circular de noche con la bici.<\/strong><\/p>\n<hr \/>\n<hr class=\"Linea_Separadora\" \/>\n<h5 style=\"text-align: center; font-size: 30px;\"><strong>SEPTIEMBRE<\/strong><\/h5>\n<h3><span style=\"color: #008000;\"><strong>Actividad N\u00ba9 (RUTA) &#8211; <\/strong><\/span><strong><span style=\"color: #ff0000;\">(Suspendida)<\/span><\/strong><\/h3>\n<hr \/>\n<p><strong>Fecha: 24 de Septiembre a las 9:00 horas<\/strong><\/p>\n<hr \/>\n<p><strong>Nombre: <\/strong>Teatinos-Munera-Teatinos<\/p>\n<hr \/>\n<p><strong>Disciplina:<\/strong> <span style=\"color: #000000;\"><strong>RUTA CARRETERA<\/strong><\/span><\/p>\n<hr \/>\n<p><strong>Distancia: <\/strong>102 kms<\/p>\n<hr \/>\n<p><strong>Nivel:<span style=\"color: #ff9900;\"> Intermedio<\/span><\/strong><\/p>\n<hr \/>\n<p><strong>Velocidad media prevista:<\/strong> De 27km\/h a 30km\/h<\/p>\n<hr \/>\n<p><strong>Lugar Salida: <\/strong>Plaza<\/p>\n<hr \/>\n<p><strong>Gu\u00eda de ruta: <\/strong>Ra\u00fal Ortega<\/p>\n<hr \/>\n<p><strong>Coche de apoyo:<\/strong> S\u00ed<\/p>\n<hr \/>\n<p><strong>Recorrido: <\/strong><span style=\"color: #ff0000;\"><a style=\"color: #ff0000;\" href=\"https:\/\/es.wikiloc.com\/rutas-ciclismo\/club-ciclista-bandidos-de-teatinos-ruta-09-2023-147627945\">Ver ruta en wikiloc<\/a><\/span><\/p>\n<hr \/>\n<p><strong>Fotos de la ruta:\u00a0<\/strong><\/p>\n<hr \/>\n<p><strong>IMPORTANTE: Esta ruta es exclusiva para socios del Club.<\/strong><\/p>\n<hr \/>\n<hr class=\"Linea_Separadora\" \/>\n<h5 style=\"text-align: center; font-size: 30px;\"><strong>OCTUBRE<\/strong><\/h5>\n<h3><span style=\"color: #008000;\"><strong>Actividad N\u00ba10 (RUTA)<\/strong><\/span><\/h3>\n<hr \/>\n<p><strong>Fecha: 29 de Octubre a las 9:30 horas<\/strong><\/p>\n<hr \/>\n<p><strong>Nombre: <\/strong>Teatinos-Castillo de Rus-Teatinos<\/p>\n<hr \/>\n<p><strong>Disciplina:<\/strong> <span style=\"color: #000000;\"><strong>RUTA BTT<\/strong><\/span><\/p>\n<hr \/>\n<p><strong>Distancia: <\/strong>44 kms<\/p>\n<hr \/>\n<p><strong>Nivel: <span style=\"color: #008000;\">Iniciaci\u00f3n<\/span><\/strong><\/p>\n<hr \/>\n<p><strong>Lugar Salida: <\/strong>Plaza<\/p>\n<hr \/>\n<p><strong>Gu\u00eda de ruta: <\/strong>Ra\u00fal Ortega<\/p>\n<hr \/>\n<p><strong>Recorrido: <\/strong><span style=\"color: #ff0000;\"><a style=\"color: #ff0000;\" href=\"https:\/\/es.wikiloc.com\/rutas-mountain-bike\/club-ciclista-bandidos-de-teatinos-ruta-castillo-de-rus-46204466\">Ver ruta en wikiloc<\/a><\/span><\/p>\n<hr \/>\n<p><strong>Fotos de la ruta: <\/strong><span style=\"color: #ff0000;\"><a style=\"color: #ff0000;\" href=\"https:\/\/clubciclistabandidosteatinos.com\/ruta-10-2023\/\">Ver fotos<\/a><\/span><\/p>\n<hr \/>\n<p>No eres socio del club, pero quieres acompa\u00f1arnos en esta ruta. S\u00f3lo tienes que rellenar este <span style=\"color: #ff0000;\"><a style=\"color: #ff0000;\" href=\"https:\/\/clubciclistabandidosteatinos.com\/asistencia-rutas-no-socios\/\">formulario<\/a><\/span><\/p>\n<hr \/>\n<hr class=\"Linea_Separadora\" \/>\n<h5 style=\"text-align: center; font-size: 30px;\"><strong>NOVIEMBRE<\/strong><\/h5>\n<h3><span style=\"color: #008000;\"><strong>Actividad N\u00ba11 (RUTA)<\/strong><\/span><\/h3>\n<hr \/>\n<p><strong>Fecha: 19 de Noviembre a las 9:30 horas<\/strong><\/p>\n<hr \/>\n<p><strong>Nombre: <\/strong>Teatinos \u2013 Pozoamargo-Sisante-Vara de Rey \u2013 Teatinos<\/p>\n<hr \/>\n<p><strong>Disciplina:<\/strong> <span style=\"color: #000000;\"><strong>RUTA BTT<\/strong><\/span><\/p>\n<hr \/>\n<p><strong>Distancia: <\/strong>44 kms<\/p>\n<hr \/>\n<p><strong>Nivel: <span style=\"color: #008000;\">Iniciaci\u00f3n<\/span><\/strong><\/p>\n<hr \/>\n<p><strong>Lugar Salida: <\/strong>Plaza<\/p>\n<hr \/>\n<p><strong>Gu\u00eda de ruta: <\/strong>\u00d3scar Iraola<\/p>\n<hr \/>\n<p><strong>Recorrido: <\/strong><span style=\"color: #ff0000;\"><a style=\"color: #ff0000;\" href=\"https:\/\/es.wikiloc.com\/rutas-mountain-bike\/club-ciclista-bandidos-de-teatinos-ruta-11-2023-152477819\">Ver ruta en wikiloc<\/a><\/span><\/p>\n<hr \/>\n<p><strong>Fotos de la ruta: <\/strong><span style=\"color: #ff0000;\"><a style=\"color: #ff0000;\" href=\"https:\/\/clubciclistabandidosteatinos.com\/ruta-11-2013\/\">Ver fotos<\/a><\/span><\/p>\n<hr \/>\n<p>No eres socio del club, pero quieres acompa\u00f1arnos en esta ruta. S\u00f3lo tienes que rellenar este <span style=\"color: #ff0000;\"><a style=\"color: #ff0000;\" href=\"https:\/\/clubciclistabandidosteatinos.com\/asistencia-rutas-no-socios\/\">formulario<\/a><\/span><\/p>\n<hr \/>\n<hr class=\"Linea_Separadora\" \/>\n<h5 style=\"text-align: center; font-size: 30px;\"><strong>DICIEMBRE<\/strong><\/h5>\n<h3><span style=\"color: #008000;\"><strong>Actividad N\u00ba12 (RUTA)<\/strong><\/span><\/h3>\n<hr \/>\n<p><strong>Fecha: 3 de Diciembre a las 9:30 horas<\/strong><\/p>\n<hr \/>\n<p><strong>Nombre: <\/strong>Teatinos \u2013 La Pina \u2013 Vara de Rey &#8211; Teatinos<\/p>\n<hr \/>\n<p><strong>Disciplina:<\/strong> <span style=\"color: #000000;\"><strong>RUTA BTT<\/strong><\/span><\/p>\n<hr \/>\n<p><strong>Distancia: <\/strong>43 kms<\/p>\n<hr \/>\n<p><strong>Nivel: <span style=\"color: #008000;\">Iniciaci\u00f3n<\/span><\/strong><\/p>\n<hr \/>\n<p><strong>Lugar Salida: <\/strong>Plaza<\/p>\n<hr \/>\n<p><strong>Gu\u00eda de ruta: <\/strong>Ra\u00fal Ortega<\/p>\n<hr \/>\n<p><strong>Recorrido: <\/strong><span style=\"color: #ff0000;\"><a style=\"color: #ff0000;\" href=\"https:\/\/es.wikiloc.com\/rutas-mountain-bike\/club-ciclista-bandidos-de-teatinos-ruta-12-2023-154394515\">Ver ruta en wikiloc<\/a><\/span><\/p>\n<hr \/>\n<p><strong>Fotos de la ruta: <\/strong><span style=\"color: #ff0000;\"><a style=\"color: #ff0000;\" href=\"https:\/\/clubciclistabandidosteatinos.com\/ruta-12-2023\/\">Ver fotos<\/a><\/span><\/p>\n<hr \/>\n<p>No eres socio del club, pero quieres acompa\u00f1arnos en esta ruta. S\u00f3lo tienes que rellenar este <span style=\"color: #ff0000;\"><a style=\"color: #ff0000;\" href=\"https:\/\/clubciclistabandidosteatinos.com\/asistencia-rutas-no-socios\/\">formulario<\/a><\/span><\/p>\n<hr \/>\n<h3><span style=\"color: #008000;\"><strong>Actividad N\u00ba13 (CENA)<\/strong><\/span><\/h3>\n<hr \/>\n<p><strong>Fecha: 16 de Diciembre a las 20:30<\/strong><\/p>\n<hr \/>\n<p><strong>Nombre:<\/strong> Comida\/Cena de Navidad<\/p>\n<hr \/>\n<p><strong>Lugar: <\/strong>Bar La Parada<\/p>\n<hr \/>\n<p><strong>Direcci\u00f3n: <\/strong>C\/ El Calvario, 30<\/p>\n<hr \/>\n<h5 style=\"text-align: center; font-size: 30px;\"><\/h5>\n","protected":false},"excerpt":{"rendered":"<p>KIL\u00d3METROS TOTALES:\u00a0 684 kms Si necesitas saber como se establece el nivel de dificultad de cada ruta (Iniciaci\u00f3n, Intermedio \u00f3 Avanzado) y as\u00ed asegurarte que tu nivel es suficiente para participar en cada una de las rutas, pulsa en la imagen inferior. ENERO Actividad N\u00ba1 (RUTA)\u00a0 Fecha: 22 de Enero a las 10:00 horas Nombre: [&hellip;]<\/p>\n","protected":false},"author":1,"featured_media":0,"parent":0,"menu_order":0,"comment_status":"closed","ping_status":"closed","template":"","meta":{"footnotes":""},"class_list":["post-10040","page","type-page","status-publish","hentry"],"_links":{"self":[{"href":"https:\/\/clubciclistabandidosteatinos.com\/en\/wp-json\/wp\/v2\/pages\/10040","targetHints":{"allow":["GET"]}}],"collection":[{"href":"https:\/\/clubciclistabandidosteatinos.com\/en\/wp-json\/wp\/v2\/pages"}],"about":[{"href":"https:\/\/clubciclistabandidosteatinos.com\/en\/wp-json\/wp\/v2\/types\/page"}],"author":[{"embeddable":true,"href":"https:\/\/clubciclistabandidosteatinos.com\/en\/wp-json\/wp\/v2\/users\/1"}],"replies":[{"embeddable":true,"href":"https:\/\/clubciclistabandidosteatinos.com\/en\/wp-json\/wp\/v2\/comments?post=10040"}],"version-history":[{"count":48,"href":"https:\/\/clubciclistabandidosteatinos.com\/en\/wp-json\/wp\/v2\/pages\/10040\/revisions"}],"predecessor-version":[{"id":10642,"href":"https:\/\/clubciclistabandidosteatinos.com\/en\/wp-json\/wp\/v2\/pages\/10040\/revisions\/10642"}],"wp:attachment":[{"href":"https:\/\/clubciclistabandidosteatinos.com\/en\/wp-json\/wp\/v2\/media?parent=10040"}],"curies":[{"name":"wp","href":"https:\/\/api.w.org\/{rel}","templated":true}]}}